{"id":26430,"date":"2020-09-04T23:01:52","date_gmt":"2020-09-04T23:01:52","guid":{"rendered":"https:\/\/basakcilastik.com.tr\/?post_type=product&#038;p=26430"},"modified":"2020-09-04T23:01:53","modified_gmt":"2020-09-04T23:01:53","slug":"konig-23-00-jumbo","status":"publish","type":"product","link":"http:\/\/basakcilastik.com.tr\/?product=konig-23-00-jumbo","title":{"rendered":"K\u00d6N\u0130G 23 00 JUMBO"},"content":{"rendered":"<p><strong>\u00d6ZELL\u0130KLER<\/strong><\/p>\n<table width=\"555\">\n<tbody>\n<tr>\n<td><strong>\u00dcr\u00fcn Kodu<\/strong><\/td>\n<td>23 00<\/td>\n<\/tr>\n<tr>\n<td>Jant \u00c7ap\u0131<\/td>\n<td>10&#8243;-24&#8243;<\/td>\n<\/tr>\n<tr>\n<td>Jant Tipi<\/td>\n<td>Ala\u015f\u0131ml\u0131\/Sac<\/td>\n<\/tr>\n<tr>\n<td>Dayama Tipi<\/td>\n<td>B\u00fcy\u00fck<\/td>\n<\/tr>\n<tr>\n<td>Torna Tipi<\/td>\n<td>Kayar<\/td>\n<\/tr>\n<tr>\n<td>Motor Tipi<\/td>\n<td>Red\u00fckt\u00f6rl\u00fc<\/td>\n<\/tr>\n<tr>\n<td>Motor D\u00f6n\u00fc\u015f H\u0131z\u0131<\/td>\n<td>98 Rpm<\/td>\n<\/tr>\n<tr>\n<td>\u00dcr\u00fcn \u00d6l\u00e7\u00fcleri (mm)<\/td>\n<td>1425x912x1653<\/td>\n<\/tr>\n<tr>\n<td>Net A\u011f\u0131rl\u0131k<\/td>\n<td>330 Kg<\/td>\n<\/tr>\n<\/tbody>\n<\/table>\n<p>&nbsp;<\/p>\n","protected":false},"excerpt":{"rendered":"<p>\u00d6ZELL\u0130KLER \u00dcr\u00fcn Kodu 23 00 Jant \u00c7ap\u0131 10&#8243;-24&#8243; Jant Tipi Ala\u015f\u0131ml\u0131\/Sac Dayama Tipi B\u00fcy\u00fck Torna Tipi Kayar Motor Tipi Red\u00fckt\u00f6rl\u00fc Motor D\u00f6n\u00fc\u015f H\u0131z\u0131 98 Rpm \u00dcr\u00fcn \u00d6l\u00e7\u00fcleri (mm) 1425x912x1653 Net A\u011f\u0131rl\u0131k 330 Kg &nbsp;<\/p>\n","protected":false},"featured_media":26433,"comment_status":"open","ping_status":"closed","template":"","meta":[],"product_brand":[],"product_cat":[15,32,31],"product_tag":[],"class_list":{"0":"post-26430","1":"product","2":"type-product","3":"status-publish","4":"has-post-thumbnail","6":"product_cat-genel","7":"product_cat-jant-duzeltme-makinalari","8":"product_cat-jant-duzetlme-makinalari","10":"first","11":"instock","12":"shipping-taxable","13":"product-type-simple"},"_links":{"self":[{"href":"http:\/\/basakcilastik.com.tr\/index.php?rest_route=\/wp\/v2\/product\/26430","targetHints":{"allow":["GET"]}}],"collection":[{"href":"http:\/\/basakcilastik.com.tr\/index.php?rest_route=\/wp\/v2\/product"}],"about":[{"href":"http:\/\/basakcilastik.com.tr\/index.php?rest_route=\/wp\/v2\/types\/product"}],"replies":[{"embeddable":true,"href":"http:\/\/basakcilastik.com.tr\/index.php?rest_route=%2Fwp%2Fv2%2Fcomments&post=26430"}],"wp:featuredmedia":[{"embeddable":true,"href":"http:\/\/basakcilastik.com.tr\/index.php?rest_route=\/wp\/v2\/media\/26433"}],"wp:attachment":[{"href":"http:\/\/basakcilastik.com.tr\/index.php?rest_route=%2Fwp%2Fv2%2Fmedia&parent=26430"}],"wp:term":[{"taxonomy":"product_brand","embeddable":true,"href":"http:\/\/basakcilastik.com.tr\/index.php?rest_route=%2Fwp%2Fv2%2Fproduct_brand&post=26430"},{"taxonomy":"product_cat","embeddable":true,"href":"http:\/\/basakcilastik.com.tr\/index.php?rest_route=%2Fwp%2Fv2%2Fproduct_cat&post=26430"},{"taxonomy":"product_tag","embeddable":true,"href":"http:\/\/basakcilastik.com.tr\/index.php?rest_route=%2Fwp%2Fv2%2Fproduct_tag&post=26430"}],"curies":[{"name":"wp","href":"https:\/\/api.w.org\/{rel}","templated":true}]}}