{"id":26428,"date":"2020-09-04T23:01:11","date_gmt":"2020-09-04T23:01:11","guid":{"rendered":"https:\/\/basakcilastik.com.tr\/?post_type=product&#038;p=26428"},"modified":"2020-09-04T23:01:13","modified_gmt":"2020-09-04T23:01:13","slug":"junior-s","status":"publish","type":"product","link":"http:\/\/basakcilastik.com.tr\/?product=junior-s","title":{"rendered":"JUNIOR S"},"content":{"rendered":"<p><strong>\u00d6ZELL\u0130KLER<\/strong><\/p>\n<table width=\"555\">\n<tbody>\n<tr>\n<td><strong>\u00dcr\u00fcn Kodu<\/strong><\/td>\n<td>14S 00<\/td>\n<\/tr>\n<tr>\n<td>Dayama Tipi<\/td>\n<td>B\u00fcy\u00fck<\/td>\n<\/tr>\n<tr>\n<td>Torna Tipi<\/td>\n<td>Yok<\/td>\n<\/tr>\n<tr>\n<td>Motor Tipi<\/td>\n<td>Yok<\/td>\n<\/tr>\n<tr>\n<td>\u00dcr\u00fcn \u00d6l\u00e7\u00fcleri(mm)<\/td>\n<td>1233x430x1624<\/td>\n<\/tr>\n<\/tbody>\n<\/table>\n<p>&nbsp;<\/p>\n","protected":false},"excerpt":{"rendered":"<p>\u00d6ZELL\u0130KLER \u00dcr\u00fcn Kodu 14S 00 Dayama Tipi B\u00fcy\u00fck Torna Tipi Yok Motor Tipi Yok \u00dcr\u00fcn \u00d6l\u00e7\u00fcleri(mm) 1233x430x1624 &nbsp;<\/p>\n","protected":false},"featured_media":26431,"comment_status":"open","ping_status":"closed","template":"","meta":[],"product_brand":[],"product_cat":[15,32,31],"product_tag":[],"class_list":{"0":"post-26428","1":"product","2":"type-product","3":"status-publish","4":"has-post-thumbnail","6":"product_cat-genel","7":"product_cat-jant-duzeltme-makinalari","8":"product_cat-jant-duzetlme-makinalari","10":"first","11":"instock","12":"shipping-taxable","13":"product-type-simple"},"_links":{"self":[{"href":"http:\/\/basakcilastik.com.tr\/index.php?rest_route=\/wp\/v2\/product\/26428","targetHints":{"allow":["GET"]}}],"collection":[{"href":"http:\/\/basakcilastik.com.tr\/index.php?rest_route=\/wp\/v2\/product"}],"about":[{"href":"http:\/\/basakcilastik.com.tr\/index.php?rest_route=\/wp\/v2\/types\/product"}],"replies":[{"embeddable":true,"href":"http:\/\/basakcilastik.com.tr\/index.php?rest_route=%2Fwp%2Fv2%2Fcomments&post=26428"}],"wp:featuredmedia":[{"embeddable":true,"href":"http:\/\/basakcilastik.com.tr\/index.php?rest_route=\/wp\/v2\/media\/26431"}],"wp:attachment":[{"href":"http:\/\/basakcilastik.com.tr\/index.php?rest_route=%2Fwp%2Fv2%2Fmedia&parent=26428"}],"wp:term":[{"taxonomy":"product_brand","embeddable":true,"href":"http:\/\/basakcilastik.com.tr\/index.php?rest_route=%2Fwp%2Fv2%2Fproduct_brand&post=26428"},{"taxonomy":"product_cat","embeddable":true,"href":"http:\/\/basakcilastik.com.tr\/index.php?rest_route=%2Fwp%2Fv2%2Fproduct_cat&post=26428"},{"taxonomy":"product_tag","embeddable":true,"href":"http:\/\/basakcilastik.com.tr\/index.php?rest_route=%2Fwp%2Fv2%2Fproduct_tag&post=26428"}],"curies":[{"name":"wp","href":"https:\/\/api.w.org\/{rel}","templated":true}]}}