{"id":26424,"date":"2020-09-04T22:59:54","date_gmt":"2020-09-04T22:59:54","guid":{"rendered":"https:\/\/basakcilastik.com.tr\/?post_type=product&#038;p=26424"},"modified":"2020-09-04T22:59:55","modified_gmt":"2020-09-04T22:59:55","slug":"elektrikli-jant-isiticisi","status":"publish","type":"product","link":"http:\/\/basakcilastik.com.tr\/?product=elektrikli-jant-isiticisi","title":{"rendered":"ELEKTR\u0130KL\u0130 JANT ISITICISI"},"content":{"rendered":"<p>ELEKTR\u0130KL\u0130 JANT ISITICISI<\/p>\n","protected":false},"excerpt":{"rendered":"<p>ELEKTR\u0130KL\u0130 JANT ISITICISI<\/p>\n","protected":false},"featured_media":26427,"comment_status":"open","ping_status":"closed","template":"","meta":[],"product_brand":[],"product_cat":[15,32,31],"product_tag":[],"class_list":{"0":"post-26424","1":"product","2":"type-product","3":"status-publish","4":"has-post-thumbnail","6":"product_cat-genel","7":"product_cat-jant-duzeltme-makinalari","8":"product_cat-jant-duzetlme-makinalari","10":"first","11":"instock","12":"shipping-taxable","13":"product-type-simple"},"_links":{"self":[{"href":"http:\/\/basakcilastik.com.tr\/index.php?rest_route=\/wp\/v2\/product\/26424","targetHints":{"allow":["GET"]}}],"collection":[{"href":"http:\/\/basakcilastik.com.tr\/index.php?rest_route=\/wp\/v2\/product"}],"about":[{"href":"http:\/\/basakcilastik.com.tr\/index.php?rest_route=\/wp\/v2\/types\/product"}],"replies":[{"embeddable":true,"href":"http:\/\/basakcilastik.com.tr\/index.php?rest_route=%2Fwp%2Fv2%2Fcomments&post=26424"}],"wp:featuredmedia":[{"embeddable":true,"href":"http:\/\/basakcilastik.com.tr\/index.php?rest_route=\/wp\/v2\/media\/26427"}],"wp:attachment":[{"href":"http:\/\/basakcilastik.com.tr\/index.php?rest_route=%2Fwp%2Fv2%2Fmedia&parent=26424"}],"wp:term":[{"taxonomy":"product_brand","embeddable":true,"href":"http:\/\/basakcilastik.com.tr\/index.php?rest_route=%2Fwp%2Fv2%2Fproduct_brand&post=26424"},{"taxonomy":"product_cat","embeddable":true,"href":"http:\/\/basakcilastik.com.tr\/index.php?rest_route=%2Fwp%2Fv2%2Fproduct_cat&post=26424"},{"taxonomy":"product_tag","embeddable":true,"href":"http:\/\/basakcilastik.com.tr\/index.php?rest_route=%2Fwp%2Fv2%2Fproduct_tag&post=26424"}],"curies":[{"name":"wp","href":"https:\/\/api.w.org\/{rel}","templated":true}]}}