{"id":26416,"date":"2020-09-04T22:57:01","date_gmt":"2020-09-04T22:57:01","guid":{"rendered":"https:\/\/basakcilastik.com.tr\/?post_type=product&#038;p=26416"},"modified":"2020-09-04T22:57:02","modified_gmt":"2020-09-04T22:57:02","slug":"solarli-flasor-lamba","status":"publish","type":"product","link":"http:\/\/basakcilastik.com.tr\/?product=solarli-flasor-lamba","title":{"rendered":"SOLARLI FLA\u015e\u00d6R LAMBA"},"content":{"rendered":"<p>SOLARLI FLA\u015e\u00d6R LAMBA<\/p>\n","protected":false},"excerpt":{"rendered":"<p>SOLARLI FLA\u015e\u00d6R LAMBA<\/p>\n","protected":false},"featured_media":26419,"comment_status":"open","ping_status":"closed","template":"","meta":[],"product_brand":[],"product_cat":[15,155,163],"product_tag":[],"class_list":{"0":"post-26416","1":"product","2":"type-product","3":"status-publish","4":"has-post-thumbnail","6":"product_cat-genel","7":"product_cat-is-guvenligi","8":"product_cat-trafikte-koruyucu-ekipmanlar","10":"first","11":"instock","12":"shipping-taxable","13":"product-type-simple"},"_links":{"self":[{"href":"http:\/\/basakcilastik.com.tr\/index.php?rest_route=\/wp\/v2\/product\/26416","targetHints":{"allow":["GET"]}}],"collection":[{"href":"http:\/\/basakcilastik.com.tr\/index.php?rest_route=\/wp\/v2\/product"}],"about":[{"href":"http:\/\/basakcilastik.com.tr\/index.php?rest_route=\/wp\/v2\/types\/product"}],"replies":[{"embeddable":true,"href":"http:\/\/basakcilastik.com.tr\/index.php?rest_route=%2Fwp%2Fv2%2Fcomments&post=26416"}],"wp:featuredmedia":[{"embeddable":true,"href":"http:\/\/basakcilastik.com.tr\/index.php?rest_route=\/wp\/v2\/media\/26419"}],"wp:attachment":[{"href":"http:\/\/basakcilastik.com.tr\/index.php?rest_route=%2Fwp%2Fv2%2Fmedia&parent=26416"}],"wp:term":[{"taxonomy":"product_brand","embeddable":true,"href":"http:\/\/basakcilastik.com.tr\/index.php?rest_route=%2Fwp%2Fv2%2Fproduct_brand&post=26416"},{"taxonomy":"product_cat","embeddable":true,"href":"http:\/\/basakcilastik.com.tr\/index.php?rest_route=%2Fwp%2Fv2%2Fproduct_cat&post=26416"},{"taxonomy":"product_tag","embeddable":true,"href":"http:\/\/basakcilastik.com.tr\/index.php?rest_route=%2Fwp%2Fv2%2Fproduct_tag&post=26416"}],"curies":[{"name":"wp","href":"https:\/\/api.w.org\/{rel}","templated":true}]}}