{"id":26410,"date":"2020-09-04T22:55:02","date_gmt":"2020-09-04T22:55:02","guid":{"rendered":"https:\/\/basakcilastik.com.tr\/?post_type=product&#038;p=26410"},"modified":"2020-09-04T22:55:03","modified_gmt":"2020-09-04T22:55:03","slug":"is-guvenligine-uygun-ilk-yardim-set","status":"publish","type":"product","link":"http:\/\/basakcilastik.com.tr\/?product=is-guvenligine-uygun-ilk-yardim-set","title":{"rendered":"\u0130\u015e G\u00dcVENL\u0130\u011e\u0130NE UYGUN \u0130LK YARDIM SET"},"content":{"rendered":"<p>\u0130\u015e G\u00dcVENL\u0130\u011e\u0130NE UYGUN \u0130LK YARDIM SET<\/p>\n","protected":false},"excerpt":{"rendered":"<p>\u0130\u015e G\u00dcVENL\u0130\u011e\u0130NE UYGUN \u0130LK YARDIM SET<\/p>\n","protected":false},"featured_media":26413,"comment_status":"open","ping_status":"closed","template":"","meta":[],"product_brand":[],"product_cat":[15,155,163],"product_tag":[],"class_list":{"0":"post-26410","1":"product","2":"type-product","3":"status-publish","4":"has-post-thumbnail","6":"product_cat-genel","7":"product_cat-is-guvenligi","8":"product_cat-trafikte-koruyucu-ekipmanlar","10":"first","11":"instock","12":"shipping-taxable","13":"product-type-simple"},"_links":{"self":[{"href":"http:\/\/basakcilastik.com.tr\/index.php?rest_route=\/wp\/v2\/product\/26410","targetHints":{"allow":["GET"]}}],"collection":[{"href":"http:\/\/basakcilastik.com.tr\/index.php?rest_route=\/wp\/v2\/product"}],"about":[{"href":"http:\/\/basakcilastik.com.tr\/index.php?rest_route=\/wp\/v2\/types\/product"}],"replies":[{"embeddable":true,"href":"http:\/\/basakcilastik.com.tr\/index.php?rest_route=%2Fwp%2Fv2%2Fcomments&post=26410"}],"wp:featuredmedia":[{"embeddable":true,"href":"http:\/\/basakcilastik.com.tr\/index.php?rest_route=\/wp\/v2\/media\/26413"}],"wp:attachment":[{"href":"http:\/\/basakcilastik.com.tr\/index.php?rest_route=%2Fwp%2Fv2%2Fmedia&parent=26410"}],"wp:term":[{"taxonomy":"product_brand","embeddable":true,"href":"http:\/\/basakcilastik.com.tr\/index.php?rest_route=%2Fwp%2Fv2%2Fproduct_brand&post=26410"},{"taxonomy":"product_cat","embeddable":true,"href":"http:\/\/basakcilastik.com.tr\/index.php?rest_route=%2Fwp%2Fv2%2Fproduct_cat&post=26410"},{"taxonomy":"product_tag","embeddable":true,"href":"http:\/\/basakcilastik.com.tr\/index.php?rest_route=%2Fwp%2Fv2%2Fproduct_tag&post=26410"}],"curies":[{"name":"wp","href":"https:\/\/api.w.org\/{rel}","templated":true}]}}