{"id":26395,"date":"2020-09-04T22:49:32","date_gmt":"2020-09-04T22:49:32","guid":{"rendered":"https:\/\/basakcilastik.com.tr\/?post_type=product&#038;p=26395"},"modified":"2020-09-04T22:49:33","modified_gmt":"2020-09-04T22:49:33","slug":"eratool-parasut-tipi-emniyet-kemeri-karabinali","status":"publish","type":"product","link":"http:\/\/basakcilastik.com.tr\/?product=eratool-parasut-tipi-emniyet-kemeri-karabinali","title":{"rendered":"ERATOOL PARA\u015e\u00dcT T\u0130P\u0130 EMN\u0130YET KEMER\u0130 KARAB\u0130NALI"},"content":{"rendered":"<p>ERATOOL PARA\u015e\u00dcT T\u0130P\u0130 EMN\u0130YET KEMER\u0130 KARAB\u0130NALI<\/p>\n","protected":false},"excerpt":{"rendered":"<p>ERATOOL PARA\u015e\u00dcT T\u0130P\u0130 EMN\u0130YET KEMER\u0130 KARAB\u0130NALI<\/p>\n","protected":false},"featured_media":26398,"comment_status":"open","ping_status":"closed","template":"","meta":[],"product_brand":[],"product_cat":[15,155,163],"product_tag":[],"class_list":{"0":"post-26395","1":"product","2":"type-product","3":"status-publish","4":"has-post-thumbnail","6":"product_cat-genel","7":"product_cat-is-guvenligi","8":"product_cat-trafikte-koruyucu-ekipmanlar","10":"first","11":"instock","12":"shipping-taxable","13":"product-type-simple"},"_links":{"self":[{"href":"http:\/\/basakcilastik.com.tr\/index.php?rest_route=\/wp\/v2\/product\/26395","targetHints":{"allow":["GET"]}}],"collection":[{"href":"http:\/\/basakcilastik.com.tr\/index.php?rest_route=\/wp\/v2\/product"}],"about":[{"href":"http:\/\/basakcilastik.com.tr\/index.php?rest_route=\/wp\/v2\/types\/product"}],"replies":[{"embeddable":true,"href":"http:\/\/basakcilastik.com.tr\/index.php?rest_route=%2Fwp%2Fv2%2Fcomments&post=26395"}],"wp:featuredmedia":[{"embeddable":true,"href":"http:\/\/basakcilastik.com.tr\/index.php?rest_route=\/wp\/v2\/media\/26398"}],"wp:attachment":[{"href":"http:\/\/basakcilastik.com.tr\/index.php?rest_route=%2Fwp%2Fv2%2Fmedia&parent=26395"}],"wp:term":[{"taxonomy":"product_brand","embeddable":true,"href":"http:\/\/basakcilastik.com.tr\/index.php?rest_route=%2Fwp%2Fv2%2Fproduct_brand&post=26395"},{"taxonomy":"product_cat","embeddable":true,"href":"http:\/\/basakcilastik.com.tr\/index.php?rest_route=%2Fwp%2Fv2%2Fproduct_cat&post=26395"},{"taxonomy":"product_tag","embeddable":true,"href":"http:\/\/basakcilastik.com.tr\/index.php?rest_route=%2Fwp%2Fv2%2Fproduct_tag&post=26395"}],"curies":[{"name":"wp","href":"https:\/\/api.w.org\/{rel}","templated":true}]}}