{"id":26391,"date":"2020-09-04T22:48:10","date_gmt":"2020-09-04T22:48:10","guid":{"rendered":"https:\/\/basakcilastik.com.tr\/?post_type=product&#038;p=26391"},"modified":"2020-09-04T22:48:11","modified_gmt":"2020-09-04T22:48:11","slug":"eagle-kaynak-maske-camlari-cesitleri","status":"publish","type":"product","link":"http:\/\/basakcilastik.com.tr\/?product=eagle-kaynak-maske-camlari-cesitleri","title":{"rendered":"Eagle Kaynak Maske Camlar\u0131 \u00c7e\u015fitleri"},"content":{"rendered":"<p><strong>\u00dcr\u00fcn Teknik Bilgileri<\/strong><\/p>\n<table width=\"800\">\n<tbody>\n<tr>\n<td width=\"149\"><strong>Model<\/strong><\/td>\n<td><strong>\u0130sim<\/strong><\/td>\n<td><strong>Cam\u0131n Boyutlar\u0131<\/strong><\/td>\n<td width=\"196\"><strong>Sand\u0131k Adeti<\/strong><\/td>\n<\/tr>\n<tr>\n<td><strong>DIN\u00a0 9<\/strong><\/td>\n<td><strong>MASKE CAMI\u00a0 777<\/strong><\/td>\n<td><strong>50X108X3<\/strong><\/td>\n<td><strong>600\u00a0 ADET<\/strong><\/td>\n<\/tr>\n<tr>\n<td><strong>DIN 11<\/strong><\/td>\n<td><strong>MASKE CAMI 787<\/strong><\/td>\n<td><strong>50X108X3<\/strong><\/td>\n<td><strong>600\u00a0 ADET<\/strong><\/td>\n<\/tr>\n<tr>\n<td><strong>DIN 13<\/strong><\/td>\n<td><strong>MASKE CAMI 888<\/strong><\/td>\n<td><strong>50X108X3<\/strong><\/td>\n<td><strong>600\u00a0 ADET<\/strong><\/td>\n<\/tr>\n<tr>\n<td><strong>DIN 9<\/strong><\/td>\n<td><strong>MASKE CAMI\u00a0 777<\/strong><\/td>\n<td><strong>80X110X3<\/strong><\/td>\n<td><strong>400 ADET<\/strong><\/td>\n<\/tr>\n<tr>\n<td><strong>DIN 11<\/strong><\/td>\n<td><strong>MASKE CAMI 787<\/strong><\/td>\n<td><strong>80X110X3<\/strong><\/td>\n<td><strong>400 ADET<\/strong><\/td>\n<\/tr>\n<tr>\n<td><strong>DIN 13<\/strong><\/td>\n<td><strong>MASKE CAMI 888<\/strong><\/td>\n<td><strong>80X110X3<\/strong><\/td>\n<td><strong>400 ADET<\/strong><\/td>\n<\/tr>\n<\/tbody>\n<\/table>\n<p>&nbsp;<\/p>\n","protected":false},"excerpt":{"rendered":"<p>\u00dcr\u00fcn Teknik Bilgileri Model \u0130sim Cam\u0131n Boyutlar\u0131 Sand\u0131k Adeti DIN\u00a0 9 MASKE CAMI\u00a0 777 50X108X3 600\u00a0 ADET DIN 11 MASKE CAMI 787 50X108X3 600\u00a0 ADET DIN 13 MASKE CAMI 888 50X108X3 600\u00a0 ADET DIN 9 MASKE CAMI\u00a0 777 80X110X3 400 ADET DIN 11 MASKE CAMI 787 80X110X3 400 ADET DIN 13 MASKE CAMI 888 80X110X3 400 ADET &nbsp;<\/p>\n","protected":false},"featured_media":26394,"comment_status":"open","ping_status":"closed","template":"","meta":[],"product_brand":[],"product_cat":[15,155,163],"product_tag":[],"class_list":{"0":"post-26391","1":"product","2":"type-product","3":"status-publish","4":"has-post-thumbnail","6":"product_cat-genel","7":"product_cat-is-guvenligi","8":"product_cat-trafikte-koruyucu-ekipmanlar","10":"first","11":"instock","12":"shipping-taxable","13":"product-type-simple"},"_links":{"self":[{"href":"http:\/\/basakcilastik.com.tr\/index.php?rest_route=\/wp\/v2\/product\/26391","targetHints":{"allow":["GET"]}}],"collection":[{"href":"http:\/\/basakcilastik.com.tr\/index.php?rest_route=\/wp\/v2\/product"}],"about":[{"href":"http:\/\/basakcilastik.com.tr\/index.php?rest_route=\/wp\/v2\/types\/product"}],"replies":[{"embeddable":true,"href":"http:\/\/basakcilastik.com.tr\/index.php?rest_route=%2Fwp%2Fv2%2Fcomments&post=26391"}],"wp:featuredmedia":[{"embeddable":true,"href":"http:\/\/basakcilastik.com.tr\/index.php?rest_route=\/wp\/v2\/media\/26394"}],"wp:attachment":[{"href":"http:\/\/basakcilastik.com.tr\/index.php?rest_route=%2Fwp%2Fv2%2Fmedia&parent=26391"}],"wp:term":[{"taxonomy":"product_brand","embeddable":true,"href":"http:\/\/basakcilastik.com.tr\/index.php?rest_route=%2Fwp%2Fv2%2Fproduct_brand&post=26391"},{"taxonomy":"product_cat","embeddable":true,"href":"http:\/\/basakcilastik.com.tr\/index.php?rest_route=%2Fwp%2Fv2%2Fproduct_cat&post=26391"},{"taxonomy":"product_tag","embeddable":true,"href":"http:\/\/basakcilastik.com.tr\/index.php?rest_route=%2Fwp%2Fv2%2Fproduct_tag&post=26391"}],"curies":[{"name":"wp","href":"https:\/\/api.w.org\/{rel}","templated":true}]}}