{"id":26366,"date":"2020-09-04T22:19:06","date_gmt":"2020-09-04T22:19:06","guid":{"rendered":"https:\/\/basakcilastik.com.tr\/?post_type=product&#038;p=26366"},"modified":"2020-09-04T22:19:07","modified_gmt":"2020-09-04T22:19:07","slug":"kulaklik-ked311","status":"publish","type":"product","link":"http:\/\/basakcilastik.com.tr\/?product=kulaklik-ked311","title":{"rendered":"Kulakl\u0131k KED311"},"content":{"rendered":"<p><strong>\u00dcr\u00fcn A\u00e7\u0131klamas\u0131<\/strong><\/p>\n<p>Sa\u011fl\u0131\u011f\u0131n\u0131z a\u00e7\u0131s\u0131ndan ve kendinizi koruman\u0131z a\u00e7\u0131s\u0131ndan a\u011f\u0131r i\u015f ortam\u0131nda kullanman\u0131z gereken g\u00fcvenlik aparatlar\u0131ndan biridir. KED311 Kulakl\u0131k \u00e7al\u0131\u015fma ortam\u0131n\u0131zda yo\u011fun ve al\u0131\u015f\u0131 gelmi\u015fin \u00fcst\u00fcnde bir ses d\u00fczeyi bulunuyor ise kulak zar\u0131n\u0131z\u0131n zarar g\u00f6rme ihtimaline kar\u015f\u0131 kullanman\u0131z tavsiye edilir. 27 Desibel\u2019e Kadar Ses Kesebilme \u00f6zelli\u011fi ile gelen seslere maruz kalmazs\u0131n\u0131z. Kulakl\u0131k g\u00fcvenirlik a\u00e7\u0131s\u0131ndan ve sa\u011flaml\u0131k a\u00e7\u0131s\u0131ndan CE belgesi alm\u0131\u015f ve kriterlere uygun oldu\u011funu kan\u0131tlam\u0131\u015ft\u0131r. Rahatl\u0131kla kullanma ve i\u015f hayat\u0131nda sa\u011fl\u0131\u011f\u0131n\u0131z\u0131 g\u00fcven alt\u0131na alm\u0131\u015f olursunuz. Ses d\u00fczeylerinde EN 352-1 Normlar\u0131na Uygun oldu\u011funu yap\u0131lan sonu\u00e7lar ile belgelenmi\u015f bir \u00fcr\u00fcnd\u00fcr.Uygun fiyat aral\u0131\u011f\u0131 ile kaliteyi ve ucuzlu\u011fu bir arada bulaca\u011f\u0131n\u0131z bir \u00fcr\u00fcnd\u00fcr. 27 Desibel \u00fcst\u00fc ses geldi\u011fi durumunda farkl\u0131 \u00fcr\u00fcn se\u00e7eneklerini se\u00e7erek i\u015f g\u00fcvenli\u011finizi kontrol alt\u0131na alm\u0131\u015f olursunuz.<br \/>\nCE Belgeli<br \/>\nEN 352-1 Normlar\u0131na Uygun<br \/>\n4 Noktadan Darbe Emme Sistemli<br \/>\n27 Desibel\u2019e Kadar Ses Kesebilme<\/p>\n<p>&nbsp;<\/p>\n","protected":false},"excerpt":{"rendered":"<p>\u00dcr\u00fcn A\u00e7\u0131klamas\u0131 Sa\u011fl\u0131\u011f\u0131n\u0131z a\u00e7\u0131s\u0131ndan ve kendinizi koruman\u0131z a\u00e7\u0131s\u0131ndan a\u011f\u0131r i\u015f ortam\u0131nda kullanman\u0131z gereken g\u00fcvenlik aparatlar\u0131ndan biridir. KED311 Kulakl\u0131k \u00e7al\u0131\u015fma ortam\u0131n\u0131zda yo\u011fun ve al\u0131\u015f\u0131 gelmi\u015fin \u00fcst\u00fcnde bir ses d\u00fczeyi bulunuyor ise kulak zar\u0131n\u0131z\u0131n zarar g\u00f6rme ihtimaline kar\u015f\u0131 kullanman\u0131z tavsiye edilir. 27 Desibel\u2019e Kadar Ses Kesebilme \u00f6zelli\u011fi ile gelen seslere maruz kalmazs\u0131n\u0131z. Kulakl\u0131k g\u00fcvenirlik a\u00e7\u0131s\u0131ndan ve sa\u011flaml\u0131k a\u00e7\u0131s\u0131ndan CE belgesi alm\u0131\u015f ve [&hellip;]<\/p>\n","protected":false},"featured_media":26369,"comment_status":"open","ping_status":"closed","template":"","meta":[],"product_brand":[],"product_cat":[15,155,161],"product_tag":[],"class_list":{"0":"post-26366","1":"product","2":"type-product","3":"status-publish","4":"has-post-thumbnail","6":"product_cat-genel","7":"product_cat-is-guvenligi","8":"product_cat-kulakliklar","10":"first","11":"instock","12":"shipping-taxable","13":"product-type-simple"},"_links":{"self":[{"href":"http:\/\/basakcilastik.com.tr\/index.php?rest_route=\/wp\/v2\/product\/26366","targetHints":{"allow":["GET"]}}],"collection":[{"href":"http:\/\/basakcilastik.com.tr\/index.php?rest_route=\/wp\/v2\/product"}],"about":[{"href":"http:\/\/basakcilastik.com.tr\/index.php?rest_route=\/wp\/v2\/types\/product"}],"replies":[{"embeddable":true,"href":"http:\/\/basakcilastik.com.tr\/index.php?rest_route=%2Fwp%2Fv2%2Fcomments&post=26366"}],"wp:featuredmedia":[{"embeddable":true,"href":"http:\/\/basakcilastik.com.tr\/index.php?rest_route=\/wp\/v2\/media\/26369"}],"wp:attachment":[{"href":"http:\/\/basakcilastik.com.tr\/index.php?rest_route=%2Fwp%2Fv2%2Fmedia&parent=26366"}],"wp:term":[{"taxonomy":"product_brand","embeddable":true,"href":"http:\/\/basakcilastik.com.tr\/index.php?rest_route=%2Fwp%2Fv2%2Fproduct_brand&post=26366"},{"taxonomy":"product_cat","embeddable":true,"href":"http:\/\/basakcilastik.com.tr\/index.php?rest_route=%2Fwp%2Fv2%2Fproduct_cat&post=26366"},{"taxonomy":"product_tag","embeddable":true,"href":"http:\/\/basakcilastik.com.tr\/index.php?rest_route=%2Fwp%2Fv2%2Fproduct_tag&post=26366"}],"curies":[{"name":"wp","href":"https:\/\/api.w.org\/{rel}","templated":true}]}}