{"id":26364,"date":"2020-09-04T22:17:39","date_gmt":"2020-09-04T22:17:39","guid":{"rendered":"https:\/\/basakcilastik.com.tr\/?post_type=product&#038;p=26364"},"modified":"2020-09-04T22:17:41","modified_gmt":"2020-09-04T22:17:41","slug":"kulaklik-em106","status":"publish","type":"product","link":"http:\/\/basakcilastik.com.tr\/?product=kulaklik-em106","title":{"rendered":"Kulakl\u0131k EM106"},"content":{"rendered":"<p><strong>\u00dcr\u00fcn A\u00e7\u0131klamas\u0131<\/strong><\/p>\n<p>Bu model di\u011fer modellere istinaden daha dayan\u0131kl\u0131 ve desibel oran\u0131 daha fazlad\u0131r. Ses d\u00fczeyinin artt\u0131\u011f\u0131 i\u015f alanlar\u0131nda bu tarz modeller se\u00e7erek g\u00fcvenli\u011finiz sa\u011flanabilir. \u0130\u015f g\u00fcvenli\u011fi kriterlerine uymak i\u00e7in bu tarz apartlar da yenilenmeye veyahut de\u011fi\u015fime gidilmelidir. CE kriterlerine uygun \u015fekilde \u00fcretimi sa\u011flan\u0131p g\u00fcvenli bir \u015fekilde kullan\u0131lmas\u0131 sa\u011flanm\u0131\u015ft\u0131r. Ses d\u00fczeyi EN 352-1 Normlar\u0131na Uygun bir kriterde \u00fcretilmi\u015f ve ses desibelinde son s\u0131n\u0131r konulup belgelenmi\u015ftir. Ba\u015f\u0131n\u0131zda kolayl\u0131kla ayarlama yaparak kullanman\u0131z\u0131 sa\u011flar. Dikkatiniz veya dengenizin bozulmamas\u0131 sonucu i\u015f kazalar\u0131n\u0131 da \u00f6nlenmi\u015f olursunuz. \u0130\u015f bitti\u011fi zaman kolayl\u0131kla katlanabilir bir yap\u0131s\u0131 sayesinde bu kulakl\u0131klar\u0131 daha uzun s\u00fcre kullanabilirsiniz. Kulakl\u0131k EM106 dayan\u0131kl\u0131l\u0131k g\u00fcc\u00fc olarak 30 Desibel\u2019e Kadar Ses Kesebilme \u00f6zelli\u011fi eklenmi\u015f olup bu husustaki bir \u00e7al\u0131\u015fma tesisinde rahatl\u0131kla kullanabilirsiniz.<br \/>\nCE Belgeli<br \/>\nEN 352-1 Normlar\u0131na Uygun<br \/>\nBa\u015fta Ayarlanabilir Sistem<br \/>\nKulakl\u0131k Katlanabilir<br \/>\n30 Desibel\u2019e Kadar Ses Kesebilme<\/p>\n<p>&nbsp;<\/p>\n","protected":false},"excerpt":{"rendered":"<p>\u00dcr\u00fcn A\u00e7\u0131klamas\u0131 Bu model di\u011fer modellere istinaden daha dayan\u0131kl\u0131 ve desibel oran\u0131 daha fazlad\u0131r. Ses d\u00fczeyinin artt\u0131\u011f\u0131 i\u015f alanlar\u0131nda bu tarz modeller se\u00e7erek g\u00fcvenli\u011finiz sa\u011flanabilir. \u0130\u015f g\u00fcvenli\u011fi kriterlerine uymak i\u00e7in bu tarz apartlar da yenilenmeye veyahut de\u011fi\u015fime gidilmelidir. CE kriterlerine uygun \u015fekilde \u00fcretimi sa\u011flan\u0131p g\u00fcvenli bir \u015fekilde kullan\u0131lmas\u0131 sa\u011flanm\u0131\u015ft\u0131r. Ses d\u00fczeyi EN 352-1 Normlar\u0131na Uygun bir kriterde \u00fcretilmi\u015f ve ses [&hellip;]<\/p>\n","protected":false},"featured_media":26367,"comment_status":"open","ping_status":"closed","template":"","meta":[],"product_brand":[],"product_cat":[15,155,161],"product_tag":[],"class_list":{"0":"post-26364","1":"product","2":"type-product","3":"status-publish","4":"has-post-thumbnail","6":"product_cat-genel","7":"product_cat-is-guvenligi","8":"product_cat-kulakliklar","10":"first","11":"instock","12":"shipping-taxable","13":"product-type-simple"},"_links":{"self":[{"href":"http:\/\/basakcilastik.com.tr\/index.php?rest_route=\/wp\/v2\/product\/26364","targetHints":{"allow":["GET"]}}],"collection":[{"href":"http:\/\/basakcilastik.com.tr\/index.php?rest_route=\/wp\/v2\/product"}],"about":[{"href":"http:\/\/basakcilastik.com.tr\/index.php?rest_route=\/wp\/v2\/types\/product"}],"replies":[{"embeddable":true,"href":"http:\/\/basakcilastik.com.tr\/index.php?rest_route=%2Fwp%2Fv2%2Fcomments&post=26364"}],"wp:featuredmedia":[{"embeddable":true,"href":"http:\/\/basakcilastik.com.tr\/index.php?rest_route=\/wp\/v2\/media\/26367"}],"wp:attachment":[{"href":"http:\/\/basakcilastik.com.tr\/index.php?rest_route=%2Fwp%2Fv2%2Fmedia&parent=26364"}],"wp:term":[{"taxonomy":"product_brand","embeddable":true,"href":"http:\/\/basakcilastik.com.tr\/index.php?rest_route=%2Fwp%2Fv2%2Fproduct_brand&post=26364"},{"taxonomy":"product_cat","embeddable":true,"href":"http:\/\/basakcilastik.com.tr\/index.php?rest_route=%2Fwp%2Fv2%2Fproduct_cat&post=26364"},{"taxonomy":"product_tag","embeddable":true,"href":"http:\/\/basakcilastik.com.tr\/index.php?rest_route=%2Fwp%2Fv2%2Fproduct_tag&post=26364"}],"curies":[{"name":"wp","href":"https:\/\/api.w.org\/{rel}","templated":true}]}}