{"id":26350,"date":"2020-09-04T22:12:32","date_gmt":"2020-09-04T22:12:32","guid":{"rendered":"https:\/\/basakcilastik.com.tr\/?post_type=product&#038;p=26350"},"modified":"2020-09-04T22:12:34","modified_gmt":"2020-09-04T22:12:34","slug":"pantolon-yagmurluklar","status":"publish","type":"product","link":"http:\/\/basakcilastik.com.tr\/?product=pantolon-yagmurluklar","title":{"rendered":"Pantolon Ya\u011fmurluklar"},"content":{"rendered":"<p>Polyester iplikten \u00f6ru\u0308lmu\u0308\u015f ve PVC kapl\u0131, suya ve ru\u0308zgara kar\u015f\u0131 dayan\u0131kl\u0131, \u00f6zellikle ya\u011fmurdan korunmak i\u00e7in sadece pantolon olarak giyilen koruyucu giysidir.<\/p>\n<table width=\"100%\">\n<thead>\n<tr>\n<td><strong>\u00dcR\u00dcN KODU<\/strong><\/td>\n<td><strong>B\u0130R\u0130M<\/strong><\/td>\n<td><strong>Ebat<\/strong><\/td>\n<td><strong>Renk<\/strong><\/td>\n<td><strong>\u00d6zellikler<\/strong><\/td>\n<td><strong>Paketleme Bilgisi Miktar<\/strong><\/td>\n<td><strong>En<\/strong><\/td>\n<td><strong>Boy<\/strong><\/td>\n<td><strong>Y\u00fckseklik<\/strong><\/td>\n<td><strong>Net A\u011f\u0131rl\u0131k<\/strong><\/td>\n<td><strong>Br\u00fct A\u011f\u0131rl\u0131k<\/strong><\/td>\n<\/tr>\n<\/thead>\n<tbody>\n<tr>\n<td>05.02.03.00.00010<\/td>\n<td>AD<\/td>\n<td>XXL<\/td>\n<td>SARI<\/td>\n<td>ASTARLI PANTOLON<\/td>\n<td>1<\/td>\n<td>0<\/td>\n<td>0<\/td>\n<td>0<\/td>\n<td>0<\/td>\n<td>0<\/td>\n<\/tr>\n<tr>\n<td>05.02.03.00.00010<\/td>\n<td>PK<\/td>\n<td>XXL<\/td>\n<td>SARI<\/td>\n<td>ASTARLI PANTOLON<\/td>\n<td>1<\/td>\n<td>0<\/td>\n<td>0<\/td>\n<td>0<\/td>\n<td>0<\/td>\n<td>0<\/td>\n<\/tr>\n<tr>\n<td>05.02.03.00.00010<\/td>\n<td>KL<\/td>\n<td>XXL<\/td>\n<td>SARI<\/td>\n<td>ASTARLI PANTOLON<\/td>\n<td>20<\/td>\n<td>0<\/td>\n<td>0<\/td>\n<td>0<\/td>\n<td>0<\/td>\n<td>0<\/td>\n<\/tr>\n<\/tbody>\n<\/table>\n<p>&nbsp;<\/p>\n","protected":false},"excerpt":{"rendered":"<p>Polyester iplikten \u00f6ru\u0308lmu\u0308\u015f ve PVC kapl\u0131, suya ve ru\u0308zgara kar\u015f\u0131 dayan\u0131kl\u0131, \u00f6zellikle ya\u011fmurdan korunmak i\u00e7in sadece pantolon olarak giyilen koruyucu giysidir. \u00dcR\u00dcN KODU B\u0130R\u0130M Ebat Renk \u00d6zellikler Paketleme Bilgisi Miktar En Boy Y\u00fckseklik Net A\u011f\u0131rl\u0131k Br\u00fct A\u011f\u0131rl\u0131k 05.02.03.00.00010 AD XXL SARI ASTARLI PANTOLON 1 0 0 0 0 0 05.02.03.00.00010 PK XXL SARI ASTARLI PANTOLON 1 0 0 0 0 [&hellip;]<\/p>\n","protected":false},"featured_media":26353,"comment_status":"open","ping_status":"closed","template":"","meta":[],"product_brand":[],"product_cat":[15,155,160],"product_tag":[],"class_list":{"0":"post-26350","1":"product","2":"type-product","3":"status-publish","4":"has-post-thumbnail","6":"product_cat-genel","7":"product_cat-is-guvenligi","8":"product_cat-koruma-kiyafetler","10":"first","11":"instock","12":"shipping-taxable","13":"product-type-simple"},"_links":{"self":[{"href":"http:\/\/basakcilastik.com.tr\/index.php?rest_route=\/wp\/v2\/product\/26350","targetHints":{"allow":["GET"]}}],"collection":[{"href":"http:\/\/basakcilastik.com.tr\/index.php?rest_route=\/wp\/v2\/product"}],"about":[{"href":"http:\/\/basakcilastik.com.tr\/index.php?rest_route=\/wp\/v2\/types\/product"}],"replies":[{"embeddable":true,"href":"http:\/\/basakcilastik.com.tr\/index.php?rest_route=%2Fwp%2Fv2%2Fcomments&post=26350"}],"wp:featuredmedia":[{"embeddable":true,"href":"http:\/\/basakcilastik.com.tr\/index.php?rest_route=\/wp\/v2\/media\/26353"}],"wp:attachment":[{"href":"http:\/\/basakcilastik.com.tr\/index.php?rest_route=%2Fwp%2Fv2%2Fmedia&parent=26350"}],"wp:term":[{"taxonomy":"product_brand","embeddable":true,"href":"http:\/\/basakcilastik.com.tr\/index.php?rest_route=%2Fwp%2Fv2%2Fproduct_brand&post=26350"},{"taxonomy":"product_cat","embeddable":true,"href":"http:\/\/basakcilastik.com.tr\/index.php?rest_route=%2Fwp%2Fv2%2Fproduct_cat&post=26350"},{"taxonomy":"product_tag","embeddable":true,"href":"http:\/\/basakcilastik.com.tr\/index.php?rest_route=%2Fwp%2Fv2%2Fproduct_tag&post=26350"}],"curies":[{"name":"wp","href":"https:\/\/api.w.org\/{rel}","templated":true}]}}