{"id":26328,"date":"2020-09-04T19:06:21","date_gmt":"2020-09-04T19:06:21","guid":{"rendered":"https:\/\/basakcilastik.com.tr\/?post_type=product&#038;p=26328"},"modified":"2020-09-04T19:06:23","modified_gmt":"2020-09-04T19:06:23","slug":"seyir-gozlugu-uv2058by","status":"publish","type":"product","link":"http:\/\/basakcilastik.com.tr\/?product=seyir-gozlugu-uv2058by","title":{"rendered":"Seyir G\u00f6zl\u00fc\u011f\u00fc UV2058BY"},"content":{"rendered":"<p><strong>\u00dcr\u00fcn A\u00e7\u0131klamas\u0131<\/strong><\/p>\n<p>Sar\u0131 bir camdan \u00fcretilip G\u00fcne\u015f \u0131\u015f\u0131nlar\u0131na kar\u015f\u0131 koruma sa\u011flayan bir \u00fcr\u00fcn\u00fcd\u00fcr. Kaliteli oldu\u011funu ald\u0131\u011f\u0131 CE belgesi ile g\u00f6stermi\u015f ve EN 166 kriterlerine uygun \u00fcretilmi\u015ftir. \u0130\u015f g\u00fcvenli\u011fi a\u00e7\u0131s\u0131ndan g\u00f6z\u00fcn\u00fcze gelecek zararl\u0131 \u0131\u015f\u0131nlara kar\u015f\u0131 rahatl\u0131kla koruma sa\u011flar ve zararl\u0131 \u0131\u015f\u0131nlar g\u00f6z\u00fcn\u00fcze zarar vermez. ANSI Z87.1 CSA Z94.3 testlerinden uygunluk al\u0131p rahatl\u0131kla kullan\u0131m testinden ge\u00e7mi\u015ftir. \u00c7izilmeye kar\u015f\u0131 dayan\u0131kl\u0131 olup uzun ve rahat \u015fekilde kullanabilirsiniz. Katlanabilir kulak tuta\u00e7lar\u0131 ile istedi\u011finiz yerde katlayarak saklayabilirsiniz. Ultra Viole Cam yap\u0131s\u0131 ile zararl\u0131 g\u00fcne\u015f \u0131\u015f\u0131nlar\u0131na kar\u015f\u0131 rahat bir koruma sa\u011flar. Seyir G\u00f6zl\u00fc\u011f\u00fc UV2058BY Spor bir tasar\u0131m ile olu\u015fturulmu\u015f ve kullan\u0131m a\u00e7\u0131s\u0131nda dayan\u0131kl\u0131l\u0131\u011f\u0131 ile tercih edilen \u00fcr\u00fcnler aras\u0131nda yer alm\u0131\u015ft\u0131r. \u0130\u015f ortam\u0131nda gelecek zararl\u0131 etkenler g\u00f6z\u00fcn\u00fcze temas edemeyecektir.<br \/>\nCE Belgeli, EN 166<br \/>\nANSI Z87.1 CSA Z94.3<br \/>\n\u00c7izilmeye Dayan\u0131kl\u0131<br \/>\nUltra Viole Cam<br \/>\nG\u00fcne\u015f I\u015f\u0131nlar\u0131na Kar\u015f\u0131 Korumal\u0131<br \/>\nSpor Tasar\u0131m<\/p>\n<p>&nbsp;<\/p>\n","protected":false},"excerpt":{"rendered":"<p>\u00dcr\u00fcn A\u00e7\u0131klamas\u0131 Sar\u0131 bir camdan \u00fcretilip G\u00fcne\u015f \u0131\u015f\u0131nlar\u0131na kar\u015f\u0131 koruma sa\u011flayan bir \u00fcr\u00fcn\u00fcd\u00fcr. Kaliteli oldu\u011funu ald\u0131\u011f\u0131 CE belgesi ile g\u00f6stermi\u015f ve EN 166 kriterlerine uygun \u00fcretilmi\u015ftir. \u0130\u015f g\u00fcvenli\u011fi a\u00e7\u0131s\u0131ndan g\u00f6z\u00fcn\u00fcze gelecek zararl\u0131 \u0131\u015f\u0131nlara kar\u015f\u0131 rahatl\u0131kla koruma sa\u011flar ve zararl\u0131 \u0131\u015f\u0131nlar g\u00f6z\u00fcn\u00fcze zarar vermez. ANSI Z87.1 CSA Z94.3 testlerinden uygunluk al\u0131p rahatl\u0131kla kullan\u0131m testinden ge\u00e7mi\u015ftir. \u00c7izilmeye kar\u015f\u0131 dayan\u0131kl\u0131 olup uzun ve [&hellip;]<\/p>\n","protected":false},"featured_media":26331,"comment_status":"open","ping_status":"closed","template":"","meta":[],"product_brand":[],"product_cat":[15,159,155],"product_tag":[],"class_list":{"0":"post-26328","1":"product","2":"type-product","3":"status-publish","4":"has-post-thumbnail","6":"product_cat-genel","7":"product_cat-gozlukler","8":"product_cat-is-guvenligi","10":"first","11":"instock","12":"shipping-taxable","13":"product-type-simple"},"_links":{"self":[{"href":"http:\/\/basakcilastik.com.tr\/index.php?rest_route=\/wp\/v2\/product\/26328","targetHints":{"allow":["GET"]}}],"collection":[{"href":"http:\/\/basakcilastik.com.tr\/index.php?rest_route=\/wp\/v2\/product"}],"about":[{"href":"http:\/\/basakcilastik.com.tr\/index.php?rest_route=\/wp\/v2\/types\/product"}],"replies":[{"embeddable":true,"href":"http:\/\/basakcilastik.com.tr\/index.php?rest_route=%2Fwp%2Fv2%2Fcomments&post=26328"}],"wp:featuredmedia":[{"embeddable":true,"href":"http:\/\/basakcilastik.com.tr\/index.php?rest_route=\/wp\/v2\/media\/26331"}],"wp:attachment":[{"href":"http:\/\/basakcilastik.com.tr\/index.php?rest_route=%2Fwp%2Fv2%2Fmedia&parent=26328"}],"wp:term":[{"taxonomy":"product_brand","embeddable":true,"href":"http:\/\/basakcilastik.com.tr\/index.php?rest_route=%2Fwp%2Fv2%2Fproduct_brand&post=26328"},{"taxonomy":"product_cat","embeddable":true,"href":"http:\/\/basakcilastik.com.tr\/index.php?rest_route=%2Fwp%2Fv2%2Fproduct_cat&post=26328"},{"taxonomy":"product_tag","embeddable":true,"href":"http:\/\/basakcilastik.com.tr\/index.php?rest_route=%2Fwp%2Fv2%2Fproduct_tag&post=26328"}],"curies":[{"name":"wp","href":"https:\/\/api.w.org\/{rel}","templated":true}]}}