{"id":26316,"date":"2020-09-04T18:57:46","date_gmt":"2020-09-04T18:57:46","guid":{"rendered":"https:\/\/basakcilastik.com.tr\/?post_type=product&#038;p=26316"},"modified":"2020-09-04T18:57:48","modified_gmt":"2020-09-04T18:57:48","slug":"oksijen-kaynak-capak-gozlugu-wg225","status":"publish","type":"product","link":"http:\/\/basakcilastik.com.tr\/?product=oksijen-kaynak-capak-gozlugu-wg225","title":{"rendered":"Oksijen Kaynak \u00c7apak G\u00f6zl\u00fc\u011f\u00fc WG225"},"content":{"rendered":"<p><strong>\u00dcr\u00fcn A\u00e7\u0131klamas\u0131<\/strong><\/p>\n<p>A\u011f\u0131r i\u015f ortam\u0131nda i\u015f g\u00fcvenli\u011finizi sa\u011flayacak ve kolay kullan\u0131ml\u0131 olup kaynak \u00e7al\u0131\u015fmalar\u0131n\u0131zda size rahatl\u0131k verip g\u00f6z\u00fcn\u00fcz\u00fc koruyan Oksijen Kaynak \u00c7apak G\u00f6zl\u00fc\u011f\u00fc WG225 CE ve EN normlar\u0131na uygun kriterlerde \u00fcretilmi\u015f bir \u00fcr\u00fcnd\u00fcr. Kaynak cam\u0131 sizi g\u00f6z\u00fcn\u00fcze gelebilecek zararl\u0131 \u0131\u015f\u0131nlardan ve ate\u015f s\u0131\u00e7ramalar\u0131ndan korumaktad\u0131r. Genel tozlardan ve k\u0131v\u0131lc\u0131mlardan direk olarak koruyarak i\u015f g\u00fcvenli\u011finizi sa\u011flama almaktad\u0131r. Oksijen kayna\u011f\u0131n\u0131n yap\u0131ld\u0131\u011f\u0131 ortamda rahatl\u0131kla kullan\u0131labilir. Kolay ayarlanabilir kafa k\u0131sm\u0131 ile rahatl\u0131kla ba\u015f\u0131n\u0131za sabitleyebilir , kafa yap\u0131n\u0131za g\u00f6re uygun pozisyona getirebilirsiniz. CE Belgelisi al\u0131nm\u0131\u015f ve kriterlere uygun \u015fekilde \u00fcretilmi\u015ftir. Oksijen Kaynak \u00c7apak G\u00f6zl\u00fc\u011f\u00fc WG225 serisi EN 175 ANSI Z87.1 uyumlulu\u011funu g\u00f6stermi\u015f ve opsiyonel korumal\u0131 olarak dizayn edilmi\u015ftir. G\u00f6zl\u00fck \u00e7e\u015fitleri aras\u0131nda en kaliteli olan modeller aras\u0131nda yerini al\u0131r ve g\u00fcvenlik a\u00e7\u0131s\u0131ndan \u00e7ok kullan\u0131\u015fl\u0131s\u0131d\u0131r.<\/p>\n<p>CE Belgeli<br \/>\nEN 175 ANSI Z87.1<br \/>\nAlman Mal\u0131 Kaynak Caml\u0131<\/p>\n<p>&nbsp;<\/p>\n","protected":false},"excerpt":{"rendered":"<p>\u00dcr\u00fcn A\u00e7\u0131klamas\u0131 A\u011f\u0131r i\u015f ortam\u0131nda i\u015f g\u00fcvenli\u011finizi sa\u011flayacak ve kolay kullan\u0131ml\u0131 olup kaynak \u00e7al\u0131\u015fmalar\u0131n\u0131zda size rahatl\u0131k verip g\u00f6z\u00fcn\u00fcz\u00fc koruyan Oksijen Kaynak \u00c7apak G\u00f6zl\u00fc\u011f\u00fc WG225 CE ve EN normlar\u0131na uygun kriterlerde \u00fcretilmi\u015f bir \u00fcr\u00fcnd\u00fcr. Kaynak cam\u0131 sizi g\u00f6z\u00fcn\u00fcze gelebilecek zararl\u0131 \u0131\u015f\u0131nlardan ve ate\u015f s\u0131\u00e7ramalar\u0131ndan korumaktad\u0131r. Genel tozlardan ve k\u0131v\u0131lc\u0131mlardan direk olarak koruyarak i\u015f g\u00fcvenli\u011finizi sa\u011flama almaktad\u0131r. Oksijen kayna\u011f\u0131n\u0131n yap\u0131ld\u0131\u011f\u0131 ortamda rahatl\u0131kla [&hellip;]<\/p>\n","protected":false},"featured_media":26319,"comment_status":"open","ping_status":"closed","template":"","meta":[],"product_brand":[],"product_cat":[15,159,155],"product_tag":[],"class_list":{"0":"post-26316","1":"product","2":"type-product","3":"status-publish","4":"has-post-thumbnail","6":"product_cat-genel","7":"product_cat-gozlukler","8":"product_cat-is-guvenligi","10":"first","11":"instock","12":"shipping-taxable","13":"product-type-simple"},"_links":{"self":[{"href":"http:\/\/basakcilastik.com.tr\/index.php?rest_route=\/wp\/v2\/product\/26316","targetHints":{"allow":["GET"]}}],"collection":[{"href":"http:\/\/basakcilastik.com.tr\/index.php?rest_route=\/wp\/v2\/product"}],"about":[{"href":"http:\/\/basakcilastik.com.tr\/index.php?rest_route=\/wp\/v2\/types\/product"}],"replies":[{"embeddable":true,"href":"http:\/\/basakcilastik.com.tr\/index.php?rest_route=%2Fwp%2Fv2%2Fcomments&post=26316"}],"wp:featuredmedia":[{"embeddable":true,"href":"http:\/\/basakcilastik.com.tr\/index.php?rest_route=\/wp\/v2\/media\/26319"}],"wp:attachment":[{"href":"http:\/\/basakcilastik.com.tr\/index.php?rest_route=%2Fwp%2Fv2%2Fmedia&parent=26316"}],"wp:term":[{"taxonomy":"product_brand","embeddable":true,"href":"http:\/\/basakcilastik.com.tr\/index.php?rest_route=%2Fwp%2Fv2%2Fproduct_brand&post=26316"},{"taxonomy":"product_cat","embeddable":true,"href":"http:\/\/basakcilastik.com.tr\/index.php?rest_route=%2Fwp%2Fv2%2Fproduct_cat&post=26316"},{"taxonomy":"product_tag","embeddable":true,"href":"http:\/\/basakcilastik.com.tr\/index.php?rest_route=%2Fwp%2Fv2%2Fproduct_tag&post=26316"}],"curies":[{"name":"wp","href":"https:\/\/api.w.org\/{rel}","templated":true}]}}