{"id":26304,"date":"2020-09-04T12:46:22","date_gmt":"2020-09-04T12:46:22","guid":{"rendered":"https:\/\/basakcilastik.com.tr\/?post_type=product&#038;p=26304"},"modified":"2020-09-04T12:46:23","modified_gmt":"2020-09-04T12:46:23","slug":"sari-nitril-eldiven","status":"publish","type":"product","link":"http:\/\/basakcilastik.com.tr\/?product=sari-nitril-eldiven","title":{"rendered":"Sar\u0131 Nitril Eldiven"},"content":{"rendered":"<p>\u0130n\u015faat, montaj, depolama, da\u011f\u0131t\u0131m, yu\u0308kleme, ve bo\u015faltma, ta\u015f\u0131ma, bah\u00e7e, tamirat gibi pek \u00e7ok farkl\u0131 alanda kullan\u0131labilen, nitril kapl\u0131 ve pamuk astarl\u0131 genel ama\u00e7l\u0131 i\u015f eldivenidir.<\/p>\n<table width=\"100%\">\n<thead>\n<tr>\n<td><strong>\u00dcR\u00dcN KODU<\/strong><\/td>\n<td><strong>B\u0130R\u0130M<\/strong><\/td>\n<td><strong>Ebat (in\u00e7)350<\/strong><\/td>\n<td><strong>Eldiven Tipi350<\/strong><\/td>\n<td><strong>Paketleme Bilgisi Miktar350<\/strong><\/td>\n<td><strong>En 350<\/strong><\/td>\n<td><strong>Boy 350<\/strong><\/td>\n<td><strong>Y\u00fckseklik 350<\/strong><\/td>\n<td><strong>Net A\u011f\u0131rl\u0131k350<\/strong><\/td>\n<td><strong>Br\u00fct A\u011f\u0131rl\u0131k350<\/strong><\/td>\n<\/tr>\n<\/thead>\n<tbody>\n<tr>\n<td>05.01.06.05.35009<\/td>\n<td>AD<\/td>\n<td>9<\/td>\n<td>NT-UGR350<\/td>\n<td>1<\/td>\n<td>0<\/td>\n<td>0<\/td>\n<td>0<\/td>\n<td>0<\/td>\n<td>0<\/td>\n<\/tr>\n<tr>\n<td>05.01.06.05.35009<\/td>\n<td>PK<\/td>\n<td>9<\/td>\n<td>NT-UGR350<\/td>\n<td>12<\/td>\n<td>0<\/td>\n<td>0<\/td>\n<td>0<\/td>\n<td>0<\/td>\n<td>0<\/td>\n<\/tr>\n<tr>\n<td>05.01.06.05.35009<\/td>\n<td>KL<\/td>\n<td>9<\/td>\n<td>NT-UGR350<\/td>\n<td>120<\/td>\n<td>0<\/td>\n<td>0<\/td>\n<td>0<\/td>\n<td>0<\/td>\n<td>0<\/td>\n<\/tr>\n<tr>\n<td>05.01.06.05.35010<\/td>\n<td>AD<\/td>\n<td>10<\/td>\n<td>NT-UGR350<\/td>\n<td>1<\/td>\n<td>0<\/td>\n<td>0<\/td>\n<td>0<\/td>\n<td>0<\/td>\n<td>0<\/td>\n<\/tr>\n<tr>\n<td>05.01.06.05.35010<\/td>\n<td>PK<\/td>\n<td>10<\/td>\n<td>NT-UGR350<\/td>\n<td>12<\/td>\n<td>0<\/td>\n<td>0<\/td>\n<td>0<\/td>\n<td>0<\/td>\n<td>0<\/td>\n<\/tr>\n<tr>\n<td>05.01.06.05.35010<\/td>\n<td>KL<\/td>\n<td>10<\/td>\n<td>NT-UGR350<\/td>\n<td>120<\/td>\n<td>0<\/td>\n<td>0<\/td>\n<td>0<\/td>\n<td>0<\/td>\n<td>0<\/td>\n<\/tr>\n<\/tbody>\n<\/table>\n<p>&nbsp;<\/p>\n","protected":false},"excerpt":{"rendered":"<p>\u0130n\u015faat, montaj, depolama, da\u011f\u0131t\u0131m, yu\u0308kleme, ve bo\u015faltma, ta\u015f\u0131ma, bah\u00e7e, tamirat gibi pek \u00e7ok farkl\u0131 alanda kullan\u0131labilen, nitril kapl\u0131 ve pamuk astarl\u0131 genel ama\u00e7l\u0131 i\u015f eldivenidir. \u00dcR\u00dcN KODU B\u0130R\u0130M Ebat (in\u00e7)350 Eldiven Tipi350 Paketleme Bilgisi Miktar350 En 350 Boy 350 Y\u00fckseklik 350 Net A\u011f\u0131rl\u0131k350 Br\u00fct A\u011f\u0131rl\u0131k350 05.01.06.05.35009 AD 9 NT-UGR350 1 0 0 0 0 0 05.01.06.05.35009 PK 9 NT-UGR350 12 [&hellip;]<\/p>\n","protected":false},"featured_media":26307,"comment_status":"open","ping_status":"closed","template":"","meta":[],"product_brand":[],"product_cat":[15,158,155],"product_tag":[],"class_list":{"0":"post-26304","1":"product","2":"type-product","3":"status-publish","4":"has-post-thumbnail","6":"product_cat-genel","7":"product_cat-eldivenler","8":"product_cat-is-guvenligi","10":"first","11":"instock","12":"shipping-taxable","13":"product-type-simple"},"_links":{"self":[{"href":"http:\/\/basakcilastik.com.tr\/index.php?rest_route=\/wp\/v2\/product\/26304","targetHints":{"allow":["GET"]}}],"collection":[{"href":"http:\/\/basakcilastik.com.tr\/index.php?rest_route=\/wp\/v2\/product"}],"about":[{"href":"http:\/\/basakcilastik.com.tr\/index.php?rest_route=\/wp\/v2\/types\/product"}],"replies":[{"embeddable":true,"href":"http:\/\/basakcilastik.com.tr\/index.php?rest_route=%2Fwp%2Fv2%2Fcomments&post=26304"}],"wp:featuredmedia":[{"embeddable":true,"href":"http:\/\/basakcilastik.com.tr\/index.php?rest_route=\/wp\/v2\/media\/26307"}],"wp:attachment":[{"href":"http:\/\/basakcilastik.com.tr\/index.php?rest_route=%2Fwp%2Fv2%2Fmedia&parent=26304"}],"wp:term":[{"taxonomy":"product_brand","embeddable":true,"href":"http:\/\/basakcilastik.com.tr\/index.php?rest_route=%2Fwp%2Fv2%2Fproduct_brand&post=26304"},{"taxonomy":"product_cat","embeddable":true,"href":"http:\/\/basakcilastik.com.tr\/index.php?rest_route=%2Fwp%2Fv2%2Fproduct_cat&post=26304"},{"taxonomy":"product_tag","embeddable":true,"href":"http:\/\/basakcilastik.com.tr\/index.php?rest_route=%2Fwp%2Fv2%2Fproduct_tag&post=26304"}],"curies":[{"name":"wp","href":"https:\/\/api.w.org\/{rel}","templated":true}]}}