{"id":26298,"date":"2020-09-04T12:44:04","date_gmt":"2020-09-04T12:44:04","guid":{"rendered":"https:\/\/basakcilastik.com.tr\/?post_type=product&#038;p=26298"},"modified":"2020-09-04T12:44:05","modified_gmt":"2020-09-04T12:44:05","slug":"poliuretan-eldivenler","status":"publish","type":"product","link":"http:\/\/basakcilastik.com.tr\/?product=poliuretan-eldivenler","title":{"rendered":"Poli\u00fcretan Eldivenler"},"content":{"rendered":"<p>Naylon astarl\u0131, avu\u00e7 i\u00e7i ve parmaklar\u0131 poliu\u0308retan kapl\u0131, \u00f6zellikle hassas iler i\u00e7in kullan\u0131lan, ellerin zarar g\u00f6rmesini engelleyen koruyucu eldivendir.<\/p>\n<table width=\"100%\">\n<thead>\n<tr>\n<td><strong>\u00dcR\u00dcN KODU<\/strong><\/td>\n<td><strong>B\u0130R\u0130M<\/strong><\/td>\n<td><strong>Ebat (in\u00e7)<\/strong><\/td>\n<td><strong>\u00d6zellikler<\/strong><\/td>\n<td><strong>Paketleme Bilgisi Miktar<\/strong><\/td>\n<td><strong>En<\/strong><\/td>\n<td><strong>Boy<\/strong><\/td>\n<td><strong>Y\u00fckseklik<\/strong><\/td>\n<td><strong>Net A\u011f\u0131rl\u0131k<\/strong><\/td>\n<td><strong>Br\u00fct A\u011f\u0131rl\u0131k<\/strong><\/td>\n<\/tr>\n<\/thead>\n<tbody>\n<tr>\n<td>05.01.07.01.50007<\/td>\n<td>AD<\/td>\n<td>7<\/td>\n<td>PU-UGR500<\/td>\n<td>1<\/td>\n<td>0<\/td>\n<td>0<\/td>\n<td>0<\/td>\n<td>0<\/td>\n<td>0<\/td>\n<\/tr>\n<tr>\n<td>05.01.07.01.50007<\/td>\n<td>PK<\/td>\n<td>7<\/td>\n<td>PU-UGR500<\/td>\n<td>10<\/td>\n<td>0<\/td>\n<td>0<\/td>\n<td>0<\/td>\n<td>0<\/td>\n<td>0<\/td>\n<\/tr>\n<tr>\n<td>05.01.07.01.50007<\/td>\n<td>KL<\/td>\n<td>7<\/td>\n<td>PU-UGR500<\/td>\n<td>360<\/td>\n<td>0<\/td>\n<td>0<\/td>\n<td>0<\/td>\n<td>0<\/td>\n<td>0<\/td>\n<\/tr>\n<tr>\n<td>05.01.07.01.50008<\/td>\n<td>AD<\/td>\n<td>8<\/td>\n<td>PU-UGR500<\/td>\n<td>1<\/td>\n<td>0<\/td>\n<td>0<\/td>\n<td>0<\/td>\n<td>0<\/td>\n<td>0<\/td>\n<\/tr>\n<tr>\n<td>05.01.07.01.50008<\/td>\n<td>PK<\/td>\n<td>8<\/td>\n<td>PU-UGR500<\/td>\n<td>10<\/td>\n<td>0<\/td>\n<td>0<\/td>\n<td>0<\/td>\n<td>0<\/td>\n<td>0<\/td>\n<\/tr>\n<tr>\n<td>05.01.07.01.50008<\/td>\n<td>KL<\/td>\n<td>8<\/td>\n<td>PU-UGR500<\/td>\n<td>360<\/td>\n<td>0<\/td>\n<td>0<\/td>\n<td>0<\/td>\n<td>0<\/td>\n<td>0<\/td>\n<\/tr>\n<tr>\n<td>05.01.07.01.50009<\/td>\n<td>AD<\/td>\n<td>9<\/td>\n<td>PU-UGR500<\/td>\n<td>1<\/td>\n<td>0<\/td>\n<td>0<\/td>\n<td>0<\/td>\n<td>0<\/td>\n<td>0<\/td>\n<\/tr>\n<tr>\n<td>05.01.07.01.50009<\/td>\n<td>PK<\/td>\n<td>9<\/td>\n<td>PU-UGR500<\/td>\n<td>10<\/td>\n<td>0<\/td>\n<td>0<\/td>\n<td>0<\/td>\n<td>0<\/td>\n<td>0<\/td>\n<\/tr>\n<tr>\n<td>05.01.07.01.50009<\/td>\n<td>KL<\/td>\n<td>9<\/td>\n<td>PU-UGR500<\/td>\n<td>360<\/td>\n<td>0<\/td>\n<td>0<\/td>\n<td>0<\/td>\n<td>0<\/td>\n<td>0<\/td>\n<\/tr>\n<tr>\n<td>05.01.07.01.50010<\/td>\n<td>AD<\/td>\n<td>10<\/td>\n<td>PU-UGR500<\/td>\n<td>1<\/td>\n<td>0<\/td>\n<td>0<\/td>\n<td>0<\/td>\n<td>0<\/td>\n<td>0<\/td>\n<\/tr>\n<tr>\n<td>05.01.07.01.50010<\/td>\n<td>PK<\/td>\n<td>10<\/td>\n<td>PU-UGR500<\/td>\n<td>10<\/td>\n<td>0<\/td>\n<td>0<\/td>\n<td>0<\/td>\n<td>0<\/td>\n<td>0<\/td>\n<\/tr>\n<tr>\n<td>05.01.07.01.50010<\/td>\n<td>KL<\/td>\n<td>10<\/td>\n<td>PU-UGR500<\/td>\n<td>360<\/td>\n<td>0<\/td>\n<td>0<\/td>\n<td>0<\/td>\n<td>0<\/td>\n<td>0<\/td>\n<\/tr>\n<\/tbody>\n<\/table>\n<p>&nbsp;<\/p>\n","protected":false},"excerpt":{"rendered":"<p>Naylon astarl\u0131, avu\u00e7 i\u00e7i ve parmaklar\u0131 poliu\u0308retan kapl\u0131, \u00f6zellikle hassas iler i\u00e7in kullan\u0131lan, ellerin zarar g\u00f6rmesini engelleyen koruyucu eldivendir. \u00dcR\u00dcN KODU B\u0130R\u0130M Ebat (in\u00e7) \u00d6zellikler Paketleme Bilgisi Miktar En Boy Y\u00fckseklik Net A\u011f\u0131rl\u0131k Br\u00fct A\u011f\u0131rl\u0131k 05.01.07.01.50007 AD 7 PU-UGR500 1 0 0 0 0 0 05.01.07.01.50007 PK 7 PU-UGR500 10 0 0 0 0 0 05.01.07.01.50007 KL 7 PU-UGR500 360 [&hellip;]<\/p>\n","protected":false},"featured_media":26301,"comment_status":"open","ping_status":"closed","template":"","meta":[],"product_brand":[],"product_cat":[15,158,155],"product_tag":[],"class_list":{"0":"post-26298","1":"product","2":"type-product","3":"status-publish","4":"has-post-thumbnail","6":"product_cat-genel","7":"product_cat-eldivenler","8":"product_cat-is-guvenligi","10":"first","11":"instock","12":"shipping-taxable","13":"product-type-simple"},"_links":{"self":[{"href":"http:\/\/basakcilastik.com.tr\/index.php?rest_route=\/wp\/v2\/product\/26298","targetHints":{"allow":["GET"]}}],"collection":[{"href":"http:\/\/basakcilastik.com.tr\/index.php?rest_route=\/wp\/v2\/product"}],"about":[{"href":"http:\/\/basakcilastik.com.tr\/index.php?rest_route=\/wp\/v2\/types\/product"}],"replies":[{"embeddable":true,"href":"http:\/\/basakcilastik.com.tr\/index.php?rest_route=%2Fwp%2Fv2%2Fcomments&post=26298"}],"wp:featuredmedia":[{"embeddable":true,"href":"http:\/\/basakcilastik.com.tr\/index.php?rest_route=\/wp\/v2\/media\/26301"}],"wp:attachment":[{"href":"http:\/\/basakcilastik.com.tr\/index.php?rest_route=%2Fwp%2Fv2%2Fmedia&parent=26298"}],"wp:term":[{"taxonomy":"product_brand","embeddable":true,"href":"http:\/\/basakcilastik.com.tr\/index.php?rest_route=%2Fwp%2Fv2%2Fproduct_brand&post=26298"},{"taxonomy":"product_cat","embeddable":true,"href":"http:\/\/basakcilastik.com.tr\/index.php?rest_route=%2Fwp%2Fv2%2Fproduct_cat&post=26298"},{"taxonomy":"product_tag","embeddable":true,"href":"http:\/\/basakcilastik.com.tr\/index.php?rest_route=%2Fwp%2Fv2%2Fproduct_tag&post=26298"}],"curies":[{"name":"wp","href":"https:\/\/api.w.org\/{rel}","templated":true}]}}