{"id":26296,"date":"2020-09-04T12:43:22","date_gmt":"2020-09-04T12:43:22","guid":{"rendered":"https:\/\/basakcilastik.com.tr\/?post_type=product&#038;p=26296"},"modified":"2020-09-04T12:43:23","modified_gmt":"2020-09-04T12:43:23","slug":"nitril-kopuk-eldivenler","status":"publish","type":"product","link":"http:\/\/basakcilastik.com.tr\/?product=nitril-kopuk-eldivenler","title":{"rendered":"Nitril K\u00f6p\u00fck Eldivenler"},"content":{"rendered":"<p>Ya\u011fl\u0131, \u0131slak ortamlarda kaymazl\u0131\u011f\u0131 sa\u011flayan koruyucu eldivendir.<\/p>\n<table width=\"100%\">\n<thead>\n<tr>\n<td><strong>\u00dcR\u00dcN KODU<\/strong><\/td>\n<td><strong>B\u0130R\u0130M<\/strong><\/td>\n<td><strong>Ebat (in\u00e7)400<\/strong><\/td>\n<td><strong>Eldiven Tipi400<\/strong><\/td>\n<td><strong>Paketleme Bilgisi Miktar400<\/strong><\/td>\n<td><strong>En 400<\/strong><\/td>\n<td><strong>Boy 400<\/strong><\/td>\n<td><strong>Y\u00fckseklik 400<\/strong><\/td>\n<td><strong>Net A\u011f\u0131rl\u0131k400<\/strong><\/td>\n<td><strong>Br\u00fct A\u011f\u0131rl\u0131k400<\/strong><\/td>\n<\/tr>\n<\/thead>\n<tbody>\n<tr>\n<td>05.01.06.02.40008<\/td>\n<td>AD<\/td>\n<td>8<\/td>\n<td>NF-UGR400<\/td>\n<td>1<\/td>\n<td>0<\/td>\n<td>0<\/td>\n<td>0<\/td>\n<td>0<\/td>\n<td>0<\/td>\n<\/tr>\n<tr>\n<td>05.01.06.02.40008<\/td>\n<td>PK<\/td>\n<td>8<\/td>\n<td>NF-UGR400<\/td>\n<td>10<\/td>\n<td>0<\/td>\n<td>0<\/td>\n<td>0<\/td>\n<td>0<\/td>\n<td>0<\/td>\n<\/tr>\n<tr>\n<td>05.01.06.02.40008<\/td>\n<td>KL<\/td>\n<td>8<\/td>\n<td>NF-UGR400<\/td>\n<td>120<\/td>\n<td>0<\/td>\n<td>0<\/td>\n<td>0<\/td>\n<td>0<\/td>\n<td>0<\/td>\n<\/tr>\n<tr>\n<td>05.01.06.02.40009<\/td>\n<td>AD<\/td>\n<td>9<\/td>\n<td>NF-UGR400<\/td>\n<td>1<\/td>\n<td>0<\/td>\n<td>0<\/td>\n<td>0<\/td>\n<td>0<\/td>\n<td>0<\/td>\n<\/tr>\n<tr>\n<td>05.01.06.02.40009<\/td>\n<td>PK<\/td>\n<td>9<\/td>\n<td>NF-UGR400<\/td>\n<td>10<\/td>\n<td>0<\/td>\n<td>0<\/td>\n<td>0<\/td>\n<td>0<\/td>\n<td>0<\/td>\n<\/tr>\n<tr>\n<td>05.01.06.02.40009<\/td>\n<td>KL<\/td>\n<td>9<\/td>\n<td>NF-UGR400<\/td>\n<td>120<\/td>\n<td>0<\/td>\n<td>0<\/td>\n<td>0<\/td>\n<td>0<\/td>\n<td>0<\/td>\n<\/tr>\n<tr>\n<td>05.01.06.02.40010<\/td>\n<td>AD<\/td>\n<td>10<\/td>\n<td>NF-UGR400<\/td>\n<td>1<\/td>\n<td>0<\/td>\n<td>0<\/td>\n<td>0<\/td>\n<td>0<\/td>\n<td>0<\/td>\n<\/tr>\n<tr>\n<td>05.01.06.02.40010<\/td>\n<td>PK<\/td>\n<td>10<\/td>\n<td>NF-UGR400<\/td>\n<td>120<\/td>\n<td>0<\/td>\n<td>0<\/td>\n<td>0<\/td>\n<td>0<\/td>\n<td>0<\/td>\n<\/tr>\n<tr>\n<td>05.01.06.02.40010<\/td>\n<td>KL<\/td>\n<td>10<\/td>\n<td>NF-UGR400<\/td>\n<td>120<\/td>\n<td>0<\/td>\n<td>0<\/td>\n<td>0<\/td>\n<td>0<\/td>\n<td>0<\/td>\n<\/tr>\n<\/tbody>\n<\/table>\n<p>&nbsp;<\/p>\n","protected":false},"excerpt":{"rendered":"<p>Ya\u011fl\u0131, \u0131slak ortamlarda kaymazl\u0131\u011f\u0131 sa\u011flayan koruyucu eldivendir. \u00dcR\u00dcN KODU B\u0130R\u0130M Ebat (in\u00e7)400 Eldiven Tipi400 Paketleme Bilgisi Miktar400 En 400 Boy 400 Y\u00fckseklik 400 Net A\u011f\u0131rl\u0131k400 Br\u00fct A\u011f\u0131rl\u0131k400 05.01.06.02.40008 AD 8 NF-UGR400 1 0 0 0 0 0 05.01.06.02.40008 PK 8 NF-UGR400 10 0 0 0 0 0 05.01.06.02.40008 KL 8 NF-UGR400 120 0 0 0 0 0 05.01.06.02.40009 AD 9 [&hellip;]<\/p>\n","protected":false},"featured_media":26299,"comment_status":"open","ping_status":"closed","template":"","meta":[],"product_brand":[],"product_cat":[15,158,155],"product_tag":[],"class_list":{"0":"post-26296","1":"product","2":"type-product","3":"status-publish","4":"has-post-thumbnail","6":"product_cat-genel","7":"product_cat-eldivenler","8":"product_cat-is-guvenligi","10":"first","11":"instock","12":"shipping-taxable","13":"product-type-simple"},"_links":{"self":[{"href":"http:\/\/basakcilastik.com.tr\/index.php?rest_route=\/wp\/v2\/product\/26296","targetHints":{"allow":["GET"]}}],"collection":[{"href":"http:\/\/basakcilastik.com.tr\/index.php?rest_route=\/wp\/v2\/product"}],"about":[{"href":"http:\/\/basakcilastik.com.tr\/index.php?rest_route=\/wp\/v2\/types\/product"}],"replies":[{"embeddable":true,"href":"http:\/\/basakcilastik.com.tr\/index.php?rest_route=%2Fwp%2Fv2%2Fcomments&post=26296"}],"wp:featuredmedia":[{"embeddable":true,"href":"http:\/\/basakcilastik.com.tr\/index.php?rest_route=\/wp\/v2\/media\/26299"}],"wp:attachment":[{"href":"http:\/\/basakcilastik.com.tr\/index.php?rest_route=%2Fwp%2Fv2%2Fmedia&parent=26296"}],"wp:term":[{"taxonomy":"product_brand","embeddable":true,"href":"http:\/\/basakcilastik.com.tr\/index.php?rest_route=%2Fwp%2Fv2%2Fproduct_brand&post=26296"},{"taxonomy":"product_cat","embeddable":true,"href":"http:\/\/basakcilastik.com.tr\/index.php?rest_route=%2Fwp%2Fv2%2Fproduct_cat&post=26296"},{"taxonomy":"product_tag","embeddable":true,"href":"http:\/\/basakcilastik.com.tr\/index.php?rest_route=%2Fwp%2Fv2%2Fproduct_tag&post=26296"}],"curies":[{"name":"wp","href":"https:\/\/api.w.org\/{rel}","templated":true}]}}