{"id":26288,"date":"2020-09-04T12:40:34","date_gmt":"2020-09-04T12:40:34","guid":{"rendered":"https:\/\/basakcilastik.com.tr\/?post_type=product&#038;p=26288"},"modified":"2020-09-04T12:40:36","modified_gmt":"2020-09-04T12:40:36","slug":"mermerci-eldiveni-lateks","status":"publish","type":"product","link":"http:\/\/basakcilastik.com.tr\/?product=mermerci-eldiveni-lateks","title":{"rendered":"Mermerci Eldiveni Lateks"},"content":{"rendered":"<p>Lateksten u\u0308retilmi\u015f, pamuk astarl\u0131, anti-slip \u00f6zelligi ile iyi kavramaya yarayan; in\u015faat, briket, tu\u011fla kimya end\u00fcstrisi, tar\u0131m, hayvanc\u0131l\u0131k ve temizlik alanlar\u0131nda kullan\u0131lan eldivendir.<\/p>\n<table width=\"100%\">\n<thead>\n<tr>\n<td><strong>\u00dcR\u00dcN KODU<\/strong><\/td>\n<td><strong>B\u0130R\u0130M<\/strong><\/td>\n<td><strong>Ebat (in\u00e7)<\/strong><\/td>\n<td><strong>Eldiven Tipi<\/strong><\/td>\n<td><strong>Paketleme Bilgisi Miktar<\/strong><\/td>\n<td><strong>En<\/strong><\/td>\n<td><strong>Boy<\/strong><\/td>\n<td><strong>Y\u00fckseklik<\/strong><\/td>\n<td><strong>Net A\u011f\u0131rl\u0131k<\/strong><\/td>\n<td><strong>Br\u00fct A\u011f\u0131rl\u0131k<\/strong><\/td>\n<\/tr>\n<\/thead>\n<tbody>\n<tr>\n<td>05.01.10.00.00007<\/td>\n<td>AD<\/td>\n<td>7-7.5<\/td>\n<td>S<\/td>\n<td>1<\/td>\n<td>0<\/td>\n<td>0<\/td>\n<td>0<\/td>\n<td>0<\/td>\n<td>0<\/td>\n<\/tr>\n<tr>\n<td>05.01.10.00.00007<\/td>\n<td>PK<\/td>\n<td>7-7.5<\/td>\n<td>S<\/td>\n<td>1<\/td>\n<td>0<\/td>\n<td>0<\/td>\n<td>0<\/td>\n<td>0<\/td>\n<td>0<\/td>\n<\/tr>\n<tr>\n<td>05.01.10.00.00007<\/td>\n<td>KL<\/td>\n<td>7-7.5<\/td>\n<td>S<\/td>\n<td>1<\/td>\n<td>0<\/td>\n<td>0<\/td>\n<td>0<\/td>\n<td>0<\/td>\n<td>0<\/td>\n<\/tr>\n<tr>\n<td>05.01.10.00.00008<\/td>\n<td>AD<\/td>\n<td>8-8.5<\/td>\n<td>M<\/td>\n<td>1<\/td>\n<td>0<\/td>\n<td>0<\/td>\n<td>0<\/td>\n<td>0<\/td>\n<td>0<\/td>\n<\/tr>\n<tr>\n<td>05.01.10.00.00008<\/td>\n<td>PK<\/td>\n<td>8-8.5<\/td>\n<td>M<\/td>\n<td>1<\/td>\n<td>0<\/td>\n<td>0<\/td>\n<td>0<\/td>\n<td>0<\/td>\n<td>0<\/td>\n<\/tr>\n<tr>\n<td>05.01.10.00.00008<\/td>\n<td>KL<\/td>\n<td>8-8.5<\/td>\n<td>M<\/td>\n<td>1<\/td>\n<td>0<\/td>\n<td>0<\/td>\n<td>0<\/td>\n<td>0<\/td>\n<td>0<\/td>\n<\/tr>\n<tr>\n<td>05.01.10.00.00009<\/td>\n<td>AD<\/td>\n<td>9-9.5<\/td>\n<td>L<\/td>\n<td>1<\/td>\n<td>0<\/td>\n<td>0<\/td>\n<td>0<\/td>\n<td>0<\/td>\n<td>0<\/td>\n<\/tr>\n<tr>\n<td>05.01.10.00.00009<\/td>\n<td>PK<\/td>\n<td>9-9.5<\/td>\n<td>L<\/td>\n<td>1<\/td>\n<td>0<\/td>\n<td>0<\/td>\n<td>0<\/td>\n<td>0<\/td>\n<td>0<\/td>\n<\/tr>\n<tr>\n<td>05.01.10.00.00009<\/td>\n<td>KL<\/td>\n<td>9-9.5<\/td>\n<td>L<\/td>\n<td>1<\/td>\n<td>0<\/td>\n<td>0<\/td>\n<td>0<\/td>\n<td>0<\/td>\n<td>0<\/td>\n<\/tr>\n<tr>\n<td>05.01.10.00.00010<\/td>\n<td>AD<\/td>\n<td>10-10.5<\/td>\n<td>XL<\/td>\n<td>1<\/td>\n<td>0<\/td>\n<td>0<\/td>\n<td>0<\/td>\n<td>0<\/td>\n<td>0<\/td>\n<\/tr>\n<tr>\n<td>05.01.10.00.00010<\/td>\n<td>PK<\/td>\n<td>10-10.5<\/td>\n<td>XL<\/td>\n<td>1<\/td>\n<td>0<\/td>\n<td>0<\/td>\n<td>0<\/td>\n<td>0<\/td>\n<td>0<\/td>\n<\/tr>\n<tr>\n<td>05.01.10.00.00010<\/td>\n<td>KL<\/td>\n<td>10-10.5<\/td>\n<td>XL<\/td>\n<td>1<\/td>\n<td>0<\/td>\n<td>0<\/td>\n<td>0<\/td>\n<td>0<\/td>\n<td>0<\/td>\n<\/tr>\n<\/tbody>\n<\/table>\n<p>&nbsp;<\/p>\n","protected":false},"excerpt":{"rendered":"<p>Lateksten u\u0308retilmi\u015f, pamuk astarl\u0131, anti-slip \u00f6zelligi ile iyi kavramaya yarayan; in\u015faat, briket, tu\u011fla kimya end\u00fcstrisi, tar\u0131m, hayvanc\u0131l\u0131k ve temizlik alanlar\u0131nda kullan\u0131lan eldivendir. \u00dcR\u00dcN KODU B\u0130R\u0130M Ebat (in\u00e7) Eldiven Tipi Paketleme Bilgisi Miktar En Boy Y\u00fckseklik Net A\u011f\u0131rl\u0131k Br\u00fct A\u011f\u0131rl\u0131k 05.01.10.00.00007 AD 7-7.5 S 1 0 0 0 0 0 05.01.10.00.00007 PK 7-7.5 S 1 0 0 0 0 0 05.01.10.00.00007 [&hellip;]<\/p>\n","protected":false},"featured_media":26291,"comment_status":"open","ping_status":"closed","template":"","meta":[],"product_brand":[],"product_cat":[15,158,155],"product_tag":[],"class_list":{"0":"post-26288","1":"product","2":"type-product","3":"status-publish","4":"has-post-thumbnail","6":"product_cat-genel","7":"product_cat-eldivenler","8":"product_cat-is-guvenligi","10":"first","11":"instock","12":"shipping-taxable","13":"product-type-simple"},"_links":{"self":[{"href":"http:\/\/basakcilastik.com.tr\/index.php?rest_route=\/wp\/v2\/product\/26288","targetHints":{"allow":["GET"]}}],"collection":[{"href":"http:\/\/basakcilastik.com.tr\/index.php?rest_route=\/wp\/v2\/product"}],"about":[{"href":"http:\/\/basakcilastik.com.tr\/index.php?rest_route=\/wp\/v2\/types\/product"}],"replies":[{"embeddable":true,"href":"http:\/\/basakcilastik.com.tr\/index.php?rest_route=%2Fwp%2Fv2%2Fcomments&post=26288"}],"wp:featuredmedia":[{"embeddable":true,"href":"http:\/\/basakcilastik.com.tr\/index.php?rest_route=\/wp\/v2\/media\/26291"}],"wp:attachment":[{"href":"http:\/\/basakcilastik.com.tr\/index.php?rest_route=%2Fwp%2Fv2%2Fmedia&parent=26288"}],"wp:term":[{"taxonomy":"product_brand","embeddable":true,"href":"http:\/\/basakcilastik.com.tr\/index.php?rest_route=%2Fwp%2Fv2%2Fproduct_brand&post=26288"},{"taxonomy":"product_cat","embeddable":true,"href":"http:\/\/basakcilastik.com.tr\/index.php?rest_route=%2Fwp%2Fv2%2Fproduct_cat&post=26288"},{"taxonomy":"product_tag","embeddable":true,"href":"http:\/\/basakcilastik.com.tr\/index.php?rest_route=%2Fwp%2Fv2%2Fproduct_tag&post=26288"}],"curies":[{"name":"wp","href":"https:\/\/api.w.org\/{rel}","templated":true}]}}