{"id":26088,"date":"2020-09-02T22:09:28","date_gmt":"2020-09-02T22:09:28","guid":{"rendered":"https:\/\/basakcilastik.com.tr\/?post_type=product&#038;p=26088"},"modified":"2020-09-02T22:09:29","modified_gmt":"2020-09-02T22:09:29","slug":"80-100-17-46p-on-lastik-michelin-city-pro","status":"publish","type":"product","link":"http:\/\/basakcilastik.com.tr\/?product=80-100-17-46p-on-lastik-michelin-city-pro","title":{"rendered":"80-100-17 46P \u00d6N LAST\u0130K MICHELIN CITY PRO"},"content":{"rendered":"<p><strong>MICHELIN City Pro<\/strong><\/p>\n<p><strong>UZUN \u00d6M\u00dcRL\u00dc VE DAYANIKLI LAST\u0130K<\/strong><\/p>\n<ul>\n<li><strong>G\u00fc\u00e7lendirilmi\u015f karkas yap\u0131s\u0131 sayesinde d\u0131\u015f darbelere kar\u015f\u0131 daha dayanakl\u0131.<\/strong><\/li>\n<li><strong>Desen yap\u0131s\u0131 sayesinde \u0131slak zeminli yollarda bile \u00fcst\u00fcn yol tutu\u015f.<\/strong><\/li>\n<\/ul>\n<p>&nbsp;<\/p>\n","protected":false},"excerpt":{"rendered":"<p>MICHELIN City Pro UZUN \u00d6M\u00dcRL\u00dc VE DAYANIKLI LAST\u0130K G\u00fc\u00e7lendirilmi\u015f karkas yap\u0131s\u0131 sayesinde d\u0131\u015f darbelere kar\u015f\u0131 daha dayanakl\u0131. Desen yap\u0131s\u0131 sayesinde \u0131slak zeminli yollarda bile \u00fcst\u00fcn yol tutu\u015f. &nbsp;<\/p>\n","protected":false},"featured_media":26089,"comment_status":"open","ping_status":"closed","template":"","meta":[],"product_brand":[],"product_cat":[15,114,125],"product_tag":[],"class_list":{"0":"post-26088","1":"product","2":"type-product","3":"status-publish","4":"has-post-thumbnail","6":"product_cat-genel","7":"product_cat-ic-ve-dis-lastikler","8":"product_cat-michelin-lastikler","10":"first","11":"instock","12":"shipping-taxable","13":"product-type-simple"},"_links":{"self":[{"href":"http:\/\/basakcilastik.com.tr\/index.php?rest_route=\/wp\/v2\/product\/26088","targetHints":{"allow":["GET"]}}],"collection":[{"href":"http:\/\/basakcilastik.com.tr\/index.php?rest_route=\/wp\/v2\/product"}],"about":[{"href":"http:\/\/basakcilastik.com.tr\/index.php?rest_route=\/wp\/v2\/types\/product"}],"replies":[{"embeddable":true,"href":"http:\/\/basakcilastik.com.tr\/index.php?rest_route=%2Fwp%2Fv2%2Fcomments&post=26088"}],"wp:featuredmedia":[{"embeddable":true,"href":"http:\/\/basakcilastik.com.tr\/index.php?rest_route=\/wp\/v2\/media\/26089"}],"wp:attachment":[{"href":"http:\/\/basakcilastik.com.tr\/index.php?rest_route=%2Fwp%2Fv2%2Fmedia&parent=26088"}],"wp:term":[{"taxonomy":"product_brand","embeddable":true,"href":"http:\/\/basakcilastik.com.tr\/index.php?rest_route=%2Fwp%2Fv2%2Fproduct_brand&post=26088"},{"taxonomy":"product_cat","embeddable":true,"href":"http:\/\/basakcilastik.com.tr\/index.php?rest_route=%2Fwp%2Fv2%2Fproduct_cat&post=26088"},{"taxonomy":"product_tag","embeddable":true,"href":"http:\/\/basakcilastik.com.tr\/index.php?rest_route=%2Fwp%2Fv2%2Fproduct_tag&post=26088"}],"curies":[{"name":"wp","href":"https:\/\/api.w.org\/{rel}","templated":true}]}}