{"id":26052,"date":"2020-09-02T21:57:49","date_gmt":"2020-09-02T21:57:49","guid":{"rendered":"https:\/\/basakcilastik.com.tr\/?post_type=product&#038;p=26052"},"modified":"2020-09-02T21:57:51","modified_gmt":"2020-09-02T21:57:51","slug":"umas-mondial-350-10-bl034-istanbul-tl-4pr-dis-lastik","status":"publish","type":"product","link":"http:\/\/basakcilastik.com.tr\/?product=umas-mondial-350-10-bl034-istanbul-tl-4pr-dis-lastik","title":{"rendered":"UMAS (MONDIAL) 350-10 BL034 \u0130STANBUL TL 4PR DI\u015e LAST\u0130K"},"content":{"rendered":"<p>UMAS (MONDIAL) 350-10 BL034 \u0130STANBUL TL 4PR DI\u015e LAST\u0130K<\/p>\n","protected":false},"excerpt":{"rendered":"<p>UMAS (MONDIAL) 350-10 BL034 \u0130STANBUL TL 4PR DI\u015e LAST\u0130K<\/p>\n","protected":false},"featured_media":26055,"comment_status":"open","ping_status":"closed","template":"","meta":[],"product_brand":[],"product_cat":[15,114,124],"product_tag":[],"class_list":{"0":"post-26052","1":"product","2":"type-product","3":"status-publish","4":"has-post-thumbnail","6":"product_cat-genel","7":"product_cat-ic-ve-dis-lastikler","8":"product_cat-ithal-lastikler","10":"first","11":"instock","12":"shipping-taxable","13":"product-type-simple"},"_links":{"self":[{"href":"http:\/\/basakcilastik.com.tr\/index.php?rest_route=\/wp\/v2\/product\/26052","targetHints":{"allow":["GET"]}}],"collection":[{"href":"http:\/\/basakcilastik.com.tr\/index.php?rest_route=\/wp\/v2\/product"}],"about":[{"href":"http:\/\/basakcilastik.com.tr\/index.php?rest_route=\/wp\/v2\/types\/product"}],"replies":[{"embeddable":true,"href":"http:\/\/basakcilastik.com.tr\/index.php?rest_route=%2Fwp%2Fv2%2Fcomments&post=26052"}],"wp:featuredmedia":[{"embeddable":true,"href":"http:\/\/basakcilastik.com.tr\/index.php?rest_route=\/wp\/v2\/media\/26055"}],"wp:attachment":[{"href":"http:\/\/basakcilastik.com.tr\/index.php?rest_route=%2Fwp%2Fv2%2Fmedia&parent=26052"}],"wp:term":[{"taxonomy":"product_brand","embeddable":true,"href":"http:\/\/basakcilastik.com.tr\/index.php?rest_route=%2Fwp%2Fv2%2Fproduct_brand&post=26052"},{"taxonomy":"product_cat","embeddable":true,"href":"http:\/\/basakcilastik.com.tr\/index.php?rest_route=%2Fwp%2Fv2%2Fproduct_cat&post=26052"},{"taxonomy":"product_tag","embeddable":true,"href":"http:\/\/basakcilastik.com.tr\/index.php?rest_route=%2Fwp%2Fv2%2Fproduct_tag&post=26052"}],"curies":[{"name":"wp","href":"https:\/\/api.w.org\/{rel}","templated":true}]}}