{"id":26025,"date":"2020-09-02T21:49:15","date_gmt":"2020-09-02T21:49:15","guid":{"rendered":"https:\/\/basakcilastik.com.tr\/?post_type=product&#038;p=26025"},"modified":"2020-09-02T21:49:17","modified_gmt":"2020-09-02T21:49:17","slug":"panda-225-250-17-motosiklet-ic-lastik","status":"publish","type":"product","link":"http:\/\/basakcilastik.com.tr\/?product=panda-225-250-17-motosiklet-ic-lastik","title":{"rendered":"PANDA 225-250-17 MOTOS\u0130KLET \u0130\u00c7 LAST\u0130K"},"content":{"rendered":"<p>PANDA 225-250-17 MOTOS\u0130KLET \u0130\u00c7 LAST\u0130K<\/p>\n","protected":false},"excerpt":{"rendered":"<p>PANDA 225-250-17 MOTOS\u0130KLET \u0130\u00c7 LAST\u0130K<\/p>\n","protected":false},"featured_media":26028,"comment_status":"open","ping_status":"closed","template":"","meta":[],"product_brand":[],"product_cat":[15,114,124],"product_tag":[],"class_list":{"0":"post-26025","1":"product","2":"type-product","3":"status-publish","4":"has-post-thumbnail","6":"product_cat-genel","7":"product_cat-ic-ve-dis-lastikler","8":"product_cat-ithal-lastikler","10":"first","11":"instock","12":"shipping-taxable","13":"product-type-simple"},"_links":{"self":[{"href":"http:\/\/basakcilastik.com.tr\/index.php?rest_route=\/wp\/v2\/product\/26025","targetHints":{"allow":["GET"]}}],"collection":[{"href":"http:\/\/basakcilastik.com.tr\/index.php?rest_route=\/wp\/v2\/product"}],"about":[{"href":"http:\/\/basakcilastik.com.tr\/index.php?rest_route=\/wp\/v2\/types\/product"}],"replies":[{"embeddable":true,"href":"http:\/\/basakcilastik.com.tr\/index.php?rest_route=%2Fwp%2Fv2%2Fcomments&post=26025"}],"wp:featuredmedia":[{"embeddable":true,"href":"http:\/\/basakcilastik.com.tr\/index.php?rest_route=\/wp\/v2\/media\/26028"}],"wp:attachment":[{"href":"http:\/\/basakcilastik.com.tr\/index.php?rest_route=%2Fwp%2Fv2%2Fmedia&parent=26025"}],"wp:term":[{"taxonomy":"product_brand","embeddable":true,"href":"http:\/\/basakcilastik.com.tr\/index.php?rest_route=%2Fwp%2Fv2%2Fproduct_brand&post=26025"},{"taxonomy":"product_cat","embeddable":true,"href":"http:\/\/basakcilastik.com.tr\/index.php?rest_route=%2Fwp%2Fv2%2Fproduct_cat&post=26025"},{"taxonomy":"product_tag","embeddable":true,"href":"http:\/\/basakcilastik.com.tr\/index.php?rest_route=%2Fwp%2Fv2%2Fproduct_tag&post=26025"}],"curies":[{"name":"wp","href":"https:\/\/api.w.org\/{rel}","templated":true}]}}