{"id":25909,"date":"2020-09-02T14:46:38","date_gmt":"2020-09-02T14:46:38","guid":{"rendered":"https:\/\/basakcilastik.com.tr\/?post_type=product&#038;p=25909"},"modified":"2020-09-02T14:46:39","modified_gmt":"2020-09-02T14:46:39","slug":"duro-300-8-di4002-siyah-tt-4pr-dis-lastik","status":"publish","type":"product","link":"http:\/\/basakcilastik.com.tr\/?product=duro-300-8-di4002-siyah-tt-4pr-dis-lastik","title":{"rendered":"DURO 300-8 DI4002 S\u0130YAH TT 4PR DI\u015e LAST\u0130K"},"content":{"rendered":"<p>DURO 300-8 DI4002 S\u0130YAH TT 4PR DI\u015e LAST\u0130K<\/p>\n","protected":false},"excerpt":{"rendered":"<p>DURO 300-8 DI4002 S\u0130YAH TT 4PR DI\u015e LAST\u0130K<\/p>\n","protected":false},"featured_media":25912,"comment_status":"open","ping_status":"closed","template":"","meta":[],"product_brand":[],"product_cat":[15,114,124],"product_tag":[],"class_list":{"0":"post-25909","1":"product","2":"type-product","3":"status-publish","4":"has-post-thumbnail","6":"product_cat-genel","7":"product_cat-ic-ve-dis-lastikler","8":"product_cat-ithal-lastikler","10":"first","11":"instock","12":"shipping-taxable","13":"product-type-simple"},"_links":{"self":[{"href":"http:\/\/basakcilastik.com.tr\/index.php?rest_route=\/wp\/v2\/product\/25909","targetHints":{"allow":["GET"]}}],"collection":[{"href":"http:\/\/basakcilastik.com.tr\/index.php?rest_route=\/wp\/v2\/product"}],"about":[{"href":"http:\/\/basakcilastik.com.tr\/index.php?rest_route=\/wp\/v2\/types\/product"}],"replies":[{"embeddable":true,"href":"http:\/\/basakcilastik.com.tr\/index.php?rest_route=%2Fwp%2Fv2%2Fcomments&post=25909"}],"wp:featuredmedia":[{"embeddable":true,"href":"http:\/\/basakcilastik.com.tr\/index.php?rest_route=\/wp\/v2\/media\/25912"}],"wp:attachment":[{"href":"http:\/\/basakcilastik.com.tr\/index.php?rest_route=%2Fwp%2Fv2%2Fmedia&parent=25909"}],"wp:term":[{"taxonomy":"product_brand","embeddable":true,"href":"http:\/\/basakcilastik.com.tr\/index.php?rest_route=%2Fwp%2Fv2%2Fproduct_brand&post=25909"},{"taxonomy":"product_cat","embeddable":true,"href":"http:\/\/basakcilastik.com.tr\/index.php?rest_route=%2Fwp%2Fv2%2Fproduct_cat&post=25909"},{"taxonomy":"product_tag","embeddable":true,"href":"http:\/\/basakcilastik.com.tr\/index.php?rest_route=%2Fwp%2Fv2%2Fproduct_tag&post=25909"}],"curies":[{"name":"wp","href":"https:\/\/api.w.org\/{rel}","templated":true}]}}