{"id":25803,"date":"2020-09-01T21:13:38","date_gmt":"2020-09-01T21:13:38","guid":{"rendered":"https:\/\/basakcilastik.com.tr\/?post_type=product&#038;p=25803"},"modified":"2020-09-01T21:13:39","modified_gmt":"2020-09-01T21:13:39","slug":"knk-25-kamyonet-minibus-lastigi","status":"publish","type":"product","link":"http:\/\/basakcilastik.com.tr\/?product=knk-25-kamyonet-minibus-lastigi","title":{"rendered":"KNK-25 Kamyonet &#8211; Minib\u00fcs Lasti\u011fi"},"content":{"rendered":"<p>KNK-25 Kamyonet &#8211; Minib\u00fcs Lasti\u011fi<\/p>\n","protected":false},"excerpt":{"rendered":"<p>KNK-25 Kamyonet &#8211; Minib\u00fcs Lasti\u011fi<\/p>\n","protected":false},"featured_media":25806,"comment_status":"open","ping_status":"closed","template":"","meta":[],"product_brand":[],"product_cat":[15,120,114],"product_tag":[],"class_list":{"0":"post-25803","1":"product","2":"type-product","3":"status-publish","4":"has-post-thumbnail","6":"product_cat-genel","7":"product_cat-hafif-ticari-lastikler","8":"product_cat-ic-ve-dis-lastikler","10":"first","11":"instock","12":"shipping-taxable","13":"product-type-simple"},"_links":{"self":[{"href":"http:\/\/basakcilastik.com.tr\/index.php?rest_route=\/wp\/v2\/product\/25803","targetHints":{"allow":["GET"]}}],"collection":[{"href":"http:\/\/basakcilastik.com.tr\/index.php?rest_route=\/wp\/v2\/product"}],"about":[{"href":"http:\/\/basakcilastik.com.tr\/index.php?rest_route=\/wp\/v2\/types\/product"}],"replies":[{"embeddable":true,"href":"http:\/\/basakcilastik.com.tr\/index.php?rest_route=%2Fwp%2Fv2%2Fcomments&post=25803"}],"wp:featuredmedia":[{"embeddable":true,"href":"http:\/\/basakcilastik.com.tr\/index.php?rest_route=\/wp\/v2\/media\/25806"}],"wp:attachment":[{"href":"http:\/\/basakcilastik.com.tr\/index.php?rest_route=%2Fwp%2Fv2%2Fmedia&parent=25803"}],"wp:term":[{"taxonomy":"product_brand","embeddable":true,"href":"http:\/\/basakcilastik.com.tr\/index.php?rest_route=%2Fwp%2Fv2%2Fproduct_brand&post=25803"},{"taxonomy":"product_cat","embeddable":true,"href":"http:\/\/basakcilastik.com.tr\/index.php?rest_route=%2Fwp%2Fv2%2Fproduct_cat&post=25803"},{"taxonomy":"product_tag","embeddable":true,"href":"http:\/\/basakcilastik.com.tr\/index.php?rest_route=%2Fwp%2Fv2%2Fproduct_tag&post=25803"}],"curies":[{"name":"wp","href":"https:\/\/api.w.org\/{rel}","templated":true}]}}