{"id":25787,"date":"2020-09-01T21:06:59","date_gmt":"2020-09-01T21:06:59","guid":{"rendered":"https:\/\/basakcilastik.com.tr\/?post_type=product&#038;p=25787"},"modified":"2020-09-01T21:07:00","modified_gmt":"2020-09-01T21:07:00","slug":"or-71-radyal-hafriyat-lastigi","status":"publish","type":"product","link":"http:\/\/basakcilastik.com.tr\/?product=or-71-radyal-hafriyat-lastigi","title":{"rendered":"OR-71 Radyal Hafriyat Lasti\u011fi"},"content":{"rendered":"<p><strong>OR-71 Radyal Hafriyat Lasti\u011fi<\/strong><\/p>\n<ul>\n<li>Y\u00fcksek \u00e7eki\u015f g\u00fcc\u00fc<\/li>\n<li>Uzun servis \u00f6mr\u00fc<\/li>\n<li>Esnek yap\u0131s\u0131 sayesinde s\u00fcr\u00fc\u015f konforu<\/li>\n<li>G\u00fc\u00e7l\u00fc karkas yap\u0131<\/li>\n<li>Geni\u015f omuz bloklar\u0131 sayesinde yorulmalara kar\u015f\u0131 y\u00fcksek diren\u00e7li yap\u0131<\/li>\n<li>Kesilmelere dayan\u0131kl\u0131 g\u00fc\u00e7l\u00fc s\u0131rt yap\u0131s\u0131<\/li>\n<li>Geni\u015f taban\u0131 sayesinde y\u00fcksek \u00e7eki\u015fte \u00fcst\u00fcn performans<\/li>\n<li>\u00d6zel di\u015f yap\u0131s\u0131 sayesinde \u00e7amur tutmama \u00f6zelli\u011fi<\/li>\n<\/ul>\n<p><strong>Y\u00fcksek y\u00fck kapasitesi<\/strong><\/p>\n<p><strong>Delinmelere kar\u015f\u0131 dayan\u0131kl\u0131l\u0131k<\/strong><\/p>\n<p><strong>Denge sa\u011flaml\u0131\u011f\u0131<\/strong><\/p>\n<p><strong>Konforlu s\u00fcr\u00fc\u015f<\/strong><\/p>\n<p><strong>Y\u00fcksek \u00e7eki\u015f g\u00fcc\u00fc<\/strong><\/p>\n<p><strong>Topuk korumas\u0131<\/strong><\/p>\n<p><strong>UYUMLU ARA\u00c7 MODELLER\u0130<\/strong><\/p>\n<p>&nbsp;<\/p>\n","protected":false},"excerpt":{"rendered":"<p>OR-71 Radyal Hafriyat Lasti\u011fi Y\u00fcksek \u00e7eki\u015f g\u00fcc\u00fc Uzun servis \u00f6mr\u00fc Esnek yap\u0131s\u0131 sayesinde s\u00fcr\u00fc\u015f konforu G\u00fc\u00e7l\u00fc karkas yap\u0131 Geni\u015f omuz bloklar\u0131 sayesinde yorulmalara kar\u015f\u0131 y\u00fcksek diren\u00e7li yap\u0131 Kesilmelere dayan\u0131kl\u0131 g\u00fc\u00e7l\u00fc s\u0131rt yap\u0131s\u0131 Geni\u015f taban\u0131 sayesinde y\u00fcksek \u00e7eki\u015fte \u00fcst\u00fcn performans \u00d6zel di\u015f yap\u0131s\u0131 sayesinde \u00e7amur tutmama \u00f6zelli\u011fi Y\u00fcksek y\u00fck kapasitesi Delinmelere kar\u015f\u0131 dayan\u0131kl\u0131l\u0131k Denge sa\u011flaml\u0131\u011f\u0131 Konforlu s\u00fcr\u00fc\u015f Y\u00fcksek \u00e7eki\u015f g\u00fcc\u00fc Topuk [&hellip;]<\/p>\n","protected":false},"featured_media":25790,"comment_status":"open","ping_status":"closed","template":"","meta":[],"product_brand":[],"product_cat":[15,117,114],"product_tag":[],"class_list":{"0":"post-25787","1":"product","2":"type-product","3":"status-publish","4":"has-post-thumbnail","6":"product_cat-genel","7":"product_cat-endustriyel-lastikler","8":"product_cat-ic-ve-dis-lastikler","10":"first","11":"instock","12":"shipping-taxable","13":"product-type-simple"},"_links":{"self":[{"href":"http:\/\/basakcilastik.com.tr\/index.php?rest_route=\/wp\/v2\/product\/25787","targetHints":{"allow":["GET"]}}],"collection":[{"href":"http:\/\/basakcilastik.com.tr\/index.php?rest_route=\/wp\/v2\/product"}],"about":[{"href":"http:\/\/basakcilastik.com.tr\/index.php?rest_route=\/wp\/v2\/types\/product"}],"replies":[{"embeddable":true,"href":"http:\/\/basakcilastik.com.tr\/index.php?rest_route=%2Fwp%2Fv2%2Fcomments&post=25787"}],"wp:featuredmedia":[{"embeddable":true,"href":"http:\/\/basakcilastik.com.tr\/index.php?rest_route=\/wp\/v2\/media\/25790"}],"wp:attachment":[{"href":"http:\/\/basakcilastik.com.tr\/index.php?rest_route=%2Fwp%2Fv2%2Fmedia&parent=25787"}],"wp:term":[{"taxonomy":"product_brand","embeddable":true,"href":"http:\/\/basakcilastik.com.tr\/index.php?rest_route=%2Fwp%2Fv2%2Fproduct_brand&post=25787"},{"taxonomy":"product_cat","embeddable":true,"href":"http:\/\/basakcilastik.com.tr\/index.php?rest_route=%2Fwp%2Fv2%2Fproduct_cat&post=25787"},{"taxonomy":"product_tag","embeddable":true,"href":"http:\/\/basakcilastik.com.tr\/index.php?rest_route=%2Fwp%2Fv2%2Fproduct_tag&post=25787"}],"curies":[{"name":"wp","href":"https:\/\/api.w.org\/{rel}","templated":true}]}}