{"id":25785,"date":"2020-09-01T21:06:06","date_gmt":"2020-09-01T21:06:06","guid":{"rendered":"https:\/\/basakcilastik.com.tr\/?post_type=product&#038;p=25785"},"modified":"2020-09-01T21:06:07","modified_gmt":"2020-09-01T21:06:07","slug":"knk-88-yol-yapim-lastigi","status":"publish","type":"product","link":"http:\/\/basakcilastik.com.tr\/?product=knk-88-yol-yapim-lastigi","title":{"rendered":"KNK-88 Yol Yap\u0131m Lasti\u011fi"},"content":{"rendered":"<p><strong>KNK-88 Yol Yap\u0131m Lasti\u011fi<\/strong><\/p>\n<ul>\n<li>D\u00fczlemsel y\u00fczeyli s\u0131rt deseni ile asfalt\u0131 ayn\u0131 oranda s\u0131k\u0131\u015ft\u0131rma kabiliyeti<\/li>\n<li>Yanak b\u00f6lgesinde g\u00fc\u00e7l\u00fc karkas yap\u0131s\u0131yla stabil \u00e7al\u0131\u015fma \u00f6zelli\u011fi<\/li>\n<\/ul>\n<p><strong>Is\u0131ya dayan\u0131kl\u0131 s\u0131rt hamuru<\/strong><\/p>\n<p><strong>Dayan\u0131kl\u0131l\u0131k<\/strong><\/p>\n<p><strong>Denge sa\u011flaml\u0131\u011f\u0131<\/strong><\/p>\n<p><strong>UYUMLU ARA\u00c7 MODELLER\u0130<\/strong><\/p>\n<p>&nbsp;<\/p>\n","protected":false},"excerpt":{"rendered":"<p>KNK-88 Yol Yap\u0131m Lasti\u011fi D\u00fczlemsel y\u00fczeyli s\u0131rt deseni ile asfalt\u0131 ayn\u0131 oranda s\u0131k\u0131\u015ft\u0131rma kabiliyeti Yanak b\u00f6lgesinde g\u00fc\u00e7l\u00fc karkas yap\u0131s\u0131yla stabil \u00e7al\u0131\u015fma \u00f6zelli\u011fi Is\u0131ya dayan\u0131kl\u0131 s\u0131rt hamuru Dayan\u0131kl\u0131l\u0131k Denge sa\u011flaml\u0131\u011f\u0131 UYUMLU ARA\u00c7 MODELLER\u0130 &nbsp;<\/p>\n","protected":false},"featured_media":25788,"comment_status":"open","ping_status":"closed","template":"","meta":[],"product_brand":[],"product_cat":[15,117,114],"product_tag":[],"class_list":{"0":"post-25785","1":"product","2":"type-product","3":"status-publish","4":"has-post-thumbnail","6":"product_cat-genel","7":"product_cat-endustriyel-lastikler","8":"product_cat-ic-ve-dis-lastikler","10":"first","11":"instock","12":"shipping-taxable","13":"product-type-simple"},"_links":{"self":[{"href":"http:\/\/basakcilastik.com.tr\/index.php?rest_route=\/wp\/v2\/product\/25785","targetHints":{"allow":["GET"]}}],"collection":[{"href":"http:\/\/basakcilastik.com.tr\/index.php?rest_route=\/wp\/v2\/product"}],"about":[{"href":"http:\/\/basakcilastik.com.tr\/index.php?rest_route=\/wp\/v2\/types\/product"}],"replies":[{"embeddable":true,"href":"http:\/\/basakcilastik.com.tr\/index.php?rest_route=%2Fwp%2Fv2%2Fcomments&post=25785"}],"wp:featuredmedia":[{"embeddable":true,"href":"http:\/\/basakcilastik.com.tr\/index.php?rest_route=\/wp\/v2\/media\/25788"}],"wp:attachment":[{"href":"http:\/\/basakcilastik.com.tr\/index.php?rest_route=%2Fwp%2Fv2%2Fmedia&parent=25785"}],"wp:term":[{"taxonomy":"product_brand","embeddable":true,"href":"http:\/\/basakcilastik.com.tr\/index.php?rest_route=%2Fwp%2Fv2%2Fproduct_brand&post=25785"},{"taxonomy":"product_cat","embeddable":true,"href":"http:\/\/basakcilastik.com.tr\/index.php?rest_route=%2Fwp%2Fv2%2Fproduct_cat&post=25785"},{"taxonomy":"product_tag","embeddable":true,"href":"http:\/\/basakcilastik.com.tr\/index.php?rest_route=%2Fwp%2Fv2%2Fproduct_tag&post=25785"}],"curies":[{"name":"wp","href":"https:\/\/api.w.org\/{rel}","templated":true}]}}