{"id":25783,"date":"2020-09-01T21:05:12","date_gmt":"2020-09-01T21:05:12","guid":{"rendered":"https:\/\/basakcilastik.com.tr\/?post_type=product&#038;p=25783"},"modified":"2020-09-01T21:05:13","modified_gmt":"2020-09-01T21:05:13","slug":"knk-77-yol-yapim-makinesi-lastigi","status":"publish","type":"product","link":"http:\/\/basakcilastik.com.tr\/?product=knk-77-yol-yapim-makinesi-lastigi","title":{"rendered":"KNK-77 Yol Yap\u0131m Makinesi Lasti\u011fi"},"content":{"rendered":"<p><strong>KNK-77 Yol Yap\u0131m Makinesi Lasti\u011fi<\/strong><\/p>\n<ul>\n<li>Bloklu deseni, omuz ve taban geni\u015fli\u011fiyle y\u00fcksek yol tutu\u015f kabiliyeti<\/li>\n<li>End\u00fcstriyel ve yol d\u0131\u015f\u0131 kullan\u0131ma uygun deseni ile a\u015f\u0131nmaya kar\u015f\u0131 diren\u00e7li yap\u0131<\/li>\n<li>Kum ve yol yap\u0131m \u00e7al\u0131\u015fmas\u0131 gibi durumlarda olu\u015fan yumu\u015fak zeminlerde kolay kullan\u0131m, dengeli bir s\u00fcr\u00fc\u015f ve kolay kontrol sa\u011flayan geni\u015f omuzlu ve bloklu yap\u0131<\/li>\n<\/ul>\n<p><strong>A\u011f\u0131r i\u015fe uygunluk<\/strong><\/p>\n<p><strong>Dayan\u0131kl\u0131l\u0131k<\/strong><\/p>\n<p><strong>UYUMLU ARA\u00c7 MODELLER\u0130<\/strong><\/p>\n<p>&nbsp;<\/p>\n","protected":false},"excerpt":{"rendered":"<p>KNK-77 Yol Yap\u0131m Makinesi Lasti\u011fi Bloklu deseni, omuz ve taban geni\u015fli\u011fiyle y\u00fcksek yol tutu\u015f kabiliyeti End\u00fcstriyel ve yol d\u0131\u015f\u0131 kullan\u0131ma uygun deseni ile a\u015f\u0131nmaya kar\u015f\u0131 diren\u00e7li yap\u0131 Kum ve yol yap\u0131m \u00e7al\u0131\u015fmas\u0131 gibi durumlarda olu\u015fan yumu\u015fak zeminlerde kolay kullan\u0131m, dengeli bir s\u00fcr\u00fc\u015f ve kolay kontrol sa\u011flayan geni\u015f omuzlu ve bloklu yap\u0131 A\u011f\u0131r i\u015fe uygunluk Dayan\u0131kl\u0131l\u0131k UYUMLU ARA\u00c7 MODELLER\u0130 &nbsp;<\/p>\n","protected":false},"featured_media":25786,"comment_status":"open","ping_status":"closed","template":"","meta":[],"product_brand":[],"product_cat":[15,117,114],"product_tag":[],"class_list":{"0":"post-25783","1":"product","2":"type-product","3":"status-publish","4":"has-post-thumbnail","6":"product_cat-genel","7":"product_cat-endustriyel-lastikler","8":"product_cat-ic-ve-dis-lastikler","10":"first","11":"instock","12":"shipping-taxable","13":"product-type-simple"},"_links":{"self":[{"href":"http:\/\/basakcilastik.com.tr\/index.php?rest_route=\/wp\/v2\/product\/25783","targetHints":{"allow":["GET"]}}],"collection":[{"href":"http:\/\/basakcilastik.com.tr\/index.php?rest_route=\/wp\/v2\/product"}],"about":[{"href":"http:\/\/basakcilastik.com.tr\/index.php?rest_route=\/wp\/v2\/types\/product"}],"replies":[{"embeddable":true,"href":"http:\/\/basakcilastik.com.tr\/index.php?rest_route=%2Fwp%2Fv2%2Fcomments&post=25783"}],"wp:featuredmedia":[{"embeddable":true,"href":"http:\/\/basakcilastik.com.tr\/index.php?rest_route=\/wp\/v2\/media\/25786"}],"wp:attachment":[{"href":"http:\/\/basakcilastik.com.tr\/index.php?rest_route=%2Fwp%2Fv2%2Fmedia&parent=25783"}],"wp:term":[{"taxonomy":"product_brand","embeddable":true,"href":"http:\/\/basakcilastik.com.tr\/index.php?rest_route=%2Fwp%2Fv2%2Fproduct_brand&post=25783"},{"taxonomy":"product_cat","embeddable":true,"href":"http:\/\/basakcilastik.com.tr\/index.php?rest_route=%2Fwp%2Fv2%2Fproduct_cat&post=25783"},{"taxonomy":"product_tag","embeddable":true,"href":"http:\/\/basakcilastik.com.tr\/index.php?rest_route=%2Fwp%2Fv2%2Fproduct_tag&post=25783"}],"curies":[{"name":"wp","href":"https:\/\/api.w.org\/{rel}","templated":true}]}}