{"id":25781,"date":"2020-09-01T21:04:23","date_gmt":"2020-09-01T21:04:23","guid":{"rendered":"https:\/\/basakcilastik.com.tr\/?post_type=product&#038;p=25781"},"modified":"2020-09-01T21:04:25","modified_gmt":"2020-09-01T21:04:25","slug":"knk-40-forklift-lastigi","status":"publish","type":"product","link":"http:\/\/basakcilastik.com.tr\/?product=knk-40-forklift-lastigi","title":{"rendered":"KNK-40 Forklift Lasti\u011fi"},"content":{"rendered":"<p><strong>KNK-40 Forklift Lasti\u011fi<\/strong><\/p>\n<ul>\n<li>\u00d6zel yap\u0131s\u0131 sayesinde y\u00fcksek kilometre performans\u0131<\/li>\n<li>M\u00fckemmel kavray\u0131\u015f\u0131 sayesinde s\u00fcr\u00fc\u015f konforu<\/li>\n<li>Azami \u00e7eki\u015f g\u00fcc\u00fc<\/li>\n<li>Uzun a\u015f\u0131nma \u00f6mr\u00fc<\/li>\n<li>Darbelere dayan\u0131kl\u0131 yap\u0131<\/li>\n<\/ul>\n<p><strong>Uzun servis \u00f6mr\u00fc<\/strong><\/p>\n<p><strong>Yol tutu\u015fu<\/strong><\/p>\n<p><strong>Dayan\u0131kl\u0131l\u0131k<\/strong><\/p>\n<p><strong>Kesik direnci<\/strong><\/p>\n<p><strong>UYUMLU ARA\u00c7 MODELLER\u0130<\/strong><\/p>\n<p>&nbsp;<\/p>\n","protected":false},"excerpt":{"rendered":"<p>KNK-40 Forklift Lasti\u011fi \u00d6zel yap\u0131s\u0131 sayesinde y\u00fcksek kilometre performans\u0131 M\u00fckemmel kavray\u0131\u015f\u0131 sayesinde s\u00fcr\u00fc\u015f konforu Azami \u00e7eki\u015f g\u00fcc\u00fc Uzun a\u015f\u0131nma \u00f6mr\u00fc Darbelere dayan\u0131kl\u0131 yap\u0131 Uzun servis \u00f6mr\u00fc Yol tutu\u015fu Dayan\u0131kl\u0131l\u0131k Kesik direnci UYUMLU ARA\u00c7 MODELLER\u0130 &nbsp;<\/p>\n","protected":false},"featured_media":25784,"comment_status":"open","ping_status":"closed","template":"","meta":[],"product_brand":[],"product_cat":[15,117,114],"product_tag":[],"class_list":{"0":"post-25781","1":"product","2":"type-product","3":"status-publish","4":"has-post-thumbnail","6":"product_cat-genel","7":"product_cat-endustriyel-lastikler","8":"product_cat-ic-ve-dis-lastikler","10":"first","11":"instock","12":"shipping-taxable","13":"product-type-simple"},"_links":{"self":[{"href":"http:\/\/basakcilastik.com.tr\/index.php?rest_route=\/wp\/v2\/product\/25781","targetHints":{"allow":["GET"]}}],"collection":[{"href":"http:\/\/basakcilastik.com.tr\/index.php?rest_route=\/wp\/v2\/product"}],"about":[{"href":"http:\/\/basakcilastik.com.tr\/index.php?rest_route=\/wp\/v2\/types\/product"}],"replies":[{"embeddable":true,"href":"http:\/\/basakcilastik.com.tr\/index.php?rest_route=%2Fwp%2Fv2%2Fcomments&post=25781"}],"wp:featuredmedia":[{"embeddable":true,"href":"http:\/\/basakcilastik.com.tr\/index.php?rest_route=\/wp\/v2\/media\/25784"}],"wp:attachment":[{"href":"http:\/\/basakcilastik.com.tr\/index.php?rest_route=%2Fwp%2Fv2%2Fmedia&parent=25781"}],"wp:term":[{"taxonomy":"product_brand","embeddable":true,"href":"http:\/\/basakcilastik.com.tr\/index.php?rest_route=%2Fwp%2Fv2%2Fproduct_brand&post=25781"},{"taxonomy":"product_cat","embeddable":true,"href":"http:\/\/basakcilastik.com.tr\/index.php?rest_route=%2Fwp%2Fv2%2Fproduct_cat&post=25781"},{"taxonomy":"product_tag","embeddable":true,"href":"http:\/\/basakcilastik.com.tr\/index.php?rest_route=%2Fwp%2Fv2%2Fproduct_tag&post=25781"}],"curies":[{"name":"wp","href":"https:\/\/api.w.org\/{rel}","templated":true}]}}