{"id":25775,"date":"2020-09-01T21:00:42","date_gmt":"2020-09-01T21:00:42","guid":{"rendered":"https:\/\/basakcilastik.com.tr\/?post_type=product&#038;p=25775"},"modified":"2020-09-01T21:00:43","modified_gmt":"2020-09-01T21:00:43","slug":"knk-70-endustriyel-hafriyat-lastigi","status":"publish","type":"product","link":"http:\/\/basakcilastik.com.tr\/?product=knk-70-endustriyel-hafriyat-lastigi","title":{"rendered":"KNK &#8211; 70 End\u00fcstriyel Hafriyat Lasti\u011fi"},"content":{"rendered":"<p><strong>KNK &#8211; 70 End\u00fcstriyel Hafriyat Lasti\u011fi<\/strong><\/p>\n<ul>\n<li>Is\u0131 ve a\u015f\u0131nmaya dayan\u0131kl\u0131 tasar\u0131m<\/li>\n<li>Bile\u015fik bloklardan olu\u015fan g\u00fc\u00e7l\u00fc desen yap\u0131s\u0131<\/li>\n<li>A\u011f\u0131r \u015fartlara dayanakl\u0131 g\u00fc\u00e7l\u00fc bloklar\u0131 sayesinde uzun servis \u00f6mr\u00fc<\/li>\n<li>G\u00fc\u00e7l\u00fc blok yap\u0131s\u0131<\/li>\n<\/ul>\n<p><strong>A\u011f\u0131r i\u015f kullan\u0131m\u0131<\/strong><\/p>\n<p><strong>Delinmelere kar\u015f\u0131 dayan\u0131m<\/strong><\/p>\n<p><strong>Dayan\u0131kl\u0131l\u0131k<\/strong><\/p>\n<p><strong>\u00c7entik ve kesik direnci<\/strong><\/p>\n<p><strong>UYUMLU ARA\u00c7 MODELLER\u0130<\/strong><\/p>\n<p>&nbsp;<\/p>\n","protected":false},"excerpt":{"rendered":"<p>KNK &#8211; 70 End\u00fcstriyel Hafriyat Lasti\u011fi Is\u0131 ve a\u015f\u0131nmaya dayan\u0131kl\u0131 tasar\u0131m Bile\u015fik bloklardan olu\u015fan g\u00fc\u00e7l\u00fc desen yap\u0131s\u0131 A\u011f\u0131r \u015fartlara dayanakl\u0131 g\u00fc\u00e7l\u00fc bloklar\u0131 sayesinde uzun servis \u00f6mr\u00fc G\u00fc\u00e7l\u00fc blok yap\u0131s\u0131 A\u011f\u0131r i\u015f kullan\u0131m\u0131 Delinmelere kar\u015f\u0131 dayan\u0131m Dayan\u0131kl\u0131l\u0131k \u00c7entik ve kesik direnci UYUMLU ARA\u00c7 MODELLER\u0130 &nbsp;<\/p>\n","protected":false},"featured_media":25778,"comment_status":"open","ping_status":"closed","template":"","meta":[],"product_brand":[],"product_cat":[15,117,114],"product_tag":[],"class_list":{"0":"post-25775","1":"product","2":"type-product","3":"status-publish","4":"has-post-thumbnail","6":"product_cat-genel","7":"product_cat-endustriyel-lastikler","8":"product_cat-ic-ve-dis-lastikler","10":"first","11":"instock","12":"shipping-taxable","13":"product-type-simple"},"_links":{"self":[{"href":"http:\/\/basakcilastik.com.tr\/index.php?rest_route=\/wp\/v2\/product\/25775","targetHints":{"allow":["GET"]}}],"collection":[{"href":"http:\/\/basakcilastik.com.tr\/index.php?rest_route=\/wp\/v2\/product"}],"about":[{"href":"http:\/\/basakcilastik.com.tr\/index.php?rest_route=\/wp\/v2\/types\/product"}],"replies":[{"embeddable":true,"href":"http:\/\/basakcilastik.com.tr\/index.php?rest_route=%2Fwp%2Fv2%2Fcomments&post=25775"}],"wp:featuredmedia":[{"embeddable":true,"href":"http:\/\/basakcilastik.com.tr\/index.php?rest_route=\/wp\/v2\/media\/25778"}],"wp:attachment":[{"href":"http:\/\/basakcilastik.com.tr\/index.php?rest_route=%2Fwp%2Fv2%2Fmedia&parent=25775"}],"wp:term":[{"taxonomy":"product_brand","embeddable":true,"href":"http:\/\/basakcilastik.com.tr\/index.php?rest_route=%2Fwp%2Fv2%2Fproduct_brand&post=25775"},{"taxonomy":"product_cat","embeddable":true,"href":"http:\/\/basakcilastik.com.tr\/index.php?rest_route=%2Fwp%2Fv2%2Fproduct_cat&post=25775"},{"taxonomy":"product_tag","embeddable":true,"href":"http:\/\/basakcilastik.com.tr\/index.php?rest_route=%2Fwp%2Fv2%2Fproduct_tag&post=25775"}],"curies":[{"name":"wp","href":"https:\/\/api.w.org\/{rel}","templated":true}]}}