{"id":25768,"date":"2020-09-01T20:57:42","date_gmt":"2020-09-01T20:57:42","guid":{"rendered":"https:\/\/basakcilastik.com.tr\/?post_type=product&#038;p=25768"},"modified":"2020-09-01T20:57:44","modified_gmt":"2020-09-01T20:57:44","slug":"knk-44-endustriyel-hafriyat-lastigi","status":"publish","type":"product","link":"http:\/\/basakcilastik.com.tr\/?product=knk-44-endustriyel-hafriyat-lastigi","title":{"rendered":"KNK &#8211; 44 End\u00fcstriyel Hafriyat Lasti\u011fi"},"content":{"rendered":"<p><strong>KNK &#8211; 44 End\u00fcstriyel Hafriyat Lasti\u011fi<\/strong><\/p>\n<ul>\n<li>Ta\u015f kesiklerine, k\u0131r\u0131lma ve kopmalara kar\u015f\u0131 dayan\u0131kl\u0131 yap\u0131<\/li>\n<li>Uzun a\u015f\u0131nma \u00f6mr\u00fc<\/li>\n<\/ul>\n<p><strong>Denge sa\u011flaml\u0131\u011f\u0131<\/strong><\/p>\n<p><strong>Dayan\u0131kl\u0131l\u0131k<\/strong><\/p>\n<p><strong>Yol ve yol d\u0131\u015f\u0131 kullan\u0131m<\/strong><\/p>\n<p><strong>UYUMLU ARA\u00c7 MODELLER\u0130<\/strong><\/p>\n<p>&nbsp;<\/p>\n","protected":false},"excerpt":{"rendered":"<p>KNK &#8211; 44 End\u00fcstriyel Hafriyat Lasti\u011fi Ta\u015f kesiklerine, k\u0131r\u0131lma ve kopmalara kar\u015f\u0131 dayan\u0131kl\u0131 yap\u0131 Uzun a\u015f\u0131nma \u00f6mr\u00fc Denge sa\u011flaml\u0131\u011f\u0131 Dayan\u0131kl\u0131l\u0131k Yol ve yol d\u0131\u015f\u0131 kullan\u0131m UYUMLU ARA\u00c7 MODELLER\u0130 &nbsp;<\/p>\n","protected":false},"featured_media":25772,"comment_status":"open","ping_status":"closed","template":"","meta":[],"product_brand":[],"product_cat":[15,117,114],"product_tag":[],"class_list":{"0":"post-25768","1":"product","2":"type-product","3":"status-publish","4":"has-post-thumbnail","6":"product_cat-genel","7":"product_cat-endustriyel-lastikler","8":"product_cat-ic-ve-dis-lastikler","10":"first","11":"instock","12":"shipping-taxable","13":"product-type-simple"},"_links":{"self":[{"href":"http:\/\/basakcilastik.com.tr\/index.php?rest_route=\/wp\/v2\/product\/25768","targetHints":{"allow":["GET"]}}],"collection":[{"href":"http:\/\/basakcilastik.com.tr\/index.php?rest_route=\/wp\/v2\/product"}],"about":[{"href":"http:\/\/basakcilastik.com.tr\/index.php?rest_route=\/wp\/v2\/types\/product"}],"replies":[{"embeddable":true,"href":"http:\/\/basakcilastik.com.tr\/index.php?rest_route=%2Fwp%2Fv2%2Fcomments&post=25768"}],"wp:featuredmedia":[{"embeddable":true,"href":"http:\/\/basakcilastik.com.tr\/index.php?rest_route=\/wp\/v2\/media\/25772"}],"wp:attachment":[{"href":"http:\/\/basakcilastik.com.tr\/index.php?rest_route=%2Fwp%2Fv2%2Fmedia&parent=25768"}],"wp:term":[{"taxonomy":"product_brand","embeddable":true,"href":"http:\/\/basakcilastik.com.tr\/index.php?rest_route=%2Fwp%2Fv2%2Fproduct_brand&post=25768"},{"taxonomy":"product_cat","embeddable":true,"href":"http:\/\/basakcilastik.com.tr\/index.php?rest_route=%2Fwp%2Fv2%2Fproduct_cat&post=25768"},{"taxonomy":"product_tag","embeddable":true,"href":"http:\/\/basakcilastik.com.tr\/index.php?rest_route=%2Fwp%2Fv2%2Fproduct_tag&post=25768"}],"curies":[{"name":"wp","href":"https:\/\/api.w.org\/{rel}","templated":true}]}}