{"id":25762,"date":"2020-09-01T20:53:48","date_gmt":"2020-09-01T20:53:48","guid":{"rendered":"https:\/\/basakcilastik.com.tr\/?post_type=product&#038;p=25762"},"modified":"2020-09-01T20:53:50","modified_gmt":"2020-09-01T20:53:50","slug":"ind-80-endustriyel-hafriyat-lastigi","status":"publish","type":"product","link":"http:\/\/basakcilastik.com.tr\/?product=ind-80-endustriyel-hafriyat-lastigi","title":{"rendered":"IND &#8211; 80 End\u00fcstriyel Hafriyat Lasti\u011fi"},"content":{"rendered":"<p><strong>IND &#8211; 80 End\u00fcstriyel Hafriyat Lasti\u011fi<\/strong><\/p>\n<ul>\n<li>Derin oluklu ve y\u00f6nl\u00fc s\u0131rt deseni sayesinde her t\u00fcrl\u00fc \u00e7al\u0131\u015fma ko\u015fulunda \u00fcst\u00fcn \u00e7eki\u015f ve kendini temizleme \u00f6zelli\u011fi<\/li>\n<li>Ta\u015f kesiklerine, k\u0131r\u0131lma ve kopmalara kar\u015f\u0131 dayan\u0131kl\u0131 yap\u0131<\/li>\n<li>Merkezde bar kullan\u0131m\u0131 ile daha y\u00fcksek a\u015f\u0131nma ve di\u015f dibi \u00e7atlama\/yorulma direnci<\/li>\n<li>Uzun a\u015f\u0131nma \u00f6mr\u00fc<\/li>\n<\/ul>\n<p><strong>Y\u00fcksek \u00e7eki\u015f g\u00fcc\u00fc<\/strong><\/p>\n<p><strong>4 mevsim kullan\u0131m<\/strong><\/p>\n<p><strong>Dayan\u0131kl\u0131l\u0131k<\/strong><\/p>\n<p><strong>A\u011f\u0131r i\u015f kullan\u0131m\u0131<\/strong><\/p>\n<p><strong>Delinmelere kar\u015f\u0131 dayan\u0131kl\u0131l\u0131k<\/strong><\/p>\n<p><strong>UYUMLU ARA\u00c7 MODELLER\u0130<\/strong><\/p>\n<p>&nbsp;<\/p>\n","protected":false},"excerpt":{"rendered":"<p>IND &#8211; 80 End\u00fcstriyel Hafriyat Lasti\u011fi Derin oluklu ve y\u00f6nl\u00fc s\u0131rt deseni sayesinde her t\u00fcrl\u00fc \u00e7al\u0131\u015fma ko\u015fulunda \u00fcst\u00fcn \u00e7eki\u015f ve kendini temizleme \u00f6zelli\u011fi Ta\u015f kesiklerine, k\u0131r\u0131lma ve kopmalara kar\u015f\u0131 dayan\u0131kl\u0131 yap\u0131 Merkezde bar kullan\u0131m\u0131 ile daha y\u00fcksek a\u015f\u0131nma ve di\u015f dibi \u00e7atlama\/yorulma direnci Uzun a\u015f\u0131nma \u00f6mr\u00fc Y\u00fcksek \u00e7eki\u015f g\u00fcc\u00fc 4 mevsim kullan\u0131m Dayan\u0131kl\u0131l\u0131k A\u011f\u0131r i\u015f kullan\u0131m\u0131 Delinmelere kar\u015f\u0131 dayan\u0131kl\u0131l\u0131k UYUMLU [&hellip;]<\/p>\n","protected":false},"featured_media":25765,"comment_status":"open","ping_status":"closed","template":"","meta":[],"product_brand":[],"product_cat":[15,117,114],"product_tag":[],"class_list":{"0":"post-25762","1":"product","2":"type-product","3":"status-publish","4":"has-post-thumbnail","6":"product_cat-genel","7":"product_cat-endustriyel-lastikler","8":"product_cat-ic-ve-dis-lastikler","10":"first","11":"instock","12":"shipping-taxable","13":"product-type-simple"},"_links":{"self":[{"href":"http:\/\/basakcilastik.com.tr\/index.php?rest_route=\/wp\/v2\/product\/25762","targetHints":{"allow":["GET"]}}],"collection":[{"href":"http:\/\/basakcilastik.com.tr\/index.php?rest_route=\/wp\/v2\/product"}],"about":[{"href":"http:\/\/basakcilastik.com.tr\/index.php?rest_route=\/wp\/v2\/types\/product"}],"replies":[{"embeddable":true,"href":"http:\/\/basakcilastik.com.tr\/index.php?rest_route=%2Fwp%2Fv2%2Fcomments&post=25762"}],"wp:featuredmedia":[{"embeddable":true,"href":"http:\/\/basakcilastik.com.tr\/index.php?rest_route=\/wp\/v2\/media\/25765"}],"wp:attachment":[{"href":"http:\/\/basakcilastik.com.tr\/index.php?rest_route=%2Fwp%2Fv2%2Fmedia&parent=25762"}],"wp:term":[{"taxonomy":"product_brand","embeddable":true,"href":"http:\/\/basakcilastik.com.tr\/index.php?rest_route=%2Fwp%2Fv2%2Fproduct_brand&post=25762"},{"taxonomy":"product_cat","embeddable":true,"href":"http:\/\/basakcilastik.com.tr\/index.php?rest_route=%2Fwp%2Fv2%2Fproduct_cat&post=25762"},{"taxonomy":"product_tag","embeddable":true,"href":"http:\/\/basakcilastik.com.tr\/index.php?rest_route=%2Fwp%2Fv2%2Fproduct_tag&post=25762"}],"curies":[{"name":"wp","href":"https:\/\/api.w.org\/{rel}","templated":true}]}}