{"id":25682,"date":"2020-09-01T20:07:05","date_gmt":"2020-09-01T20:07:05","guid":{"rendered":"https:\/\/basakcilastik.com.tr\/?post_type=product&#038;p=25682"},"modified":"2020-09-01T20:07:06","modified_gmt":"2020-09-01T20:07:06","slug":"ytx5a-bs-yatik-deeppower-aku","status":"publish","type":"product","link":"http:\/\/basakcilastik.com.tr\/?product=ytx5a-bs-yatik-deeppower-aku","title":{"rendered":"YTX5A-BS (YATIK) DEEPPOWER AK\u00dc"},"content":{"rendered":"<table width=\"600\">\n<tbody>\n<tr>\n<td><strong>YTX5A-BS (YATIK) DEEPPOWER AK\u00dc<\/strong><\/p>\n<p>&nbsp;<\/p>\n<p><strong>YEN\u0130 NES\u0130L KARBON TEKNOLOJ\u0130<\/strong><\/p>\n<p>&nbsp;<\/p>\n<p>113\/69\/105<\/td>\n<\/tr>\n<\/tbody>\n<\/table>\n<p>&nbsp;<\/p>\n<p>&nbsp;<\/p>\n","protected":false},"excerpt":{"rendered":"<p>YTX5A-BS (YATIK) DEEPPOWER AK\u00dc &nbsp; YEN\u0130 NES\u0130L KARBON TEKNOLOJ\u0130 &nbsp; 113\/69\/105 &nbsp; &nbsp;<\/p>\n","protected":false},"featured_media":25685,"comment_status":"open","ping_status":"closed","template":"","meta":[],"product_brand":[],"product_cat":[15,115],"product_tag":[],"class_list":{"0":"post-25682","1":"product","2":"type-product","3":"status-publish","4":"has-post-thumbnail","6":"product_cat-genel","7":"product_cat-aku-ve-sarj-aletleri","9":"first","10":"instock","11":"shipping-taxable","12":"product-type-simple"},"_links":{"self":[{"href":"http:\/\/basakcilastik.com.tr\/index.php?rest_route=\/wp\/v2\/product\/25682","targetHints":{"allow":["GET"]}}],"collection":[{"href":"http:\/\/basakcilastik.com.tr\/index.php?rest_route=\/wp\/v2\/product"}],"about":[{"href":"http:\/\/basakcilastik.com.tr\/index.php?rest_route=\/wp\/v2\/types\/product"}],"replies":[{"embeddable":true,"href":"http:\/\/basakcilastik.com.tr\/index.php?rest_route=%2Fwp%2Fv2%2Fcomments&post=25682"}],"wp:featuredmedia":[{"embeddable":true,"href":"http:\/\/basakcilastik.com.tr\/index.php?rest_route=\/wp\/v2\/media\/25685"}],"wp:attachment":[{"href":"http:\/\/basakcilastik.com.tr\/index.php?rest_route=%2Fwp%2Fv2%2Fmedia&parent=25682"}],"wp:term":[{"taxonomy":"product_brand","embeddable":true,"href":"http:\/\/basakcilastik.com.tr\/index.php?rest_route=%2Fwp%2Fv2%2Fproduct_brand&post=25682"},{"taxonomy":"product_cat","embeddable":true,"href":"http:\/\/basakcilastik.com.tr\/index.php?rest_route=%2Fwp%2Fv2%2Fproduct_cat&post=25682"},{"taxonomy":"product_tag","embeddable":true,"href":"http:\/\/basakcilastik.com.tr\/index.php?rest_route=%2Fwp%2Fv2%2Fproduct_tag&post=25682"}],"curies":[{"name":"wp","href":"https:\/\/api.w.org\/{rel}","templated":true}]}}