{"id":25680,"date":"2020-09-01T20:06:21","date_gmt":"2020-09-01T20:06:21","guid":{"rendered":"https:\/\/basakcilastik.com.tr\/?post_type=product&#038;p=25680"},"modified":"2020-09-01T20:06:24","modified_gmt":"2020-09-01T20:06:24","slug":"ebat24-12v-24ah-deeppower-aku","status":"publish","type":"product","link":"http:\/\/basakcilastik.com.tr\/?product=ebat24-12v-24ah-deeppower-aku","title":{"rendered":"EBAT24 (12V 24AH) DEEPPOWER AK\u00dc"},"content":{"rendered":"<table width=\"600\">\n<tbody>\n<tr>\n<td><strong>EBAT24 (12V 24AH) DEEPPOWER AK\u00dc<\/strong><\/p>\n<p><strong>\u00a0<\/strong><\/p>\n<p><strong>ELEKTR\u0130KL\u0130 B\u0130S\u0130KLET AK\u00dcS\u00dc<\/strong><\/p>\n<p><strong>YEN\u0130 NES\u0130L KARBON TEKNOLOJ\u0130<\/strong><\/p>\n<p>&nbsp;<\/p>\n<p><strong>EN\/BOY\/Y\u00dcKSEKL\u0130K : 185\/105\/130<\/strong><\/td>\n<\/tr>\n<\/tbody>\n<\/table>\n<p>&nbsp;<\/p>\n<p>&nbsp;<\/p>\n","protected":false},"excerpt":{"rendered":"<p>EBAT24 (12V 24AH) DEEPPOWER AK\u00dc \u00a0 ELEKTR\u0130KL\u0130 B\u0130S\u0130KLET AK\u00dcS\u00dc YEN\u0130 NES\u0130L KARBON TEKNOLOJ\u0130 &nbsp; EN\/BOY\/Y\u00dcKSEKL\u0130K : 185\/105\/130 &nbsp; &nbsp;<\/p>\n","protected":false},"featured_media":25683,"comment_status":"open","ping_status":"closed","template":"","meta":[],"product_brand":[],"product_cat":[15,115,72],"product_tag":[],"class_list":{"0":"post-25680","1":"product","2":"type-product","3":"status-publish","4":"has-post-thumbnail","6":"product_cat-genel","7":"product_cat-aku-ve-sarj-aletleri","8":"product_cat-hirdavat","10":"first","11":"instock","12":"shipping-taxable","13":"product-type-simple"},"_links":{"self":[{"href":"http:\/\/basakcilastik.com.tr\/index.php?rest_route=\/wp\/v2\/product\/25680","targetHints":{"allow":["GET"]}}],"collection":[{"href":"http:\/\/basakcilastik.com.tr\/index.php?rest_route=\/wp\/v2\/product"}],"about":[{"href":"http:\/\/basakcilastik.com.tr\/index.php?rest_route=\/wp\/v2\/types\/product"}],"replies":[{"embeddable":true,"href":"http:\/\/basakcilastik.com.tr\/index.php?rest_route=%2Fwp%2Fv2%2Fcomments&post=25680"}],"wp:featuredmedia":[{"embeddable":true,"href":"http:\/\/basakcilastik.com.tr\/index.php?rest_route=\/wp\/v2\/media\/25683"}],"wp:attachment":[{"href":"http:\/\/basakcilastik.com.tr\/index.php?rest_route=%2Fwp%2Fv2%2Fmedia&parent=25680"}],"wp:term":[{"taxonomy":"product_brand","embeddable":true,"href":"http:\/\/basakcilastik.com.tr\/index.php?rest_route=%2Fwp%2Fv2%2Fproduct_brand&post=25680"},{"taxonomy":"product_cat","embeddable":true,"href":"http:\/\/basakcilastik.com.tr\/index.php?rest_route=%2Fwp%2Fv2%2Fproduct_cat&post=25680"},{"taxonomy":"product_tag","embeddable":true,"href":"http:\/\/basakcilastik.com.tr\/index.php?rest_route=%2Fwp%2Fv2%2Fproduct_tag&post=25680"}],"curies":[{"name":"wp","href":"https:\/\/api.w.org\/{rel}","templated":true}]}}