{"id":25678,"date":"2020-09-01T20:05:45","date_gmt":"2020-09-01T20:05:45","guid":{"rendered":"https:\/\/basakcilastik.com.tr\/?post_type=product&#038;p=25678"},"modified":"2020-09-01T20:05:47","modified_gmt":"2020-09-01T20:05:47","slug":"ebat20-12v-20ah-deeppower-aku","status":"publish","type":"product","link":"http:\/\/basakcilastik.com.tr\/?product=ebat20-12v-20ah-deeppower-aku","title":{"rendered":"EBAT20 (12V 20AH) DEEPPOWER AK\u00dc"},"content":{"rendered":"<p><strong>EBAT20 (12V 20AH) DEEPPOWER AK\u00dc<\/strong><\/p>\n<p><strong>\u00a0<\/strong><\/p>\n<p><strong>ELEKTR\u0130KL\u0130 B\u0130S\u0130KLET AK\u00dcS\u00dc<\/strong><\/p>\n<p><strong>YEN\u0130 NES\u0130L KARBON TEKNOLOJ\u0130<\/strong><\/p>\n<p>&nbsp;<\/p>\n<p>BOY\/EN\/Y\u00dcKSEKL\u0130K: 181\/76\/171<\/p>\n<p>&nbsp;<\/p>\n","protected":false},"excerpt":{"rendered":"<p>EBAT20 (12V 20AH) DEEPPOWER AK\u00dc \u00a0 ELEKTR\u0130KL\u0130 B\u0130S\u0130KLET AK\u00dcS\u00dc YEN\u0130 NES\u0130L KARBON TEKNOLOJ\u0130 &nbsp; BOY\/EN\/Y\u00dcKSEKL\u0130K: 181\/76\/171 &nbsp;<\/p>\n","protected":false},"featured_media":25681,"comment_status":"open","ping_status":"closed","template":"","meta":[],"product_brand":[],"product_cat":[15,115],"product_tag":[],"class_list":{"0":"post-25678","1":"product","2":"type-product","3":"status-publish","4":"has-post-thumbnail","6":"product_cat-genel","7":"product_cat-aku-ve-sarj-aletleri","9":"first","10":"instock","11":"shipping-taxable","12":"product-type-simple"},"_links":{"self":[{"href":"http:\/\/basakcilastik.com.tr\/index.php?rest_route=\/wp\/v2\/product\/25678","targetHints":{"allow":["GET"]}}],"collection":[{"href":"http:\/\/basakcilastik.com.tr\/index.php?rest_route=\/wp\/v2\/product"}],"about":[{"href":"http:\/\/basakcilastik.com.tr\/index.php?rest_route=\/wp\/v2\/types\/product"}],"replies":[{"embeddable":true,"href":"http:\/\/basakcilastik.com.tr\/index.php?rest_route=%2Fwp%2Fv2%2Fcomments&post=25678"}],"wp:featuredmedia":[{"embeddable":true,"href":"http:\/\/basakcilastik.com.tr\/index.php?rest_route=\/wp\/v2\/media\/25681"}],"wp:attachment":[{"href":"http:\/\/basakcilastik.com.tr\/index.php?rest_route=%2Fwp%2Fv2%2Fmedia&parent=25678"}],"wp:term":[{"taxonomy":"product_brand","embeddable":true,"href":"http:\/\/basakcilastik.com.tr\/index.php?rest_route=%2Fwp%2Fv2%2Fproduct_brand&post=25678"},{"taxonomy":"product_cat","embeddable":true,"href":"http:\/\/basakcilastik.com.tr\/index.php?rest_route=%2Fwp%2Fv2%2Fproduct_cat&post=25678"},{"taxonomy":"product_tag","embeddable":true,"href":"http:\/\/basakcilastik.com.tr\/index.php?rest_route=%2Fwp%2Fv2%2Fproduct_tag&post=25678"}],"curies":[{"name":"wp","href":"https:\/\/api.w.org\/{rel}","templated":true}]}}