{"id":25673,"date":"2020-09-01T20:03:23","date_gmt":"2020-09-01T20:03:23","guid":{"rendered":"https:\/\/basakcilastik.com.tr\/?post_type=product&#038;p=25673"},"modified":"2020-09-01T20:03:24","modified_gmt":"2020-09-01T20:03:24","slug":"72v-60-80ah-motolux-full-dijital-elektrikli-bisiklet-sarj-aleti","status":"publish","type":"product","link":"http:\/\/basakcilastik.com.tr\/?product=72v-60-80ah-motolux-full-dijital-elektrikli-bisiklet-sarj-aleti","title":{"rendered":"72V 60-80AH MOTOL\u00dcX FULL D\u0130J\u0130TAL ELEKTR\u0130KL\u0130 B\u0130S\u0130KLET \u015eARJ ALET\u0130"},"content":{"rendered":"<p><strong>72V 60-80AH MOTOL\u00dcX FULL D\u0130J\u0130TAL\u00a0<\/strong><\/p>\n<p><strong>ELEKTR\u0130KL\u0130 B\u0130S\u0130KLET \u015eARJ ALET\u0130<\/strong><\/p>\n<p>&nbsp;<\/p>\n","protected":false},"excerpt":{"rendered":"<p>72V 60-80AH MOTOL\u00dcX FULL D\u0130J\u0130TAL\u00a0 ELEKTR\u0130KL\u0130 B\u0130S\u0130KLET \u015eARJ ALET\u0130 &nbsp;<\/p>\n","protected":false},"featured_media":25675,"comment_status":"open","ping_status":"closed","template":"","meta":[],"product_brand":[],"product_cat":[15,115],"product_tag":[],"class_list":{"0":"post-25673","1":"product","2":"type-product","3":"status-publish","4":"has-post-thumbnail","6":"product_cat-genel","7":"product_cat-aku-ve-sarj-aletleri","9":"first","10":"instock","11":"shipping-taxable","12":"product-type-simple"},"_links":{"self":[{"href":"http:\/\/basakcilastik.com.tr\/index.php?rest_route=\/wp\/v2\/product\/25673","targetHints":{"allow":["GET"]}}],"collection":[{"href":"http:\/\/basakcilastik.com.tr\/index.php?rest_route=\/wp\/v2\/product"}],"about":[{"href":"http:\/\/basakcilastik.com.tr\/index.php?rest_route=\/wp\/v2\/types\/product"}],"replies":[{"embeddable":true,"href":"http:\/\/basakcilastik.com.tr\/index.php?rest_route=%2Fwp%2Fv2%2Fcomments&post=25673"}],"wp:featuredmedia":[{"embeddable":true,"href":"http:\/\/basakcilastik.com.tr\/index.php?rest_route=\/wp\/v2\/media\/25675"}],"wp:attachment":[{"href":"http:\/\/basakcilastik.com.tr\/index.php?rest_route=%2Fwp%2Fv2%2Fmedia&parent=25673"}],"wp:term":[{"taxonomy":"product_brand","embeddable":true,"href":"http:\/\/basakcilastik.com.tr\/index.php?rest_route=%2Fwp%2Fv2%2Fproduct_brand&post=25673"},{"taxonomy":"product_cat","embeddable":true,"href":"http:\/\/basakcilastik.com.tr\/index.php?rest_route=%2Fwp%2Fv2%2Fproduct_cat&post=25673"},{"taxonomy":"product_tag","embeddable":true,"href":"http:\/\/basakcilastik.com.tr\/index.php?rest_route=%2Fwp%2Fv2%2Fproduct_tag&post=25673"}],"curies":[{"name":"wp","href":"https:\/\/api.w.org\/{rel}","templated":true}]}}