{"id":25671,"date":"2020-09-01T20:02:30","date_gmt":"2020-09-01T20:02:30","guid":{"rendered":"https:\/\/basakcilastik.com.tr\/?post_type=product&#038;p=25671"},"modified":"2020-09-01T20:02:31","modified_gmt":"2020-09-01T20:02:31","slug":"72v-30-60ah-motolux-full-dijital-elektrikli-bisiklet-sarj-aleti","status":"publish","type":"product","link":"http:\/\/basakcilastik.com.tr\/?product=72v-30-60ah-motolux-full-dijital-elektrikli-bisiklet-sarj-aleti","title":{"rendered":"72V 30-60AH MOTOL\u00dcX FULL D\u0130J\u0130TAL ELEKTR\u0130KL\u0130 B\u0130S\u0130KLET \u015eARJ ALET\u0130"},"content":{"rendered":"<p><strong>72V 30-60AH MOTOL\u00dcX FULL D\u0130J\u0130TAL\u00a0<\/strong><\/p>\n<p><strong>ELEKTR\u0130KL\u0130 B\u0130S\u0130KLET \u015eARJ ALET\u0130<\/strong><\/p>\n<p>&nbsp;<\/p>\n","protected":false},"excerpt":{"rendered":"<p>72V 30-60AH MOTOL\u00dcX FULL D\u0130J\u0130TAL\u00a0 ELEKTR\u0130KL\u0130 B\u0130S\u0130KLET \u015eARJ ALET\u0130 &nbsp;<\/p>\n","protected":false},"featured_media":25674,"comment_status":"open","ping_status":"closed","template":"","meta":[],"product_brand":[],"product_cat":[15,115],"product_tag":[],"class_list":{"0":"post-25671","1":"product","2":"type-product","3":"status-publish","4":"has-post-thumbnail","6":"product_cat-genel","7":"product_cat-aku-ve-sarj-aletleri","9":"first","10":"instock","11":"shipping-taxable","12":"product-type-simple"},"_links":{"self":[{"href":"http:\/\/basakcilastik.com.tr\/index.php?rest_route=\/wp\/v2\/product\/25671","targetHints":{"allow":["GET"]}}],"collection":[{"href":"http:\/\/basakcilastik.com.tr\/index.php?rest_route=\/wp\/v2\/product"}],"about":[{"href":"http:\/\/basakcilastik.com.tr\/index.php?rest_route=\/wp\/v2\/types\/product"}],"replies":[{"embeddable":true,"href":"http:\/\/basakcilastik.com.tr\/index.php?rest_route=%2Fwp%2Fv2%2Fcomments&post=25671"}],"wp:featuredmedia":[{"embeddable":true,"href":"http:\/\/basakcilastik.com.tr\/index.php?rest_route=\/wp\/v2\/media\/25674"}],"wp:attachment":[{"href":"http:\/\/basakcilastik.com.tr\/index.php?rest_route=%2Fwp%2Fv2%2Fmedia&parent=25671"}],"wp:term":[{"taxonomy":"product_brand","embeddable":true,"href":"http:\/\/basakcilastik.com.tr\/index.php?rest_route=%2Fwp%2Fv2%2Fproduct_brand&post=25671"},{"taxonomy":"product_cat","embeddable":true,"href":"http:\/\/basakcilastik.com.tr\/index.php?rest_route=%2Fwp%2Fv2%2Fproduct_cat&post=25671"},{"taxonomy":"product_tag","embeddable":true,"href":"http:\/\/basakcilastik.com.tr\/index.php?rest_route=%2Fwp%2Fv2%2Fproduct_tag&post=25671"}],"curies":[{"name":"wp","href":"https:\/\/api.w.org\/{rel}","templated":true}]}}