{"id":25667,"date":"2020-09-01T19:59:46","date_gmt":"2020-09-01T19:59:46","guid":{"rendered":"https:\/\/basakcilastik.com.tr\/?post_type=product&#038;p=25667"},"modified":"2022-06-07T10:07:18","modified_gmt":"2022-06-07T10:07:18","slug":"72v-20ah-arora-full-dijital-elektrikli-bisiklet-sarj-aleti","status":"publish","type":"product","link":"http:\/\/basakcilastik.com.tr\/?product=72v-20ah-arora-full-dijital-elektrikli-bisiklet-sarj-aleti","title":{"rendered":"72V 20AH ARORA FULL D\u0130J\u0130TAL ELEKTR\u0130KL\u0130 B\u0130S\u0130KLET \u015eARJ ALET\u0130"},"content":{"rendered":"<p>72V 20AH ARORA FULL D\u0130J\u0130TAL ELEKTR\u0130KL\u0130 B\u0130S\u0130KLET \u015eARJ ALET\u0130<\/p>\n","protected":false},"excerpt":{"rendered":"<p>72V 20AH ARORA FULL D\u0130J\u0130TAL ELEKTR\u0130KL\u0130 B\u0130S\u0130KLET \u015eARJ ALET\u0130<\/p>\n","protected":false},"featured_media":25670,"comment_status":"open","ping_status":"closed","template":"","meta":[],"product_brand":[],"product_cat":[15,115],"product_tag":[],"class_list":{"0":"post-25667","1":"product","2":"type-product","3":"status-publish","4":"has-post-thumbnail","6":"product_cat-genel","7":"product_cat-aku-ve-sarj-aletleri","9":"first","10":"instock","11":"shipping-taxable","12":"product-type-simple"},"_links":{"self":[{"href":"http:\/\/basakcilastik.com.tr\/index.php?rest_route=\/wp\/v2\/product\/25667","targetHints":{"allow":["GET"]}}],"collection":[{"href":"http:\/\/basakcilastik.com.tr\/index.php?rest_route=\/wp\/v2\/product"}],"about":[{"href":"http:\/\/basakcilastik.com.tr\/index.php?rest_route=\/wp\/v2\/types\/product"}],"replies":[{"embeddable":true,"href":"http:\/\/basakcilastik.com.tr\/index.php?rest_route=%2Fwp%2Fv2%2Fcomments&post=25667"}],"wp:featuredmedia":[{"embeddable":true,"href":"http:\/\/basakcilastik.com.tr\/index.php?rest_route=\/wp\/v2\/media\/25670"}],"wp:attachment":[{"href":"http:\/\/basakcilastik.com.tr\/index.php?rest_route=%2Fwp%2Fv2%2Fmedia&parent=25667"}],"wp:term":[{"taxonomy":"product_brand","embeddable":true,"href":"http:\/\/basakcilastik.com.tr\/index.php?rest_route=%2Fwp%2Fv2%2Fproduct_brand&post=25667"},{"taxonomy":"product_cat","embeddable":true,"href":"http:\/\/basakcilastik.com.tr\/index.php?rest_route=%2Fwp%2Fv2%2Fproduct_cat&post=25667"},{"taxonomy":"product_tag","embeddable":true,"href":"http:\/\/basakcilastik.com.tr\/index.php?rest_route=%2Fwp%2Fv2%2Fproduct_tag&post=25667"}],"curies":[{"name":"wp","href":"https:\/\/api.w.org\/{rel}","templated":true}]}}