{"id":25655,"date":"2020-09-01T19:54:44","date_gmt":"2020-09-01T19:54:44","guid":{"rendered":"https:\/\/basakcilastik.com.tr\/?post_type=product&#038;p=25655"},"modified":"2020-09-01T19:54:45","modified_gmt":"2020-09-01T19:54:45","slug":"12v-55ah-orbus-aku-engelli-arabasi-akusu","status":"publish","type":"product","link":"http:\/\/basakcilastik.com.tr\/?product=12v-55ah-orbus-aku-engelli-arabasi-akusu","title":{"rendered":"12V 55AH ORBUS AK\u00dc ENGELL\u0130 ARABASI AK\u00dcS\u00dc"},"content":{"rendered":"<p><strong>12V 55AH ORBUS AK\u00dc<\/strong><\/p>\n<p>&nbsp;<\/p>\n<p><strong>ENGELL\u0130 ARABASI AK\u00dcS\u00dc<\/strong><\/p>\n<p><strong>YEN\u0130 NES\u0130L KARBON TEKNOLOJ\u0130<\/strong><\/p>\n<p>&nbsp;<\/p>\n<p><strong>BOY\/EN\/Y\u00dcKSEKL\u0130K: 229\/138\/215<\/strong><\/p>\n<p>&nbsp;<\/p>\n<p><strong>17,50 KG.<\/strong><\/p>\n<p>&nbsp;<\/p>\n","protected":false},"excerpt":{"rendered":"<p>12V 55AH ORBUS AK\u00dc &nbsp; ENGELL\u0130 ARABASI AK\u00dcS\u00dc YEN\u0130 NES\u0130L KARBON TEKNOLOJ\u0130 &nbsp; BOY\/EN\/Y\u00dcKSEKL\u0130K: 229\/138\/215 &nbsp; 17,50 KG. &nbsp;<\/p>\n","protected":false},"featured_media":25658,"comment_status":"open","ping_status":"closed","template":"","meta":[],"product_brand":[],"product_cat":[15,115],"product_tag":[],"class_list":{"0":"post-25655","1":"product","2":"type-product","3":"status-publish","4":"has-post-thumbnail","6":"product_cat-genel","7":"product_cat-aku-ve-sarj-aletleri","9":"first","10":"instock","11":"shipping-taxable","12":"product-type-simple"},"_links":{"self":[{"href":"http:\/\/basakcilastik.com.tr\/index.php?rest_route=\/wp\/v2\/product\/25655","targetHints":{"allow":["GET"]}}],"collection":[{"href":"http:\/\/basakcilastik.com.tr\/index.php?rest_route=\/wp\/v2\/product"}],"about":[{"href":"http:\/\/basakcilastik.com.tr\/index.php?rest_route=\/wp\/v2\/types\/product"}],"replies":[{"embeddable":true,"href":"http:\/\/basakcilastik.com.tr\/index.php?rest_route=%2Fwp%2Fv2%2Fcomments&post=25655"}],"wp:featuredmedia":[{"embeddable":true,"href":"http:\/\/basakcilastik.com.tr\/index.php?rest_route=\/wp\/v2\/media\/25658"}],"wp:attachment":[{"href":"http:\/\/basakcilastik.com.tr\/index.php?rest_route=%2Fwp%2Fv2%2Fmedia&parent=25655"}],"wp:term":[{"taxonomy":"product_brand","embeddable":true,"href":"http:\/\/basakcilastik.com.tr\/index.php?rest_route=%2Fwp%2Fv2%2Fproduct_brand&post=25655"},{"taxonomy":"product_cat","embeddable":true,"href":"http:\/\/basakcilastik.com.tr\/index.php?rest_route=%2Fwp%2Fv2%2Fproduct_cat&post=25655"},{"taxonomy":"product_tag","embeddable":true,"href":"http:\/\/basakcilastik.com.tr\/index.php?rest_route=%2Fwp%2Fv2%2Fproduct_tag&post=25655"}],"curies":[{"name":"wp","href":"https:\/\/api.w.org\/{rel}","templated":true}]}}