{"id":25635,"date":"2020-09-01T19:46:21","date_gmt":"2020-09-01T19:46:21","guid":{"rendered":"https:\/\/basakcilastik.com.tr\/?post_type=product&#038;p=25635"},"modified":"2020-09-01T19:46:22","modified_gmt":"2020-09-01T19:46:22","slug":"6fmj40-12v-40ah-deeppower-aku","status":"publish","type":"product","link":"http:\/\/basakcilastik.com.tr\/?product=6fmj40-12v-40ah-deeppower-aku","title":{"rendered":"6FMJ40 (12V 40AH) DEEPPOWER AK\u00dc"},"content":{"rendered":"<p><strong>6FMJ40 (12V 40AH) DEEPPOWER AK\u00dc<\/strong><\/p>\n<p>&nbsp;<\/p>\n<p><strong>ELEKTR\u0130KL\u0130 B\u0130S\u0130KLET AK\u00dcS\u00dc<\/strong><\/p>\n<p><strong>YEN\u0130 NES\u0130L KARBON TEKNOLOJ\u0130<\/strong><\/p>\n<p>&nbsp;<\/p>\n<p>BOY\/EN\/Y\u00dcKSEKL\u0130K: 267\/78\/170<\/p>\n<p>&nbsp;<\/p>\n","protected":false},"excerpt":{"rendered":"<p>6FMJ40 (12V 40AH) DEEPPOWER AK\u00dc &nbsp; ELEKTR\u0130KL\u0130 B\u0130S\u0130KLET AK\u00dcS\u00dc YEN\u0130 NES\u0130L KARBON TEKNOLOJ\u0130 &nbsp; BOY\/EN\/Y\u00dcKSEKL\u0130K: 267\/78\/170 &nbsp;<\/p>\n","protected":false},"featured_media":25638,"comment_status":"open","ping_status":"closed","template":"","meta":[],"product_brand":[],"product_cat":[15,115,114],"product_tag":[],"class_list":{"0":"post-25635","1":"product","2":"type-product","3":"status-publish","4":"has-post-thumbnail","6":"product_cat-genel","7":"product_cat-aku-ve-sarj-aletleri","8":"product_cat-ic-ve-dis-lastikler","10":"first","11":"instock","12":"shipping-taxable","13":"product-type-simple"},"_links":{"self":[{"href":"http:\/\/basakcilastik.com.tr\/index.php?rest_route=\/wp\/v2\/product\/25635","targetHints":{"allow":["GET"]}}],"collection":[{"href":"http:\/\/basakcilastik.com.tr\/index.php?rest_route=\/wp\/v2\/product"}],"about":[{"href":"http:\/\/basakcilastik.com.tr\/index.php?rest_route=\/wp\/v2\/types\/product"}],"replies":[{"embeddable":true,"href":"http:\/\/basakcilastik.com.tr\/index.php?rest_route=%2Fwp%2Fv2%2Fcomments&post=25635"}],"wp:featuredmedia":[{"embeddable":true,"href":"http:\/\/basakcilastik.com.tr\/index.php?rest_route=\/wp\/v2\/media\/25638"}],"wp:attachment":[{"href":"http:\/\/basakcilastik.com.tr\/index.php?rest_route=%2Fwp%2Fv2%2Fmedia&parent=25635"}],"wp:term":[{"taxonomy":"product_brand","embeddable":true,"href":"http:\/\/basakcilastik.com.tr\/index.php?rest_route=%2Fwp%2Fv2%2Fproduct_brand&post=25635"},{"taxonomy":"product_cat","embeddable":true,"href":"http:\/\/basakcilastik.com.tr\/index.php?rest_route=%2Fwp%2Fv2%2Fproduct_cat&post=25635"},{"taxonomy":"product_tag","embeddable":true,"href":"http:\/\/basakcilastik.com.tr\/index.php?rest_route=%2Fwp%2Fv2%2Fproduct_tag&post=25635"}],"curies":[{"name":"wp","href":"https:\/\/api.w.org\/{rel}","templated":true}]}}