{"id":25408,"date":"2020-08-31T20:09:01","date_gmt":"2020-08-31T20:09:01","guid":{"rendered":"https:\/\/basakcilastik.com.tr\/?post_type=product&#038;p=25408"},"modified":"2020-08-31T20:09:03","modified_gmt":"2020-08-31T20:09:03","slug":"aluminyum-capakalma-diskleri","status":"publish","type":"product","link":"http:\/\/basakcilastik.com.tr\/?product=aluminyum-capakalma-diskleri","title":{"rendered":"Al\u00fcminyum \u00c7apakalma Diskleri"},"content":{"rendered":"<p><strong>Al\u00fcminyum \u00c7apakalma Diskleri<\/strong><\/p>\n<p><strong>\u00dcr\u00fcn A\u00e7\u0131klamas\u0131<\/strong><\/p>\n<p>Karbosan\u00a0markal\u0131 al\u00fcminyum ta\u015flama ve \u00e7apakalma diskleri; Al\u00fcminyum ve al\u00fcminyum ala\u015f\u0131mlar\u0131n\u0131n ta\u015flama ve \u00e7apakalma i\u015flemleri i\u00e7in \u00f6zel olarak \u00fcretilmektedir.<\/p>\n<p>&nbsp;<\/p>\n<p>\u200fAl\u00fcminyum oksit a\u015f\u0131nd\u0131r\u0131c\u0131 i\u00e7erir.<\/p>\n<p>&nbsp;<\/p>\n<p>\u200fAl\u00fcminyum\u2019un ta\u015flanmas\u0131 esnas\u0131nda \u201cs\u0131vanma\u201d gibi olumsuz ve istenmeyen davran\u0131\u015f\u0131 nedeni ile metal ta\u015flama diskleri ile al\u00fcminyum ta\u015flanmas\u0131 olduk\u00e7a zor ve zahmetli bir uygulamad\u0131r. Bunun i\u00e7in, s\u0131vama yapmadan rahat ve s\u00fcrekli ta\u015flama yap\u0131labilmesi i\u00e7in bu ta\u015flama diskleri tasarlanm\u0131\u015ft\u0131r.<\/p>\n<p>&nbsp;<\/p>\n<p>\u200fAl\u00fcminyum ta\u015flama d\u0131\u015f\u0131nda ba\u015fka bir malzemenin ta\u015flanmas\u0131 i\u00e7in \u00f6nerilmez.<\/p>\n<p><strong>Malzeme Tipine G\u00f6re \u00dcr\u00fcn Performans\u0131<\/strong><\/p>\n<p>Al\u00fcminyum<\/p>\n<p>Rulman \u00e7elikleri<\/p>\n<p>Bak\u0131r<\/p>\n<p>Bronz<\/p>\n<p>Kaynak \u00e7apaklar\u0131<\/p>\n<p>Kaynak dikis\u0327i<\/p>\n<p>Yap\u0131 \u00e7elikleri<\/p>\n<p>Yu\u0308ksek alas\u0327\u0131ml\u0131 \u00e7elikle<\/p>\n<p>&nbsp;<\/p>\n<p>&nbsp;<\/p>\n<p>Tip 27<\/p>\n<table width=\"1140\">\n<thead>\n<tr>\n<td><strong>Ebat<\/strong><\/td>\n<td><strong>Artikel<\/strong><\/td>\n<td><strong>Evsaf<\/strong><\/td>\n<td><strong>Kutu Miktar\u0131<\/strong><\/td>\n<td><strong>Koli Miktar\u0131<\/strong><\/td>\n<td><strong>Barkod<\/strong><\/td>\n<\/tr>\n<\/thead>\n<tbody>\n<tr>\n<td>115 x 6.4 x 22.23<\/td>\n<td>911230<\/td>\n<td>A 24 N BF80<\/td>\n<td>10<\/td>\n<td>80<\/td>\n<td>8691499112309<\/td>\n<\/tr>\n<tr>\n<td>125 x 6.4 x 22.23<\/td>\n<td>911240<\/td>\n<td>A 24 N BF80<\/td>\n<td>10<\/td>\n<td>80<\/td>\n<td>8691499112408<\/td>\n<\/tr>\n<tr>\n<td>180 x 6.4 x 22.23<\/td>\n<td>911250<\/td>\n<td>A 24 N BF80<\/td>\n<td>10<\/td>\n<td>60<\/td>\n<td>8691499112507<\/td>\n<\/tr>\n<tr>\n<td>180 x 8.0 x 22.23<\/td>\n<td>911840<\/td>\n<td>A 24 N BF80<\/td>\n<td>10<\/td>\n<td>60<\/td>\n<td>8691499118400<\/td>\n<\/tr>\n<tr>\n<td>230 x 6.4 x 22.23<\/td>\n<td>911260<\/td>\n<td>A 24 N BF80<\/td>\n<td>10<\/td>\n<td>40<\/td>\n<td>8691499112606<\/td>\n<\/tr>\n<\/tbody>\n<\/table>\n<p>&nbsp;<\/p>\n","protected":false},"excerpt":{"rendered":"<p>Al\u00fcminyum \u00c7apakalma Diskleri \u00dcr\u00fcn A\u00e7\u0131klamas\u0131 Karbosan\u00a0markal\u0131 al\u00fcminyum ta\u015flama ve \u00e7apakalma diskleri; Al\u00fcminyum ve al\u00fcminyum ala\u015f\u0131mlar\u0131n\u0131n ta\u015flama ve \u00e7apakalma i\u015flemleri i\u00e7in \u00f6zel olarak \u00fcretilmektedir. &nbsp; \u200fAl\u00fcminyum oksit a\u015f\u0131nd\u0131r\u0131c\u0131 i\u00e7erir. &nbsp; \u200fAl\u00fcminyum\u2019un ta\u015flanmas\u0131 esnas\u0131nda \u201cs\u0131vanma\u201d gibi olumsuz ve istenmeyen davran\u0131\u015f\u0131 nedeni ile metal ta\u015flama diskleri ile al\u00fcminyum ta\u015flanmas\u0131 olduk\u00e7a zor ve zahmetli bir uygulamad\u0131r. Bunun i\u00e7in, s\u0131vama yapmadan rahat ve s\u00fcrekli ta\u015flama [&hellip;]<\/p>\n","protected":false},"featured_media":25411,"comment_status":"open","ping_status":"closed","template":"","meta":[],"product_brand":[],"product_cat":[15,72,262,89],"product_tag":[],"class_list":{"0":"post-25408","1":"product","2":"type-product","3":"status-publish","4":"has-post-thumbnail","6":"product_cat-genel","7":"product_cat-hirdavat","8":"product_cat-zimpara-taslari","9":"product_cat-zimparalar-ve-taslar","11":"first","12":"instock","13":"shipping-taxable","14":"product-type-simple"},"_links":{"self":[{"href":"http:\/\/basakcilastik.com.tr\/index.php?rest_route=\/wp\/v2\/product\/25408","targetHints":{"allow":["GET"]}}],"collection":[{"href":"http:\/\/basakcilastik.com.tr\/index.php?rest_route=\/wp\/v2\/product"}],"about":[{"href":"http:\/\/basakcilastik.com.tr\/index.php?rest_route=\/wp\/v2\/types\/product"}],"replies":[{"embeddable":true,"href":"http:\/\/basakcilastik.com.tr\/index.php?rest_route=%2Fwp%2Fv2%2Fcomments&post=25408"}],"wp:featuredmedia":[{"embeddable":true,"href":"http:\/\/basakcilastik.com.tr\/index.php?rest_route=\/wp\/v2\/media\/25411"}],"wp:attachment":[{"href":"http:\/\/basakcilastik.com.tr\/index.php?rest_route=%2Fwp%2Fv2%2Fmedia&parent=25408"}],"wp:term":[{"taxonomy":"product_brand","embeddable":true,"href":"http:\/\/basakcilastik.com.tr\/index.php?rest_route=%2Fwp%2Fv2%2Fproduct_brand&post=25408"},{"taxonomy":"product_cat","embeddable":true,"href":"http:\/\/basakcilastik.com.tr\/index.php?rest_route=%2Fwp%2Fv2%2Fproduct_cat&post=25408"},{"taxonomy":"product_tag","embeddable":true,"href":"http:\/\/basakcilastik.com.tr\/index.php?rest_route=%2Fwp%2Fv2%2Fproduct_tag&post=25408"}],"curies":[{"name":"wp","href":"https:\/\/api.w.org\/{rel}","templated":true}]}}