{"id":25382,"date":"2020-08-31T19:28:15","date_gmt":"2020-08-31T19:28:15","guid":{"rendered":"https:\/\/basakcilastik.com.tr\/?post_type=product&#038;p=25382"},"modified":"2020-08-31T19:28:17","modified_gmt":"2020-08-31T19:28:17","slug":"wert-2770-tel-firca-plastik-sapli","status":"publish","type":"product","link":"http:\/\/basakcilastik.com.tr\/?product=wert-2770-tel-firca-plastik-sapli","title":{"rendered":"WERT 2770 Tel F\u0131r\u00e7a (Plastik Sapl\u0131)"},"content":{"rendered":"<p>WERT 2770 Tel F\u0131r\u00e7a (Plastik Sapl\u0131)<\/p>\n<p>&nbsp;<\/p>\n<ul>\n<li>Pirin\u00e7 yuvarlak kesitli tel f\u0131r\u00e7a<br \/>\n\u25cf Plastik sapl\u0131<br \/>\n\u25cf Uzunluk: 250mm<\/li>\n<\/ul>\n<p><strong>A\u011f\u0131rl\u0131k(Kg)<\/strong><\/p>\n<p><strong>:<\/strong><\/p>\n<p>0.13<\/p>\n<p>&nbsp;<\/p>\n","protected":false},"excerpt":{"rendered":"<p>WERT 2770 Tel F\u0131r\u00e7a (Plastik Sapl\u0131) &nbsp; Pirin\u00e7 yuvarlak kesitli tel f\u0131r\u00e7a \u25cf Plastik sapl\u0131 \u25cf Uzunluk: 250mm A\u011f\u0131rl\u0131k(Kg) : 0.13 &nbsp;<\/p>\n","protected":false},"featured_media":25385,"comment_status":"open","ping_status":"closed","template":"","meta":[],"product_brand":[],"product_cat":[15,72,261,89],"product_tag":[],"class_list":{"0":"post-25382","1":"product","2":"type-product","3":"status-publish","4":"has-post-thumbnail","6":"product_cat-genel","7":"product_cat-hirdavat","8":"product_cat-tel-fircalar","9":"product_cat-zimparalar-ve-taslar","11":"first","12":"instock","13":"shipping-taxable","14":"product-type-simple"},"_links":{"self":[{"href":"http:\/\/basakcilastik.com.tr\/index.php?rest_route=\/wp\/v2\/product\/25382","targetHints":{"allow":["GET"]}}],"collection":[{"href":"http:\/\/basakcilastik.com.tr\/index.php?rest_route=\/wp\/v2\/product"}],"about":[{"href":"http:\/\/basakcilastik.com.tr\/index.php?rest_route=\/wp\/v2\/types\/product"}],"replies":[{"embeddable":true,"href":"http:\/\/basakcilastik.com.tr\/index.php?rest_route=%2Fwp%2Fv2%2Fcomments&post=25382"}],"wp:featuredmedia":[{"embeddable":true,"href":"http:\/\/basakcilastik.com.tr\/index.php?rest_route=\/wp\/v2\/media\/25385"}],"wp:attachment":[{"href":"http:\/\/basakcilastik.com.tr\/index.php?rest_route=%2Fwp%2Fv2%2Fmedia&parent=25382"}],"wp:term":[{"taxonomy":"product_brand","embeddable":true,"href":"http:\/\/basakcilastik.com.tr\/index.php?rest_route=%2Fwp%2Fv2%2Fproduct_brand&post=25382"},{"taxonomy":"product_cat","embeddable":true,"href":"http:\/\/basakcilastik.com.tr\/index.php?rest_route=%2Fwp%2Fv2%2Fproduct_cat&post=25382"},{"taxonomy":"product_tag","embeddable":true,"href":"http:\/\/basakcilastik.com.tr\/index.php?rest_route=%2Fwp%2Fv2%2Fproduct_tag&post=25382"}],"curies":[{"name":"wp","href":"https:\/\/api.w.org\/{rel}","templated":true}]}}