{"id":25378,"date":"2020-08-31T19:26:37","date_gmt":"2020-08-31T19:26:37","guid":{"rendered":"https:\/\/basakcilastik.com.tr\/?post_type=product&#038;p=25378"},"modified":"2020-08-31T19:26:39","modified_gmt":"2020-08-31T19:26:39","slug":"troy-27920-disk-alti-115mm","status":"publish","type":"product","link":"http:\/\/basakcilastik.com.tr\/?product=troy-27920-disk-alti-115mm","title":{"rendered":"TROY 27920 Disk Alt\u0131 (115mm)"},"content":{"rendered":"<p>TROY 27920 Disk Alt\u0131 (115mm)<\/p>\n<p>&nbsp;<\/p>\n<ul>\n<li>Disk alt\u0131<br \/>\n\u25cf 115mm 8500 devir\/dak<\/li>\n<\/ul>\n<p><strong>A\u011f\u0131rl\u0131k(Kg)<\/strong><\/p>\n<p><strong>:<\/strong><\/p>\n<p>0.17<\/p>\n<p>&nbsp;<\/p>\n","protected":false},"excerpt":{"rendered":"<p>TROY 27920 Disk Alt\u0131 (115mm) &nbsp; Disk alt\u0131 \u25cf 115mm 8500 devir\/dak A\u011f\u0131rl\u0131k(Kg) : 0.17 &nbsp;<\/p>\n","protected":false},"featured_media":25381,"comment_status":"open","ping_status":"closed","template":"","meta":[],"product_brand":[],"product_cat":[15,72,261,89],"product_tag":[],"class_list":{"0":"post-25378","1":"product","2":"type-product","3":"status-publish","4":"has-post-thumbnail","6":"product_cat-genel","7":"product_cat-hirdavat","8":"product_cat-tel-fircalar","9":"product_cat-zimparalar-ve-taslar","11":"first","12":"instock","13":"shipping-taxable","14":"product-type-simple"},"_links":{"self":[{"href":"http:\/\/basakcilastik.com.tr\/index.php?rest_route=\/wp\/v2\/product\/25378","targetHints":{"allow":["GET"]}}],"collection":[{"href":"http:\/\/basakcilastik.com.tr\/index.php?rest_route=\/wp\/v2\/product"}],"about":[{"href":"http:\/\/basakcilastik.com.tr\/index.php?rest_route=\/wp\/v2\/types\/product"}],"replies":[{"embeddable":true,"href":"http:\/\/basakcilastik.com.tr\/index.php?rest_route=%2Fwp%2Fv2%2Fcomments&post=25378"}],"wp:featuredmedia":[{"embeddable":true,"href":"http:\/\/basakcilastik.com.tr\/index.php?rest_route=\/wp\/v2\/media\/25381"}],"wp:attachment":[{"href":"http:\/\/basakcilastik.com.tr\/index.php?rest_route=%2Fwp%2Fv2%2Fmedia&parent=25378"}],"wp:term":[{"taxonomy":"product_brand","embeddable":true,"href":"http:\/\/basakcilastik.com.tr\/index.php?rest_route=%2Fwp%2Fv2%2Fproduct_brand&post=25378"},{"taxonomy":"product_cat","embeddable":true,"href":"http:\/\/basakcilastik.com.tr\/index.php?rest_route=%2Fwp%2Fv2%2Fproduct_cat&post=25378"},{"taxonomy":"product_tag","embeddable":true,"href":"http:\/\/basakcilastik.com.tr\/index.php?rest_route=%2Fwp%2Fv2%2Fproduct_tag&post=25378"}],"curies":[{"name":"wp","href":"https:\/\/api.w.org\/{rel}","templated":true}]}}