{"id":25376,"date":"2020-08-31T19:25:56","date_gmt":"2020-08-31T19:25:56","guid":{"rendered":"https:\/\/basakcilastik.com.tr\/?post_type=product&#038;p=25376"},"modified":"2020-08-31T19:25:58","modified_gmt":"2020-08-31T19:25:58","slug":"troy-27912-disk-alti-150mm-cirt-zimpara-icin","status":"publish","type":"product","link":"http:\/\/basakcilastik.com.tr\/?product=troy-27912-disk-alti-150mm-cirt-zimpara-icin","title":{"rendered":"TROY 27912 Disk Alt\u0131 150mm, (C\u0131rt Z\u0131mpara i\u00e7in)"},"content":{"rendered":"<p>TROY 27912 Disk Alt\u0131 150mm, C\u0131rt Z\u0131mpara Altl\u0131\u011f\u0131<\/p>\n<p>Backing Plate for Velcro Sanding Discs<\/p>\n<p>&nbsp;<\/p>\n<ul>\n<li>(velcro, c\u0131rtc\u0131rtl\u0131) z\u0131mparalar i\u00e7in disk alt\u0131<br \/>\n\u25cf 10mm kal\u0131nl\u0131\u011f\u0131nda plastik k\u00f6p\u00fck aray\u00fcz<br \/>\n\u25cf 150mmxM14x2<\/li>\n<\/ul>\n<p><strong>A\u011f\u0131rl\u0131k(Kg)<\/strong><\/p>\n<p><strong>:<\/strong><\/p>\n<p>0.36<\/p>\n<p>&nbsp;<\/p>\n","protected":false},"excerpt":{"rendered":"<p>TROY 27912 Disk Alt\u0131 150mm, C\u0131rt Z\u0131mpara Altl\u0131\u011f\u0131 Backing Plate for Velcro Sanding Discs &nbsp; (velcro, c\u0131rtc\u0131rtl\u0131) z\u0131mparalar i\u00e7in disk alt\u0131 \u25cf 10mm kal\u0131nl\u0131\u011f\u0131nda plastik k\u00f6p\u00fck aray\u00fcz \u25cf 150mmxM14x2 A\u011f\u0131rl\u0131k(Kg) : 0.36 &nbsp;<\/p>\n","protected":false},"featured_media":25379,"comment_status":"open","ping_status":"closed","template":"","meta":[],"product_brand":[],"product_cat":[15,72,261,89],"product_tag":[],"class_list":{"0":"post-25376","1":"product","2":"type-product","3":"status-publish","4":"has-post-thumbnail","6":"product_cat-genel","7":"product_cat-hirdavat","8":"product_cat-tel-fircalar","9":"product_cat-zimparalar-ve-taslar","11":"first","12":"instock","13":"shipping-taxable","14":"product-type-simple"},"_links":{"self":[{"href":"http:\/\/basakcilastik.com.tr\/index.php?rest_route=\/wp\/v2\/product\/25376","targetHints":{"allow":["GET"]}}],"collection":[{"href":"http:\/\/basakcilastik.com.tr\/index.php?rest_route=\/wp\/v2\/product"}],"about":[{"href":"http:\/\/basakcilastik.com.tr\/index.php?rest_route=\/wp\/v2\/types\/product"}],"replies":[{"embeddable":true,"href":"http:\/\/basakcilastik.com.tr\/index.php?rest_route=%2Fwp%2Fv2%2Fcomments&post=25376"}],"wp:featuredmedia":[{"embeddable":true,"href":"http:\/\/basakcilastik.com.tr\/index.php?rest_route=\/wp\/v2\/media\/25379"}],"wp:attachment":[{"href":"http:\/\/basakcilastik.com.tr\/index.php?rest_route=%2Fwp%2Fv2%2Fmedia&parent=25376"}],"wp:term":[{"taxonomy":"product_brand","embeddable":true,"href":"http:\/\/basakcilastik.com.tr\/index.php?rest_route=%2Fwp%2Fv2%2Fproduct_brand&post=25376"},{"taxonomy":"product_cat","embeddable":true,"href":"http:\/\/basakcilastik.com.tr\/index.php?rest_route=%2Fwp%2Fv2%2Fproduct_cat&post=25376"},{"taxonomy":"product_tag","embeddable":true,"href":"http:\/\/basakcilastik.com.tr\/index.php?rest_route=%2Fwp%2Fv2%2Fproduct_tag&post=25376"}],"curies":[{"name":"wp","href":"https:\/\/api.w.org\/{rel}","templated":true}]}}