{"id":25263,"date":"2020-08-31T18:18:33","date_gmt":"2020-08-31T18:18:33","guid":{"rendered":"https:\/\/basakcilastik.com.tr\/?post_type=product&#038;p=25263"},"modified":"2020-08-31T18:18:36","modified_gmt":"2020-08-31T18:18:36","slug":"07415-sirali-tel-firca-agac-sapli","status":"publish","type":"product","link":"http:\/\/basakcilastik.com.tr\/?product=07415-sirali-tel-firca-agac-sapli","title":{"rendered":"07415 S\u0131ral\u0131 Tel F\u0131r\u00e7a (A\u011fa\u00e7 Sapl\u0131)"},"content":{"rendered":"<table width=\"100%\">\n<tbody>\n<tr>\n<td><strong>KOD<\/strong><\/td>\n<td><strong>\u00d6L\u00c7\u00dc<\/strong><\/td>\n<td><\/td>\n<td><\/td>\n<\/tr>\n<tr>\n<td>07415 50 003<\/td>\n<td>3 SIRA<\/td>\n<td>125<\/td>\n<td>5<\/td>\n<\/tr>\n<tr>\n<td>\u00a007415 50 004<\/td>\n<td>4 SIRA<\/td>\n<td>135<\/td>\n<td>5<\/td>\n<\/tr>\n<tr>\n<td>07415 50 005<\/td>\n<td>5 SIRA<\/td>\n<td>145<\/td>\n<td>5<\/td>\n<\/tr>\n<tr>\n<td>07415 50 006<\/td>\n<td>6 SIRA<\/td>\n<td>170<\/td>\n<td>5<\/td>\n<\/tr>\n<\/tbody>\n<\/table>\n<p>&nbsp;<\/p>\n","protected":false},"excerpt":{"rendered":"<p>KOD \u00d6L\u00c7\u00dc 07415 50 003 3 SIRA 125 5 \u00a007415 50 004 4 SIRA 135 5 07415 50 005 5 SIRA 145 5 07415 50 006 6 SIRA 170 5 &nbsp;<\/p>\n","protected":false},"featured_media":25264,"comment_status":"open","ping_status":"closed","template":"","meta":[],"product_brand":[],"product_cat":[15,72,261,89],"product_tag":[],"class_list":{"0":"post-25263","1":"product","2":"type-product","3":"status-publish","4":"has-post-thumbnail","6":"product_cat-genel","7":"product_cat-hirdavat","8":"product_cat-tel-fircalar","9":"product_cat-zimparalar-ve-taslar","11":"first","12":"instock","13":"shipping-taxable","14":"product-type-simple"},"_links":{"self":[{"href":"http:\/\/basakcilastik.com.tr\/index.php?rest_route=\/wp\/v2\/product\/25263","targetHints":{"allow":["GET"]}}],"collection":[{"href":"http:\/\/basakcilastik.com.tr\/index.php?rest_route=\/wp\/v2\/product"}],"about":[{"href":"http:\/\/basakcilastik.com.tr\/index.php?rest_route=\/wp\/v2\/types\/product"}],"replies":[{"embeddable":true,"href":"http:\/\/basakcilastik.com.tr\/index.php?rest_route=%2Fwp%2Fv2%2Fcomments&post=25263"}],"wp:featuredmedia":[{"embeddable":true,"href":"http:\/\/basakcilastik.com.tr\/index.php?rest_route=\/wp\/v2\/media\/25264"}],"wp:attachment":[{"href":"http:\/\/basakcilastik.com.tr\/index.php?rest_route=%2Fwp%2Fv2%2Fmedia&parent=25263"}],"wp:term":[{"taxonomy":"product_brand","embeddable":true,"href":"http:\/\/basakcilastik.com.tr\/index.php?rest_route=%2Fwp%2Fv2%2Fproduct_brand&post=25263"},{"taxonomy":"product_cat","embeddable":true,"href":"http:\/\/basakcilastik.com.tr\/index.php?rest_route=%2Fwp%2Fv2%2Fproduct_cat&post=25263"},{"taxonomy":"product_tag","embeddable":true,"href":"http:\/\/basakcilastik.com.tr\/index.php?rest_route=%2Fwp%2Fv2%2Fproduct_tag&post=25263"}],"curies":[{"name":"wp","href":"https:\/\/api.w.org\/{rel}","templated":true}]}}