{"id":25176,"date":"2020-08-30T13:33:22","date_gmt":"2020-08-30T13:33:22","guid":{"rendered":"https:\/\/basakcilastik.com.tr\/?post_type=product&#038;p=25176"},"modified":"2020-08-30T13:33:24","modified_gmt":"2020-08-30T13:33:24","slug":"025-rc7767-alman-tip-cimbiz-duz","status":"publish","type":"product","link":"http:\/\/basakcilastik.com.tr\/?product=025-rc7767-alman-tip-cimbiz-duz","title":{"rendered":"025-RC7767 ALMAN T\u0130P CIMBIZ D\u00dcZ"},"content":{"rendered":"<p>025-RC7767 ALMAN T\u0130P CIMBIZ D\u00dcZ<\/p>\n","protected":false},"excerpt":{"rendered":"<p>025-RC7767 ALMAN T\u0130P CIMBIZ D\u00dcZ<\/p>\n","protected":false},"featured_media":25179,"comment_status":"open","ping_status":"closed","template":"","meta":[],"product_brand":[],"product_cat":[15,72,260],"product_tag":[],"class_list":{"0":"post-25176","1":"product","2":"type-product","3":"status-publish","4":"has-post-thumbnail","6":"product_cat-genel","7":"product_cat-hirdavat","8":"product_cat-rico-genel-grup","10":"first","11":"instock","12":"shipping-taxable","13":"product-type-simple"},"_links":{"self":[{"href":"http:\/\/basakcilastik.com.tr\/index.php?rest_route=\/wp\/v2\/product\/25176","targetHints":{"allow":["GET"]}}],"collection":[{"href":"http:\/\/basakcilastik.com.tr\/index.php?rest_route=\/wp\/v2\/product"}],"about":[{"href":"http:\/\/basakcilastik.com.tr\/index.php?rest_route=\/wp\/v2\/types\/product"}],"replies":[{"embeddable":true,"href":"http:\/\/basakcilastik.com.tr\/index.php?rest_route=%2Fwp%2Fv2%2Fcomments&post=25176"}],"wp:featuredmedia":[{"embeddable":true,"href":"http:\/\/basakcilastik.com.tr\/index.php?rest_route=\/wp\/v2\/media\/25179"}],"wp:attachment":[{"href":"http:\/\/basakcilastik.com.tr\/index.php?rest_route=%2Fwp%2Fv2%2Fmedia&parent=25176"}],"wp:term":[{"taxonomy":"product_brand","embeddable":true,"href":"http:\/\/basakcilastik.com.tr\/index.php?rest_route=%2Fwp%2Fv2%2Fproduct_brand&post=25176"},{"taxonomy":"product_cat","embeddable":true,"href":"http:\/\/basakcilastik.com.tr\/index.php?rest_route=%2Fwp%2Fv2%2Fproduct_cat&post=25176"},{"taxonomy":"product_tag","embeddable":true,"href":"http:\/\/basakcilastik.com.tr\/index.php?rest_route=%2Fwp%2Fv2%2Fproduct_tag&post=25176"}],"curies":[{"name":"wp","href":"https:\/\/api.w.org\/{rel}","templated":true}]}}