{"id":24836,"date":"2020-08-28T19:06:17","date_gmt":"2020-08-28T19:06:17","guid":{"rendered":"https:\/\/basakcilastik.com.tr\/?post_type=product&#038;p=24836"},"modified":"2020-08-28T19:06:19","modified_gmt":"2020-08-28T19:06:19","slug":"wert-2740-125-elmas-taslama-diski-cift-sira-125mm","status":"publish","type":"product","link":"http:\/\/basakcilastik.com.tr\/?product=wert-2740-125-elmas-taslama-diski-cift-sira-125mm","title":{"rendered":"WERT 2740-125 Elmas Ta\u015flama Diski, \u00c7ift S\u0131ra, 125mm"},"content":{"rendered":"<p>&nbsp;<\/p>\n<p>WERT 2740-125 Elmas Ta\u015flama Diski, \u00c7ift S\u0131ra, 125mm<\/p>\n<p>&nbsp;<\/p>\n<ul>\n<li>\u00c7ift s\u0131ra a\u015f\u0131nd\u0131r\u0131c\u0131l\u0131 elmas ta\u015flama diski, 125mm<\/li>\n<li>Geni\u015f beton y\u00fczeylerdeki engebelerin\u00a0 a\u015f\u0131nd\u0131r\u0131larak giderilmesi, \u015fekil verme ve ta\u015flama i\u015flemleri i\u00e7in geli\u015ftirilmi\u015ftir.<\/li>\n<li>Disk \u00e7ap\u0131: 125mm<\/li>\n<li>Delik \u00e7ap\u0131: 22,23mm<\/li>\n<li>Elmas et kal\u0131nl\u0131\u011f\u0131: 5,5mm<\/li>\n<li>100mm, 115mm, 150mm \u00e7apl\u0131 di\u011fer \u00e7e\u015fitleri mevcuttur<\/li>\n<\/ul>\n<p><strong>A\u011f\u0131rl\u0131k(Kg)<\/strong><\/p>\n<p><strong>:<\/strong><\/p>\n<p>1<\/p>\n<p>&nbsp;<\/p>\n","protected":false},"excerpt":{"rendered":"<p>&nbsp; WERT 2740-125 Elmas Ta\u015flama Diski, \u00c7ift S\u0131ra, 125mm &nbsp; \u00c7ift s\u0131ra a\u015f\u0131nd\u0131r\u0131c\u0131l\u0131 elmas ta\u015flama diski, 125mm Geni\u015f beton y\u00fczeylerdeki engebelerin\u00a0 a\u015f\u0131nd\u0131r\u0131larak giderilmesi, \u015fekil verme ve ta\u015flama i\u015flemleri i\u00e7in geli\u015ftirilmi\u015ftir. Disk \u00e7ap\u0131: 125mm Delik \u00e7ap\u0131: 22,23mm Elmas et kal\u0131nl\u0131\u011f\u0131: 5,5mm 100mm, 115mm, 150mm \u00e7apl\u0131 di\u011fer \u00e7e\u015fitleri mevcuttur A\u011f\u0131rl\u0131k(Kg) : 1 &nbsp;<\/p>\n","protected":false},"featured_media":24839,"comment_status":"open","ping_status":"closed","template":"","meta":[],"product_brand":[],"product_cat":[15,254,72,89],"product_tag":[],"class_list":{"0":"post-24836","1":"product","2":"type-product","3":"status-publish","4":"has-post-thumbnail","6":"product_cat-genel","7":"product_cat-elmas-testereler","8":"product_cat-hirdavat","9":"product_cat-zimparalar-ve-taslar","11":"first","12":"instock","13":"shipping-taxable","14":"product-type-simple"},"_links":{"self":[{"href":"http:\/\/basakcilastik.com.tr\/index.php?rest_route=\/wp\/v2\/product\/24836","targetHints":{"allow":["GET"]}}],"collection":[{"href":"http:\/\/basakcilastik.com.tr\/index.php?rest_route=\/wp\/v2\/product"}],"about":[{"href":"http:\/\/basakcilastik.com.tr\/index.php?rest_route=\/wp\/v2\/types\/product"}],"replies":[{"embeddable":true,"href":"http:\/\/basakcilastik.com.tr\/index.php?rest_route=%2Fwp%2Fv2%2Fcomments&post=24836"}],"wp:featuredmedia":[{"embeddable":true,"href":"http:\/\/basakcilastik.com.tr\/index.php?rest_route=\/wp\/v2\/media\/24839"}],"wp:attachment":[{"href":"http:\/\/basakcilastik.com.tr\/index.php?rest_route=%2Fwp%2Fv2%2Fmedia&parent=24836"}],"wp:term":[{"taxonomy":"product_brand","embeddable":true,"href":"http:\/\/basakcilastik.com.tr\/index.php?rest_route=%2Fwp%2Fv2%2Fproduct_brand&post=24836"},{"taxonomy":"product_cat","embeddable":true,"href":"http:\/\/basakcilastik.com.tr\/index.php?rest_route=%2Fwp%2Fv2%2Fproduct_cat&post=24836"},{"taxonomy":"product_tag","embeddable":true,"href":"http:\/\/basakcilastik.com.tr\/index.php?rest_route=%2Fwp%2Fv2%2Fproduct_tag&post=24836"}],"curies":[{"name":"wp","href":"https:\/\/api.w.org\/{rel}","templated":true}]}}