{"id":24742,"date":"2020-08-28T14:46:10","date_gmt":"2020-08-28T14:46:10","guid":{"rendered":"https:\/\/basakcilastik.com.tr\/?post_type=product&#038;p=24742"},"modified":"2020-08-28T14:46:12","modified_gmt":"2020-08-28T14:46:12","slug":"cok-tasli-dairesel-tas-duzeltme-elmaslari","status":"publish","type":"product","link":"http:\/\/basakcilastik.com.tr\/?product=cok-tasli-dairesel-tas-duzeltme-elmaslari","title":{"rendered":"\u00c7OK TA\u015eLI DA\u0130RESEL TA\u015e D\u00dcZELTME ELMASLARI"},"content":{"rendered":"<p>\u00c7OK TA\u015eLI DA\u0130RESEL TA\u015e D\u00dcZELTME ELMASLARI<\/p>\n","protected":false},"excerpt":{"rendered":"<p>\u00c7OK TA\u015eLI DA\u0130RESEL TA\u015e D\u00dcZELTME ELMASLARI<\/p>\n","protected":false},"featured_media":24744,"comment_status":"open","ping_status":"closed","template":"","meta":[],"product_brand":[],"product_cat":[15,254,72,89],"product_tag":[],"class_list":{"0":"post-24742","1":"product","2":"type-product","3":"status-publish","4":"has-post-thumbnail","6":"product_cat-genel","7":"product_cat-elmas-testereler","8":"product_cat-hirdavat","9":"product_cat-zimparalar-ve-taslar","11":"first","12":"instock","13":"shipping-taxable","14":"product-type-simple"},"_links":{"self":[{"href":"http:\/\/basakcilastik.com.tr\/index.php?rest_route=\/wp\/v2\/product\/24742","targetHints":{"allow":["GET"]}}],"collection":[{"href":"http:\/\/basakcilastik.com.tr\/index.php?rest_route=\/wp\/v2\/product"}],"about":[{"href":"http:\/\/basakcilastik.com.tr\/index.php?rest_route=\/wp\/v2\/types\/product"}],"replies":[{"embeddable":true,"href":"http:\/\/basakcilastik.com.tr\/index.php?rest_route=%2Fwp%2Fv2%2Fcomments&post=24742"}],"wp:featuredmedia":[{"embeddable":true,"href":"http:\/\/basakcilastik.com.tr\/index.php?rest_route=\/wp\/v2\/media\/24744"}],"wp:attachment":[{"href":"http:\/\/basakcilastik.com.tr\/index.php?rest_route=%2Fwp%2Fv2%2Fmedia&parent=24742"}],"wp:term":[{"taxonomy":"product_brand","embeddable":true,"href":"http:\/\/basakcilastik.com.tr\/index.php?rest_route=%2Fwp%2Fv2%2Fproduct_brand&post=24742"},{"taxonomy":"product_cat","embeddable":true,"href":"http:\/\/basakcilastik.com.tr\/index.php?rest_route=%2Fwp%2Fv2%2Fproduct_cat&post=24742"},{"taxonomy":"product_tag","embeddable":true,"href":"http:\/\/basakcilastik.com.tr\/index.php?rest_route=%2Fwp%2Fv2%2Fproduct_tag&post=24742"}],"curies":[{"name":"wp","href":"https:\/\/api.w.org\/{rel}","templated":true}]}}