{"id":24730,"date":"2020-08-28T14:38:47","date_gmt":"2020-08-28T14:38:47","guid":{"rendered":"https:\/\/basakcilastik.com.tr\/?post_type=product&#038;p=24730"},"modified":"2020-08-28T14:38:50","modified_gmt":"2020-08-28T14:38:50","slug":"wert-5003-hizli-yapistirici-3ml-1-adet","status":"publish","type":"product","link":"http:\/\/basakcilastik.com.tr\/?product=wert-5003-hizli-yapistirici-3ml-1-adet","title":{"rendered":"WERT 5003 H\u0131zl\u0131 Yap\u0131\u015ft\u0131r\u0131c\u0131, 3ml, 1 Adet"},"content":{"rendered":"<p>WERT 5003 H\u0131zl\u0131 Yap\u0131\u015ft\u0131r\u0131c\u0131, 3ml, 1 Adet<\/p>\n<p>&nbsp;<\/p>\n<ul>\n<li>\u00c7ok ama\u00e7l\u0131 epoksi yap\u0131\u015ft\u0131r\u0131c\u0131, t\u00fcm malzemelerde sadece birka\u00e7 saniye i\u00e7erisinde yap\u0131\u015fma sa\u011flar.<br \/>\n\u25cf Ekonomik ve kolay kullan\u0131ml\u0131 s\u0131v\u0131 yap\u0131\u015ft\u0131r\u0131c\u0131<br \/>\n\u25cf Metallerde, lastik ve elastik malzemelerde, \u00e7ini, seramik ve porselenlerde.<br \/>\n\u25cf Ah\u015fap y\u00fczeylerde, deri ve yapay deride.<br \/>\n\u25cf Bir\u00e7ok plastik y\u00fczeylerde.<br \/>\n\u25cf An\u0131nda yap\u0131\u015ft\u0131r\u0131r. Eritici de\u011fildir. Kar\u0131\u015f\u0131m\u0131 yoktur.<br \/>\n\u25cf Bir\u00e7ok kimyevi maddeye kar\u015f\u0131 dayan\u0131kl\u0131d\u0131r.<br \/>\n\u25cf Ambalaj: 3ml<br \/>\n\u25cf Oda s\u0131cakl\u0131\u011f\u0131nda k\u00fcr s\u00fcresi: an\u0131nda<\/li>\n<\/ul>\n<p><strong>A\u011f\u0131rl\u0131k(Kg)<\/strong><\/p>\n<p><strong>:<\/strong><\/p>\n<p>0.01<\/p>\n<p>&nbsp;<\/p>\n<p>&nbsp;<\/p>\n","protected":false},"excerpt":{"rendered":"<p>WERT 5003 H\u0131zl\u0131 Yap\u0131\u015ft\u0131r\u0131c\u0131, 3ml, 1 Adet &nbsp; \u00c7ok ama\u00e7l\u0131 epoksi yap\u0131\u015ft\u0131r\u0131c\u0131, t\u00fcm malzemelerde sadece birka\u00e7 saniye i\u00e7erisinde yap\u0131\u015fma sa\u011flar. \u25cf Ekonomik ve kolay kullan\u0131ml\u0131 s\u0131v\u0131 yap\u0131\u015ft\u0131r\u0131c\u0131 \u25cf Metallerde, lastik ve elastik malzemelerde, \u00e7ini, seramik ve porselenlerde. \u25cf Ah\u015fap y\u00fczeylerde, deri ve yapay deride. \u25cf Bir\u00e7ok plastik y\u00fczeylerde. \u25cf An\u0131nda yap\u0131\u015ft\u0131r\u0131r. Eritici de\u011fildir. Kar\u0131\u015f\u0131m\u0131 yoktur. \u25cf Bir\u00e7ok kimyevi maddeye kar\u015f\u0131 [&hellip;]<\/p>\n","protected":false},"featured_media":24735,"comment_status":"open","ping_status":"closed","template":"","meta":[],"product_brand":[],"product_cat":[15,72,88,253],"product_tag":[],"class_list":{"0":"post-24730","1":"product","2":"type-product","3":"status-publish","4":"has-post-thumbnail","6":"product_cat-genel","7":"product_cat-hirdavat","8":"product_cat-yapistirici-ve-bantlar","9":"product_cat-yapistiricilar","11":"first","12":"instock","13":"shipping-taxable","14":"product-type-simple"},"_links":{"self":[{"href":"http:\/\/basakcilastik.com.tr\/index.php?rest_route=\/wp\/v2\/product\/24730","targetHints":{"allow":["GET"]}}],"collection":[{"href":"http:\/\/basakcilastik.com.tr\/index.php?rest_route=\/wp\/v2\/product"}],"about":[{"href":"http:\/\/basakcilastik.com.tr\/index.php?rest_route=\/wp\/v2\/types\/product"}],"replies":[{"embeddable":true,"href":"http:\/\/basakcilastik.com.tr\/index.php?rest_route=%2Fwp%2Fv2%2Fcomments&post=24730"}],"wp:featuredmedia":[{"embeddable":true,"href":"http:\/\/basakcilastik.com.tr\/index.php?rest_route=\/wp\/v2\/media\/24735"}],"wp:attachment":[{"href":"http:\/\/basakcilastik.com.tr\/index.php?rest_route=%2Fwp%2Fv2%2Fmedia&parent=24730"}],"wp:term":[{"taxonomy":"product_brand","embeddable":true,"href":"http:\/\/basakcilastik.com.tr\/index.php?rest_route=%2Fwp%2Fv2%2Fproduct_brand&post=24730"},{"taxonomy":"product_cat","embeddable":true,"href":"http:\/\/basakcilastik.com.tr\/index.php?rest_route=%2Fwp%2Fv2%2Fproduct_cat&post=24730"},{"taxonomy":"product_tag","embeddable":true,"href":"http:\/\/basakcilastik.com.tr\/index.php?rest_route=%2Fwp%2Fv2%2Fproduct_tag&post=24730"}],"curies":[{"name":"wp","href":"https:\/\/api.w.org\/{rel}","templated":true}]}}