{"id":24722,"date":"2020-08-28T13:57:59","date_gmt":"2020-08-28T13:57:59","guid":{"rendered":"https:\/\/basakcilastik.com.tr\/?post_type=product&#038;p=24722"},"modified":"2020-08-28T13:58:01","modified_gmt":"2020-08-28T13:58:01","slug":"genel-amacli-hizli-yapistirici","status":"publish","type":"product","link":"http:\/\/basakcilastik.com.tr\/?product=genel-amacli-hizli-yapistirici","title":{"rendered":"Genel Ama\u00e7l\u0131 H\u0131zl\u0131 Yap\u0131\u015ft\u0131r\u0131c\u0131"},"content":{"rendered":"<p>Sanayi ve hobi kullan\u0131m\u0131 i\u00e7in u\u0308stu\u0308n mukavemetli yap\u0131t\u0131\u015fr\u0131c\u0131d\u0131r. Genel ama\u00e7l\u0131 yap\u0131t\u0131r\u0131c\u0131d\u0131r. \u015eeffaft\u0131r.<\/p>\n<table width=\"100%\">\n<thead>\n<tr>\n<td><strong>\u00dcR\u00dcN KODU<\/strong><\/td>\n<td><strong>B\u0130R\u0130M<\/strong><\/td>\n<td><strong>Seri<\/strong><\/td>\n<td><strong>\u00d6zellikler<\/strong><\/td>\n<td><strong>A\u011f\u0131rl\u0131k (gr)<\/strong><\/td>\n<td><strong>Paketleme Bilgisi Miktar<\/strong><\/td>\n<td><strong>En<\/strong><\/td>\n<td><strong>Boy<\/strong><\/td>\n<td><strong>Y\u00fckseklik<\/strong><\/td>\n<td><strong>Net A\u011f\u0131rl\u0131k<\/strong><\/td>\n<td><strong>Br\u00fct A\u011f\u0131rl\u0131k<\/strong><\/td>\n<\/tr>\n<\/thead>\n<tbody>\n<tr>\n<td>03.01.01.00.00003<\/td>\n<td>AD<\/td>\n<td><\/td>\n<td>Kartela<\/td>\n<td>3<\/td>\n<td>1<\/td>\n<td>0<\/td>\n<td>0<\/td>\n<td>0<\/td>\n<td>0<\/td>\n<td>0<\/td>\n<\/tr>\n<tr>\n<td>03.01.01.00.00003<\/td>\n<td>PK<\/td>\n<td><\/td>\n<td>Kartela<\/td>\n<td>3<\/td>\n<td>12<\/td>\n<td>0<\/td>\n<td>0<\/td>\n<td>0<\/td>\n<td>0<\/td>\n<td>0<\/td>\n<\/tr>\n<tr>\n<td>03.01.01.00.00003<\/td>\n<td>KL<\/td>\n<td><\/td>\n<td>Kartela<\/td>\n<td>3<\/td>\n<td>288<\/td>\n<td>0<\/td>\n<td>0<\/td>\n<td>0<\/td>\n<td>0<\/td>\n<td>0<\/td>\n<\/tr>\n<tr>\n<td>03.01.01.01.00020<\/td>\n<td>AD<\/td>\n<td><\/td>\n<td>Plastik T\u00fcp,Kutulu<\/td>\n<td>20<\/td>\n<td>1<\/td>\n<td>0<\/td>\n<td>0<\/td>\n<td>0<\/td>\n<td>0<\/td>\n<td>0<\/td>\n<\/tr>\n<tr>\n<td>03.01.01.01.00020<\/td>\n<td>PK<\/td>\n<td><\/td>\n<td>Plastik T\u00fcp,Kutulu<\/td>\n<td>20<\/td>\n<td>50<\/td>\n<td>0<\/td>\n<td>0<\/td>\n<td>0<\/td>\n<td>0<\/td>\n<td>0<\/td>\n<\/tr>\n<tr>\n<td>03.01.01.01.00020<\/td>\n<td>KL<\/td>\n<td><\/td>\n<td>Plastik T\u00fcp,Kutulu<\/td>\n<td>20<\/td>\n<td>500<\/td>\n<td>0<\/td>\n<td>0<\/td>\n<td>0<\/td>\n<td>0<\/td>\n<td>0<\/td>\n<\/tr>\n<tr>\n<td>03.01.01.00.00050<\/td>\n<td>AD<\/td>\n<td><\/td>\n<td>Plastik T\u00fcp<\/td>\n<td>50<\/td>\n<td>1<\/td>\n<td>0<\/td>\n<td>0<\/td>\n<td>0<\/td>\n<td>0<\/td>\n<td>0<\/td>\n<\/tr>\n<tr>\n<td>03.01.01.00.00050<\/td>\n<td>PK<\/td>\n<td><\/td>\n<td>Plastik T\u00fcp<\/td>\n<td>50<\/td>\n<td>30<\/td>\n<td>0<\/td>\n<td>0<\/td>\n<td>0<\/td>\n<td>0<\/td>\n<td>0<\/td>\n<\/tr>\n<tr>\n<td>03.01.01.00.00050<\/td>\n<td>KL<\/td>\n<td><\/td>\n<td>Plastik T\u00fcp<\/td>\n<td>50<\/td>\n<td>300<\/td>\n<td>0<\/td>\n<td>0<\/td>\n<td>0<\/td>\n<td>0<\/td>\n<td>0<\/td>\n<\/tr>\n<\/tbody>\n<\/table>\n<p>&nbsp;<\/p>\n","protected":false},"excerpt":{"rendered":"<p>Sanayi ve hobi kullan\u0131m\u0131 i\u00e7in u\u0308stu\u0308n mukavemetli yap\u0131t\u0131\u015fr\u0131c\u0131d\u0131r. Genel ama\u00e7l\u0131 yap\u0131t\u0131r\u0131c\u0131d\u0131r. \u015eeffaft\u0131r. \u00dcR\u00dcN KODU B\u0130R\u0130M Seri \u00d6zellikler A\u011f\u0131rl\u0131k (gr) Paketleme Bilgisi Miktar En Boy Y\u00fckseklik Net A\u011f\u0131rl\u0131k Br\u00fct A\u011f\u0131rl\u0131k 03.01.01.00.00003 AD Kartela 3 1 0 0 0 0 0 03.01.01.00.00003 PK Kartela 3 12 0 0 0 0 0 03.01.01.00.00003 KL Kartela 3 288 0 0 0 0 0 03.01.01.01.00020 [&hellip;]<\/p>\n","protected":false},"featured_media":24725,"comment_status":"open","ping_status":"closed","template":"","meta":[],"product_brand":[],"product_cat":[15,72,88,253],"product_tag":[],"class_list":{"0":"post-24722","1":"product","2":"type-product","3":"status-publish","4":"has-post-thumbnail","6":"product_cat-genel","7":"product_cat-hirdavat","8":"product_cat-yapistirici-ve-bantlar","9":"product_cat-yapistiricilar","11":"first","12":"instock","13":"shipping-taxable","14":"product-type-simple"},"_links":{"self":[{"href":"http:\/\/basakcilastik.com.tr\/index.php?rest_route=\/wp\/v2\/product\/24722","targetHints":{"allow":["GET"]}}],"collection":[{"href":"http:\/\/basakcilastik.com.tr\/index.php?rest_route=\/wp\/v2\/product"}],"about":[{"href":"http:\/\/basakcilastik.com.tr\/index.php?rest_route=\/wp\/v2\/types\/product"}],"replies":[{"embeddable":true,"href":"http:\/\/basakcilastik.com.tr\/index.php?rest_route=%2Fwp%2Fv2%2Fcomments&post=24722"}],"wp:featuredmedia":[{"embeddable":true,"href":"http:\/\/basakcilastik.com.tr\/index.php?rest_route=\/wp\/v2\/media\/24725"}],"wp:attachment":[{"href":"http:\/\/basakcilastik.com.tr\/index.php?rest_route=%2Fwp%2Fv2%2Fmedia&parent=24722"}],"wp:term":[{"taxonomy":"product_brand","embeddable":true,"href":"http:\/\/basakcilastik.com.tr\/index.php?rest_route=%2Fwp%2Fv2%2Fproduct_brand&post=24722"},{"taxonomy":"product_cat","embeddable":true,"href":"http:\/\/basakcilastik.com.tr\/index.php?rest_route=%2Fwp%2Fv2%2Fproduct_cat&post=24722"},{"taxonomy":"product_tag","embeddable":true,"href":"http:\/\/basakcilastik.com.tr\/index.php?rest_route=%2Fwp%2Fv2%2Fproduct_tag&post=24722"}],"curies":[{"name":"wp","href":"https:\/\/api.w.org\/{rel}","templated":true}]}}