{"id":24718,"date":"2020-08-28T13:54:37","date_gmt":"2020-08-28T13:54:37","guid":{"rendered":"https:\/\/basakcilastik.com.tr\/?post_type=product&#038;p=24718"},"modified":"2024-03-27T23:17:50","modified_gmt":"2024-03-27T23:17:50","slug":"deri-yapistirici","status":"publish","type":"product","link":"http:\/\/basakcilastik.com.tr\/?product=deri-yapistirici","title":{"rendered":"Deri Yap\u0131\u015ft\u0131r\u0131c\u0131"},"content":{"rendered":"<p>Deri,metal ve kau\u00e7uk yap\u0131\u015ft\u0131rmada kullan\u0131lan esnek bir yap\u0131\u015ft\u0131r\u0131c\u0131d\u0131r.<\/p>\n<table width=\"100%\">\n<thead>\n<tr>\n<td><strong>\u00dcR\u00dcN KODU<\/strong><\/td>\n<td><strong>B\u0130R\u0130M<\/strong><\/td>\n<td><strong>Tip<\/strong><\/td>\n<td><strong>A\u011f\u0131rl\u0131k (gr)<\/strong><\/td>\n<td><strong>Paketleme Bilgisi Miktar<\/strong><\/td>\n<td><strong>En<\/strong><\/td>\n<td><strong>Boy<\/strong><\/td>\n<td><strong>Y\u00fckseklik<\/strong><\/td>\n<td><strong>Net A\u011f\u0131rl\u0131k<\/strong><\/td>\n<td><strong>Br\u00fct A\u011f\u0131rl\u0131k<\/strong><\/td>\n<\/tr>\n<\/thead>\n<tbody>\n<tr>\n<td>03.01.02.00.00020<\/td>\n<td>AD<\/td>\n<td>Herk\u00fcl 412<\/td>\n<td>20<\/td>\n<td>1<\/td>\n<td>0<\/td>\n<td>0<\/td>\n<td>0<\/td>\n<td>0<\/td>\n<td>0<\/td>\n<\/tr>\n<tr>\n<td>03.01.02.00.00020<\/td>\n<td>PK<\/td>\n<td>Herk\u00fcl 412<\/td>\n<td>20<\/td>\n<td>50<\/td>\n<td>0<\/td>\n<td>0<\/td>\n<td>0<\/td>\n<td>0<\/td>\n<td>0<\/td>\n<\/tr>\n<tr>\n<td>03.01.02.00.00020<\/td>\n<td>KL<\/td>\n<td>Herk\u00fcl 412<\/td>\n<td>20<\/td>\n<td>500<\/td>\n<td>0<\/td>\n<td>0<\/td>\n<td>0<\/td>\n<td>0<\/td>\n<td>0<\/td>\n<\/tr>\n<\/tbody>\n<\/table>\n<p>&nbsp;<\/p>\n","protected":false},"excerpt":{"rendered":"<p>Deri,metal ve kau\u00e7uk yap\u0131\u015ft\u0131rmada kullan\u0131lan esnek bir yap\u0131\u015ft\u0131r\u0131c\u0131d\u0131r. \u00dcR\u00dcN KODU B\u0130R\u0130M Tip A\u011f\u0131rl\u0131k (gr) Paketleme Bilgisi Miktar En Boy Y\u00fckseklik Net A\u011f\u0131rl\u0131k Br\u00fct A\u011f\u0131rl\u0131k 03.01.02.00.00020 AD Herk\u00fcl 412 20 1 0 0 0 0 0 03.01.02.00.00020 PK Herk\u00fcl 412 20 50 0 0 0 0 0 03.01.02.00.00020 KL Herk\u00fcl 412 20 500 0 0 0 0 0 &nbsp;<\/p>\n","protected":false},"featured_media":24721,"comment_status":"open","ping_status":"closed","template":"","meta":[],"product_brand":[],"product_cat":[15,72,88,253],"product_tag":[],"class_list":{"0":"post-24718","1":"product","2":"type-product","3":"status-publish","4":"has-post-thumbnail","6":"product_cat-genel","7":"product_cat-hirdavat","8":"product_cat-yapistirici-ve-bantlar","9":"product_cat-yapistiricilar","11":"first","12":"instock","13":"shipping-taxable","14":"product-type-simple"},"_links":{"self":[{"href":"http:\/\/basakcilastik.com.tr\/index.php?rest_route=\/wp\/v2\/product\/24718","targetHints":{"allow":["GET"]}}],"collection":[{"href":"http:\/\/basakcilastik.com.tr\/index.php?rest_route=\/wp\/v2\/product"}],"about":[{"href":"http:\/\/basakcilastik.com.tr\/index.php?rest_route=\/wp\/v2\/types\/product"}],"replies":[{"embeddable":true,"href":"http:\/\/basakcilastik.com.tr\/index.php?rest_route=%2Fwp%2Fv2%2Fcomments&post=24718"}],"wp:featuredmedia":[{"embeddable":true,"href":"http:\/\/basakcilastik.com.tr\/index.php?rest_route=\/wp\/v2\/media\/24721"}],"wp:attachment":[{"href":"http:\/\/basakcilastik.com.tr\/index.php?rest_route=%2Fwp%2Fv2%2Fmedia&parent=24718"}],"wp:term":[{"taxonomy":"product_brand","embeddable":true,"href":"http:\/\/basakcilastik.com.tr\/index.php?rest_route=%2Fwp%2Fv2%2Fproduct_brand&post=24718"},{"taxonomy":"product_cat","embeddable":true,"href":"http:\/\/basakcilastik.com.tr\/index.php?rest_route=%2Fwp%2Fv2%2Fproduct_cat&post=24718"},{"taxonomy":"product_tag","embeddable":true,"href":"http:\/\/basakcilastik.com.tr\/index.php?rest_route=%2Fwp%2Fv2%2Fproduct_tag&post=24718"}],"curies":[{"name":"wp","href":"https:\/\/api.w.org\/{rel}","templated":true}]}}