{"id":24716,"date":"2020-08-28T13:53:56","date_gmt":"2020-08-28T13:53:56","guid":{"rendered":"https:\/\/basakcilastik.com.tr\/?post_type=product&#038;p=24716"},"modified":"2020-08-28T13:53:58","modified_gmt":"2020-08-28T13:53:58","slug":"daksil","status":"publish","type":"product","link":"http:\/\/basakcilastik.com.tr\/?product=daksil","title":{"rendered":"Daksil"},"content":{"rendered":"<p>Dolmakalem,t\u00fckenmez kalem ve bunlara benzer kalem \u00e7e\u015fitleri ile yaz\u0131lan yaz\u0131larda hatalar\u0131n d\u00fczeltilmesi i\u00e7in kullan\u0131l\u0131r. Mermer vb. \u00fcr\u00fcnlerin \u00fczerine de yaz\u0131labilir.<\/p>\n<table width=\"100%\">\n<thead>\n<tr>\n<td><strong>\u00dcR\u00dcN KODU<\/strong><\/td>\n<td><strong>B\u0130R\u0130M<\/strong><\/td>\n<td><strong>Tip<\/strong><\/td>\n<td><strong>A\u011f\u0131rl\u0131k (gr)<\/strong><\/td>\n<td><strong>Paketleme Bilgisi Miktar<\/strong><\/td>\n<td><strong>En<\/strong><\/td>\n<td><strong>Boy<\/strong><\/td>\n<td><strong>Y\u00fckseklik<\/strong><\/td>\n<td><strong>Net A\u011f\u0131rl\u0131k<\/strong><\/td>\n<td><strong>Br\u00fct A\u011f\u0131rl\u0131k<\/strong><\/td>\n<\/tr>\n<\/thead>\n<tbody>\n<tr>\n<td>03.09.01.00.00007<\/td>\n<td>AD<\/td>\n<td>Herk\u00fcl Daksil<\/td>\n<td>7<\/td>\n<td>1<\/td>\n<td>0<\/td>\n<td>0<\/td>\n<td>0<\/td>\n<td>0<\/td>\n<td>0<\/td>\n<\/tr>\n<tr>\n<td>03.09.01.00.00007<\/td>\n<td>PK<\/td>\n<td>Herk\u00fcl Daksil<\/td>\n<td>7<\/td>\n<td>24<\/td>\n<td>0<\/td>\n<td>0<\/td>\n<td>0<\/td>\n<td>0<\/td>\n<td>0<\/td>\n<\/tr>\n<tr>\n<td>03.09.01.00.00007<\/td>\n<td>KL<\/td>\n<td>Herk\u00fcl Daksil<\/td>\n<td>7<\/td>\n<td>576<\/td>\n<td>31.9<\/td>\n<td>41<\/td>\n<td>30.8<\/td>\n<td>12<\/td>\n<td>14<\/td>\n<\/tr>\n<\/tbody>\n<\/table>\n<p>&nbsp;<\/p>\n","protected":false},"excerpt":{"rendered":"<p>Dolmakalem,t\u00fckenmez kalem ve bunlara benzer kalem \u00e7e\u015fitleri ile yaz\u0131lan yaz\u0131larda hatalar\u0131n d\u00fczeltilmesi i\u00e7in kullan\u0131l\u0131r. Mermer vb. \u00fcr\u00fcnlerin \u00fczerine de yaz\u0131labilir. \u00dcR\u00dcN KODU B\u0130R\u0130M Tip A\u011f\u0131rl\u0131k (gr) Paketleme Bilgisi Miktar En Boy Y\u00fckseklik Net A\u011f\u0131rl\u0131k Br\u00fct A\u011f\u0131rl\u0131k 03.09.01.00.00007 AD Herk\u00fcl Daksil 7 1 0 0 0 0 0 03.09.01.00.00007 PK Herk\u00fcl Daksil 7 24 0 0 0 0 0 03.09.01.00.00007 KL [&hellip;]<\/p>\n","protected":false},"featured_media":24719,"comment_status":"open","ping_status":"closed","template":"","meta":[],"product_brand":[],"product_cat":[15,72,88,253],"product_tag":[],"class_list":{"0":"post-24716","1":"product","2":"type-product","3":"status-publish","4":"has-post-thumbnail","6":"product_cat-genel","7":"product_cat-hirdavat","8":"product_cat-yapistirici-ve-bantlar","9":"product_cat-yapistiricilar","11":"first","12":"instock","13":"shipping-taxable","14":"product-type-simple"},"_links":{"self":[{"href":"http:\/\/basakcilastik.com.tr\/index.php?rest_route=\/wp\/v2\/product\/24716","targetHints":{"allow":["GET"]}}],"collection":[{"href":"http:\/\/basakcilastik.com.tr\/index.php?rest_route=\/wp\/v2\/product"}],"about":[{"href":"http:\/\/basakcilastik.com.tr\/index.php?rest_route=\/wp\/v2\/types\/product"}],"replies":[{"embeddable":true,"href":"http:\/\/basakcilastik.com.tr\/index.php?rest_route=%2Fwp%2Fv2%2Fcomments&post=24716"}],"wp:featuredmedia":[{"embeddable":true,"href":"http:\/\/basakcilastik.com.tr\/index.php?rest_route=\/wp\/v2\/media\/24719"}],"wp:attachment":[{"href":"http:\/\/basakcilastik.com.tr\/index.php?rest_route=%2Fwp%2Fv2%2Fmedia&parent=24716"}],"wp:term":[{"taxonomy":"product_brand","embeddable":true,"href":"http:\/\/basakcilastik.com.tr\/index.php?rest_route=%2Fwp%2Fv2%2Fproduct_brand&post=24716"},{"taxonomy":"product_cat","embeddable":true,"href":"http:\/\/basakcilastik.com.tr\/index.php?rest_route=%2Fwp%2Fv2%2Fproduct_cat&post=24716"},{"taxonomy":"product_tag","embeddable":true,"href":"http:\/\/basakcilastik.com.tr\/index.php?rest_route=%2Fwp%2Fv2%2Fproduct_tag&post=24716"}],"curies":[{"name":"wp","href":"https:\/\/api.w.org\/{rel}","templated":true}]}}