{"id":24704,"date":"2020-08-28T13:43:38","date_gmt":"2020-08-28T13:43:38","guid":{"rendered":"https:\/\/basakcilastik.com.tr\/?post_type=product&#038;p=24704"},"modified":"2020-08-28T13:43:40","modified_gmt":"2020-08-28T13:43:40","slug":"yekpare-silikon-tabancasi","status":"publish","type":"product","link":"http:\/\/basakcilastik.com.tr\/?product=yekpare-silikon-tabancasi","title":{"rendered":"Yekpare Silikon Tabancas\u0131"},"content":{"rendered":"<p><strong>Yekpare Silikon Tabancas\u0131<\/strong><\/p>\n<table width=\"228\">\n<tbody>\n<tr>\n<td><strong>C\u0130NS\u0130<\/strong><\/td>\n<td><strong>KOD<\/strong><\/td>\n<td><strong>KOL\u0130<\/strong><\/td>\n<\/tr>\n<tr>\n<td>D\u00fcz<\/td>\n<td>EYT 333<\/td>\n<td>48<\/td>\n<\/tr>\n<tr>\n<td>Kancal\u0131<\/td>\n<td>EYT 338<\/td>\n<td>48<\/td>\n<\/tr>\n<\/tbody>\n<\/table>\n<p>&nbsp;<\/p>\n","protected":false},"excerpt":{"rendered":"<p>Yekpare Silikon Tabancas\u0131 C\u0130NS\u0130 KOD KOL\u0130 D\u00fcz EYT 333 48 Kancal\u0131 EYT 338 48 &nbsp;<\/p>\n","protected":false},"featured_media":24707,"comment_status":"open","ping_status":"closed","template":"","meta":[],"product_brand":[],"product_cat":[15,72,251,88],"product_tag":[],"class_list":{"0":"post-24704","1":"product","2":"type-product","3":"status-publish","4":"has-post-thumbnail","6":"product_cat-genel","7":"product_cat-hirdavat","8":"product_cat-silikon-ve-diger-tabancalar","9":"product_cat-yapistirici-ve-bantlar","11":"first","12":"instock","13":"shipping-taxable","14":"product-type-simple"},"_links":{"self":[{"href":"http:\/\/basakcilastik.com.tr\/index.php?rest_route=\/wp\/v2\/product\/24704","targetHints":{"allow":["GET"]}}],"collection":[{"href":"http:\/\/basakcilastik.com.tr\/index.php?rest_route=\/wp\/v2\/product"}],"about":[{"href":"http:\/\/basakcilastik.com.tr\/index.php?rest_route=\/wp\/v2\/types\/product"}],"replies":[{"embeddable":true,"href":"http:\/\/basakcilastik.com.tr\/index.php?rest_route=%2Fwp%2Fv2%2Fcomments&post=24704"}],"wp:featuredmedia":[{"embeddable":true,"href":"http:\/\/basakcilastik.com.tr\/index.php?rest_route=\/wp\/v2\/media\/24707"}],"wp:attachment":[{"href":"http:\/\/basakcilastik.com.tr\/index.php?rest_route=%2Fwp%2Fv2%2Fmedia&parent=24704"}],"wp:term":[{"taxonomy":"product_brand","embeddable":true,"href":"http:\/\/basakcilastik.com.tr\/index.php?rest_route=%2Fwp%2Fv2%2Fproduct_brand&post=24704"},{"taxonomy":"product_cat","embeddable":true,"href":"http:\/\/basakcilastik.com.tr\/index.php?rest_route=%2Fwp%2Fv2%2Fproduct_cat&post=24704"},{"taxonomy":"product_tag","embeddable":true,"href":"http:\/\/basakcilastik.com.tr\/index.php?rest_route=%2Fwp%2Fv2%2Fproduct_tag&post=24704"}],"curies":[{"name":"wp","href":"https:\/\/api.w.org\/{rel}","templated":true}]}}