{"id":24700,"date":"2020-08-28T13:30:41","date_gmt":"2020-08-28T13:30:41","guid":{"rendered":"https:\/\/basakcilastik.com.tr\/?post_type=product&#038;p=24700"},"modified":"2020-08-28T13:30:45","modified_gmt":"2020-08-28T13:30:45","slug":"sosis-tabancalari","status":"publish","type":"product","link":"http:\/\/basakcilastik.com.tr\/?product=sosis-tabancalari","title":{"rendered":"SOS\u0130S TABANCALARI"},"content":{"rendered":"<p>Beton kesildikten sonra aralar\u0131 doldurmak, kimyasal s\u0131kmak i\u00e7in kullan\u0131lan pratik bir el aletidir.<\/p>\n<table width=\"100%\">\n<thead>\n<tr>\n<td><strong>\u00dcR\u00dcN KODU<\/strong><\/td>\n<td><strong>B\u0130R\u0130M<\/strong><\/td>\n<td><strong>\u00d6zellikler<\/strong><\/td>\n<td><strong>Paketleme Bilgisi Miktar<\/strong><\/td>\n<td><strong>En<\/strong><\/td>\n<td><strong>Boy<\/strong><\/td>\n<td><strong>Y\u00fckseklik<\/strong><\/td>\n<td><strong>Net A\u011f\u0131rl\u0131k<\/strong><\/td>\n<td><strong>Br\u00fct A\u011f\u0131rl\u0131k<\/strong><\/td>\n<\/tr>\n<\/thead>\n<tbody>\n<tr>\n<td>09.13.01.04.00009<\/td>\n<td>AD<\/td>\n<td>PLAST\u0130K S 9 400mm<\/td>\n<td>1<\/td>\n<td>0<\/td>\n<td>0<\/td>\n<td>0<\/td>\n<td>0<\/td>\n<td>0<\/td>\n<\/tr>\n<tr>\n<td>09.13.01.04.00009<\/td>\n<td>PK<\/td>\n<td>PLAST\u0130K S 9 400mm<\/td>\n<td>1<\/td>\n<td>0<\/td>\n<td>0<\/td>\n<td>0<\/td>\n<td>0<\/td>\n<td>0<\/td>\n<\/tr>\n<tr>\n<td>09.13.01.04.00009<\/td>\n<td>KL<\/td>\n<td>PLAST\u0130K S 9 400mm<\/td>\n<td>1<\/td>\n<td>0<\/td>\n<td>0<\/td>\n<td>0<\/td>\n<td>0<\/td>\n<td>0<\/td>\n<\/tr>\n<tr>\n<td>09.13.01.04.00015<\/td>\n<td>AD<\/td>\n<td>PLAST\u0130K S 15 600mm<\/td>\n<td>1<\/td>\n<td>0<\/td>\n<td>0<\/td>\n<td>0<\/td>\n<td>0<\/td>\n<td>0<\/td>\n<\/tr>\n<tr>\n<td>09.13.01.04.00015<\/td>\n<td>PK<\/td>\n<td>PLAST\u0130K S 15 600mm<\/td>\n<td>1<\/td>\n<td>0<\/td>\n<td>0<\/td>\n<td>0<\/td>\n<td>0<\/td>\n<td>0<\/td>\n<\/tr>\n<tr>\n<td>09.13.01.04.00015<\/td>\n<td>KL<\/td>\n<td>PLAST\u0130K S 15 600mm<\/td>\n<td>1<\/td>\n<td>0<\/td>\n<td>0<\/td>\n<td>0<\/td>\n<td>0<\/td>\n<td>0<\/td>\n<\/tr>\n<tr>\n<td>09.13.01.04.00109<\/td>\n<td>AD<\/td>\n<td>METAL S 9 400mm<\/td>\n<td>1<\/td>\n<td>0<\/td>\n<td>0<\/td>\n<td>0<\/td>\n<td>0<\/td>\n<td>0<\/td>\n<\/tr>\n<tr>\n<td>09.13.01.04.00109<\/td>\n<td>PK<\/td>\n<td>METAL S 9 400mm<\/td>\n<td>1<\/td>\n<td>0<\/td>\n<td>0<\/td>\n<td>0<\/td>\n<td>0<\/td>\n<td>0<\/td>\n<\/tr>\n<tr>\n<td>09.13.01.04.00109<\/td>\n<td>KL<\/td>\n<td>METAL S 9 400mm<\/td>\n<td>12<\/td>\n<td>0<\/td>\n<td>0<\/td>\n<td>0<\/td>\n<td>0<\/td>\n<td>0<\/td>\n<\/tr>\n<tr>\n<td>09.13.01.04.00115<\/td>\n<td>AD<\/td>\n<td>METAL S 15 600mm<\/td>\n<td>1<\/td>\n<td>0<\/td>\n<td>0<\/td>\n<td>0<\/td>\n<td>0<\/td>\n<td>0<\/td>\n<\/tr>\n<tr>\n<td>09.13.01.04.00115<\/td>\n<td>PK<\/td>\n<td>METAL S 15 600mm<\/td>\n<td>1<\/td>\n<td>0<\/td>\n<td>0<\/td>\n<td>0<\/td>\n<td>0<\/td>\n<td>0<\/td>\n<\/tr>\n<tr>\n<td>09.13.01.04.00115<\/td>\n<td>KL<\/td>\n<td>METAL S 15 600mm<\/td>\n<td>1<\/td>\n<td>0<\/td>\n<td>0<\/td>\n<td>0<\/td>\n<td>0<\/td>\n<td>0<\/td>\n<\/tr>\n<\/tbody>\n<\/table>\n<p>&nbsp;<\/p>\n","protected":false},"excerpt":{"rendered":"<p>Beton kesildikten sonra aralar\u0131 doldurmak, kimyasal s\u0131kmak i\u00e7in kullan\u0131lan pratik bir el aletidir. \u00dcR\u00dcN KODU B\u0130R\u0130M \u00d6zellikler Paketleme Bilgisi Miktar En Boy Y\u00fckseklik Net A\u011f\u0131rl\u0131k Br\u00fct A\u011f\u0131rl\u0131k 09.13.01.04.00009 AD PLAST\u0130K S 9 400mm 1 0 0 0 0 0 09.13.01.04.00009 PK PLAST\u0130K S 9 400mm 1 0 0 0 0 0 09.13.01.04.00009 KL PLAST\u0130K S 9 400mm 1 0 0 [&hellip;]<\/p>\n","protected":false},"featured_media":24703,"comment_status":"open","ping_status":"closed","template":"","meta":[],"product_brand":[],"product_cat":[15,72,251,88],"product_tag":[],"class_list":{"0":"post-24700","1":"product","2":"type-product","3":"status-publish","4":"has-post-thumbnail","6":"product_cat-genel","7":"product_cat-hirdavat","8":"product_cat-silikon-ve-diger-tabancalar","9":"product_cat-yapistirici-ve-bantlar","11":"first","12":"instock","13":"shipping-taxable","14":"product-type-simple"},"_links":{"self":[{"href":"http:\/\/basakcilastik.com.tr\/index.php?rest_route=\/wp\/v2\/product\/24700","targetHints":{"allow":["GET"]}}],"collection":[{"href":"http:\/\/basakcilastik.com.tr\/index.php?rest_route=\/wp\/v2\/product"}],"about":[{"href":"http:\/\/basakcilastik.com.tr\/index.php?rest_route=\/wp\/v2\/types\/product"}],"replies":[{"embeddable":true,"href":"http:\/\/basakcilastik.com.tr\/index.php?rest_route=%2Fwp%2Fv2%2Fcomments&post=24700"}],"wp:featuredmedia":[{"embeddable":true,"href":"http:\/\/basakcilastik.com.tr\/index.php?rest_route=\/wp\/v2\/media\/24703"}],"wp:attachment":[{"href":"http:\/\/basakcilastik.com.tr\/index.php?rest_route=%2Fwp%2Fv2%2Fmedia&parent=24700"}],"wp:term":[{"taxonomy":"product_brand","embeddable":true,"href":"http:\/\/basakcilastik.com.tr\/index.php?rest_route=%2Fwp%2Fv2%2Fproduct_brand&post=24700"},{"taxonomy":"product_cat","embeddable":true,"href":"http:\/\/basakcilastik.com.tr\/index.php?rest_route=%2Fwp%2Fv2%2Fproduct_cat&post=24700"},{"taxonomy":"product_tag","embeddable":true,"href":"http:\/\/basakcilastik.com.tr\/index.php?rest_route=%2Fwp%2Fv2%2Fproduct_tag&post=24700"}],"curies":[{"name":"wp","href":"https:\/\/api.w.org\/{rel}","templated":true}]}}